{"id":34805,"date":"2026-02-27T00:27:15","date_gmt":"2026-02-27T00:27:15","guid":{"rendered":"https:\/\/nordicmart.andreevmaster.com\/product\/vasagle-senkki-keittion-kaappi-sailytyskaappi\/"},"modified":"2026-02-27T09:46:26","modified_gmt":"2026-02-27T09:46:26","slug":"vasagle-senkki-keittion-kaappi-sailytyskaappi","status":"publish","type":"product","link":"https:\/\/nordicmart.andreevmaster.com\/fi\/tuote\/vasagle-senkki-keittion-kaappi-sailytyskaappi\/","title":{"rendered":"VASAGLE senkki, keitti\u00f6n kaappi, s\u00e4ilytyskaappi"},"content":{"rendered":"<p>Tuotetiedot: &#8211; V\u00e4ri: Vintage-ruskea-musta &#8211; Materiaali: lastulevy, ter\u00e4s &#8211; Koko: 100 x 33 x 80 cm (P x L x K) &#8211; Paino: 25,9 kg &#8211; Pinnan maks. staattinen kantavuus: 30 kg &#8211; Avoimen v\u00e4litason maks. staattinen kantavuus: 15 kg &#8211; Sis\u00e4hyllyn maks. staattinen kantavuus: 15 kg Toimitus sis\u00e4lt\u00e4\u00e4:- 1 x s\u00e4ilytyskaappi &#8211; 1 x lis\u00e4varustepaketti &#8211; 1 x kaatumissuoja &#8211; 1 x ohjeet (DE, EN, ES, FR, IT) VASAGLE-ohjeet: &#8211; Turvallisuussyist\u00e4 lapset eiv\u00e4t saa kiivet\u00e4 tuotteelle tai leikki\u00e4 sill\u00e4. &#8211; Kiinnit\u00e4 t\u00e4m\u00e4 tuote sein\u00e4\u00e4n mukana toimitetulla kaatumissuojalla kaatumisen est\u00e4miseksi.<\/p>\n","protected":false},"excerpt":{"rendered":"<p>Senkkikaappi, keitti\u00f6kaappi, s\u00e4ilytyskaappi, 2 liukuovea, 33 x 100 x 80 cm, s\u00e4\u00e4dett\u00e4v\u00e4t hyllyt, turkoosiruskea-mustanmusta<\/p>\n","protected":false},"featured_media":43439,"comment_status":"open","ping_status":"closed","template":"","meta":[],"product_brand":[],"product_cat":[32],"product_tag":[],"class_list":{"0":"post-34805","1":"product","2":"type-product","3":"status-publish","4":"has-post-thumbnail","6":"product_cat-uncategorized-fi","8":"first","9":"instock","10":"shipping-taxable","11":"purchasable","12":"product-type-simple"},"_links":{"self":[{"href":"https:\/\/nordicmart.andreevmaster.com\/fi\/wp-json\/wp\/v2\/product\/34805","targetHints":{"allow":["GET"]}}],"collection":[{"href":"https:\/\/nordicmart.andreevmaster.com\/fi\/wp-json\/wp\/v2\/product"}],"about":[{"href":"https:\/\/nordicmart.andreevmaster.com\/fi\/wp-json\/wp\/v2\/types\/product"}],"replies":[{"embeddable":true,"href":"https:\/\/nordicmart.andreevmaster.com\/fi\/wp-json\/wp\/v2\/comments?post=34805"}],"wp:featuredmedia":[{"embeddable":true,"href":"https:\/\/nordicmart.andreevmaster.com\/fi\/wp-json\/wp\/v2\/media\/43439"}],"wp:attachment":[{"href":"https:\/\/nordicmart.andreevmaster.com\/fi\/wp-json\/wp\/v2\/media?parent=34805"}],"wp:term":[{"taxonomy":"product_brand","embeddable":true,"href":"https:\/\/nordicmart.andreevmaster.com\/fi\/wp-json\/wp\/v2\/product_brand?post=34805"},{"taxonomy":"product_cat","embeddable":true,"href":"https:\/\/nordicmart.andreevmaster.com\/fi\/wp-json\/wp\/v2\/product_cat?post=34805"},{"taxonomy":"product_tag","embeddable":true,"href":"https:\/\/nordicmart.andreevmaster.com\/fi\/wp-json\/wp\/v2\/product_tag?post=34805"}],"curies":[{"name":"wp","href":"https:\/\/api.w.org\/{rel}","templated":true}]}}