{"id":34802,"date":"2026-02-27T00:27:15","date_gmt":"2026-02-27T00:27:15","guid":{"rendered":"https:\/\/nordicmart.andreevmaster.com\/product\/vasagle-monitoiminen-arkku-teollinen-tyyli\/"},"modified":"2026-02-27T09:46:25","modified_gmt":"2026-02-27T09:46:25","slug":"vasagle-monitoiminen-arkku-teollinen-tyyli","status":"publish","type":"product","link":"https:\/\/nordicmart.andreevmaster.com\/fi\/tuote\/vasagle-monitoiminen-arkku-teollinen-tyyli\/","title":{"rendered":"VASAGLE Monitoiminen arkku Teollinen tyyli"},"content":{"rendered":"<p>Penkkiin k\u00e4ytetyt materiaalit (kangasverhoilu, vaahtomuovi) ovat l\u00e4p\u00e4isseet T\u00dcV Rheinlandin palotestin: &#8211; Kangasverhoilu: T\u00dcV Rheinland, raportin numero 1160053083a001, testattu Ison-Britannian vuoden 1988 huonekaluja ja sisustustuotteita koskevien m\u00e4\u00e4r\u00e4ysten (paloturvallisuus) mukaisesti (turvallisuus). &#8211; Vaahto: T\u00dcV Rheinland, raportin nro 018010100351a001, testattu Ison-Britannian vuoden 1988 huonekaluja ja sisustustuotteita koskevien m\u00e4\u00e4r\u00e4ysten (paloturvallisuus) mukaisesti (turvallisuus). Ominaisuudet: &#8211; V\u00e4ri: Rustiikkinen ruskea, musta &#8211; Materiaalit: Lastulevy, rauta, PU, vaahtomuovi &#8211; Mitat: 80 x 40 x 50 cm (P x L x K) &#8211; Paino: 16,9 kg &#8211; Penkin suurin staattinen kantavuus: 90 kg &#8211; S\u00e4ilytystilan suurin staattinen kantavuus: 20 kg Toimitus:- 1 x s\u00e4ilytyspenkki &#8211; 1 x asennussarja &#8211; 1 x k\u00e4ytt\u00f6ohje (FR, DE, EN, ES, IT) VASAGLE:n varotoimet: &#8211; Turvallisuussyist\u00e4 lapset eiv\u00e4t saa kiivet\u00e4 tuotteelle tai leikki\u00e4 sill\u00e4. &#8211; Penkkiin suurin staattinen kantavuus on 90 kg. \u00c4l\u00e4 ylit\u00e4 t\u00e4t\u00e4 rajaa.<\/p>\n","protected":false},"excerpt":{"rendered":"<p>VASAGLE penkki s\u00e4ilytystilalla, pehmustettu arkku, s\u00e4ngynarkku, eteinen, makuuhuone, olohuone, metalli, helppo koota, teollinen muotoilu, musta keinonahka, vintage, tummanruskea LSC80BX<\/p>\n","protected":false},"featured_media":43436,"comment_status":"open","ping_status":"closed","template":"","meta":[],"product_brand":[],"product_cat":[32],"product_tag":[],"class_list":{"0":"post-34802","1":"product","2":"type-product","3":"status-publish","4":"has-post-thumbnail","6":"product_cat-uncategorized-fi","8":"first","9":"instock","10":"shipping-taxable","11":"purchasable","12":"product-type-simple"},"_links":{"self":[{"href":"https:\/\/nordicmart.andreevmaster.com\/fi\/wp-json\/wp\/v2\/product\/34802","targetHints":{"allow":["GET"]}}],"collection":[{"href":"https:\/\/nordicmart.andreevmaster.com\/fi\/wp-json\/wp\/v2\/product"}],"about":[{"href":"https:\/\/nordicmart.andreevmaster.com\/fi\/wp-json\/wp\/v2\/types\/product"}],"replies":[{"embeddable":true,"href":"https:\/\/nordicmart.andreevmaster.com\/fi\/wp-json\/wp\/v2\/comments?post=34802"}],"wp:featuredmedia":[{"embeddable":true,"href":"https:\/\/nordicmart.andreevmaster.com\/fi\/wp-json\/wp\/v2\/media\/43436"}],"wp:attachment":[{"href":"https:\/\/nordicmart.andreevmaster.com\/fi\/wp-json\/wp\/v2\/media?parent=34802"}],"wp:term":[{"taxonomy":"product_brand","embeddable":true,"href":"https:\/\/nordicmart.andreevmaster.com\/fi\/wp-json\/wp\/v2\/product_brand?post=34802"},{"taxonomy":"product_cat","embeddable":true,"href":"https:\/\/nordicmart.andreevmaster.com\/fi\/wp-json\/wp\/v2\/product_cat?post=34802"},{"taxonomy":"product_tag","embeddable":true,"href":"https:\/\/nordicmart.andreevmaster.com\/fi\/wp-json\/wp\/v2\/product_tag?post=34802"}],"curies":[{"name":"wp","href":"https:\/\/api.w.org\/{rel}","templated":true}]}}