{"id":34799,"date":"2026-02-27T00:27:14","date_gmt":"2026-02-27T00:27:14","guid":{"rendered":"https:\/\/nordicmart.andreevmaster.com\/product\/vasagle-keittionkaappi-hyllylla-ja-lamelliovilla\/"},"modified":"2026-02-27T09:46:25","modified_gmt":"2026-02-27T09:46:25","slug":"vasagle-keittionkaappi-hyllylla-ja-lamelliovilla","status":"publish","type":"product","link":"https:\/\/nordicmart.andreevmaster.com\/fi\/tuote\/vasagle-keittionkaappi-hyllylla-ja-lamelliovilla\/","title":{"rendered":"VASAGLE keitti\u00f6nkaappi hyllyll\u00e4 ja lamelliovilla"},"content":{"rendered":"<p>Tuotetiedot: V\u00e4ri: vintage-ruskea-musta Materiaali: lastulevy, ter\u00e4s Koko: 70 x 30 x 80 cm (P x L x K) Paino: 15,5 kg Maks. staattinen kantavuus: Pinta: 20 kg Hyllyk\u00f6t: 10 kg Toimitus sis\u00e4lt\u00e4\u00e4: 1 x sivukaappi lamelliovilla 1 x asennustarvikkeet 1 x kaatumissuoja 1 x ohjeet (DE, EN, ES, FR, IT) VASAGLE Huomautukset: Turvallisuussyist\u00e4 lapset eiv\u00e4t saa kiivet\u00e4 tuotteelle tai leikki\u00e4 sill\u00e4.Kiinnit\u00e4 t\u00e4m\u00e4 tuote sein\u00e4\u00e4n mukana toimitetulla kaatumissuojalla turvallisen k\u00e4yt\u00f6n varmistamiseksi.<\/p>\n","protected":false},"excerpt":{"rendered":"<p>VASAGLE Senkki, lipasto, keitti\u00f6n kaappi hyllyll\u00e4 ja lamelliovilla, kylpyhuoneen kaappi, monik\u00e4ytt\u00f6inen, olohuone, makuuhuone, eteinen, keitti\u00f6, teollinen muotoilu, vintage-ruskea-musta LSC77BX<\/p>\n","protected":false},"featured_media":43433,"comment_status":"open","ping_status":"closed","template":"","meta":[],"product_brand":[],"product_cat":[32],"product_tag":[],"class_list":{"0":"post-34799","1":"product","2":"type-product","3":"status-publish","4":"has-post-thumbnail","6":"product_cat-uncategorized-fi","8":"first","9":"instock","10":"shipping-taxable","11":"purchasable","12":"product-type-simple"},"_links":{"self":[{"href":"https:\/\/nordicmart.andreevmaster.com\/fi\/wp-json\/wp\/v2\/product\/34799","targetHints":{"allow":["GET"]}}],"collection":[{"href":"https:\/\/nordicmart.andreevmaster.com\/fi\/wp-json\/wp\/v2\/product"}],"about":[{"href":"https:\/\/nordicmart.andreevmaster.com\/fi\/wp-json\/wp\/v2\/types\/product"}],"replies":[{"embeddable":true,"href":"https:\/\/nordicmart.andreevmaster.com\/fi\/wp-json\/wp\/v2\/comments?post=34799"}],"wp:featuredmedia":[{"embeddable":true,"href":"https:\/\/nordicmart.andreevmaster.com\/fi\/wp-json\/wp\/v2\/media\/43433"}],"wp:attachment":[{"href":"https:\/\/nordicmart.andreevmaster.com\/fi\/wp-json\/wp\/v2\/media?parent=34799"}],"wp:term":[{"taxonomy":"product_brand","embeddable":true,"href":"https:\/\/nordicmart.andreevmaster.com\/fi\/wp-json\/wp\/v2\/product_brand?post=34799"},{"taxonomy":"product_cat","embeddable":true,"href":"https:\/\/nordicmart.andreevmaster.com\/fi\/wp-json\/wp\/v2\/product_cat?post=34799"},{"taxonomy":"product_tag","embeddable":true,"href":"https:\/\/nordicmart.andreevmaster.com\/fi\/wp-json\/wp\/v2\/product_tag?post=34799"}],"curies":[{"name":"wp","href":"https:\/\/api.w.org\/{rel}","templated":true}]}}