{"id":34798,"date":"2026-02-27T00:27:14","date_gmt":"2026-02-27T00:27:14","guid":{"rendered":"https:\/\/nordicmart.andreevmaster.com\/product\/vasagle-teollisuustyylinen-sivupoyta-lamelliovilla\/"},"modified":"2026-02-27T09:46:25","modified_gmt":"2026-02-27T09:46:25","slug":"vasagle-teollisuustyylinen-sivupoyta-lamelliovilla","status":"publish","type":"product","link":"https:\/\/nordicmart.andreevmaster.com\/fi\/tuote\/vasagle-teollisuustyylinen-sivupoyta-lamelliovilla\/","title":{"rendered":"VASAGLE Teollisuustyylinen sivup\u00f6yt\u00e4 lamelliovilla"},"content":{"rendered":"<p>Tuotetiedot: &#8211; V\u00e4ri: vintage\/tummanruskea &#8211; Materiaali: lastulevy, rauta &#8211; Koko: 70 x 30 x 80 cm (P x L x K) &#8211; Paino: 16,2 kg &#8211; Maks. staattinen kantavuus: Pinta: 30 kg Avoin lokero: 25 kg Sis\u00e4puolella oleva hylly: 10 kg Hyllyjen lukum\u00e4\u00e4r\u00e4: 1 (s\u00e4\u00e4dett\u00e4viss\u00e4 3 eri korkeuteen) Toimitus sis\u00e4lt\u00e4\u00e4: &#8211; 1 x sivukaappi lamelliovilla &#8211; 1 x asennustarvikkeet &#8211; 1 x ohjeet (DE, EN, ES, FR, IT) VASAGLE Huomautukset:- Sijoita tuote siten, ett\u00e4 se ei ole alttiina l\u00e4mm\u00f6nl\u00e4hteille, suoralle auringonvalolle tai kosteudelle.<\/p>\n","protected":false},"excerpt":{"rendered":"<p>VASAGLE lipasto, senkki, keitti\u00f6n kaappi hyllyll\u00e4 ja lamelliovilla, monik\u00e4ytt\u00f6inen, olohuone, makuuhuone, eteinen, teollinen muotoilu, vintage, tummanruskea LSC76BX<\/p>\n","protected":false},"featured_media":43432,"comment_status":"open","ping_status":"closed","template":"","meta":[],"product_brand":[],"product_cat":[32],"product_tag":[],"class_list":{"0":"post-34798","1":"product","2":"type-product","3":"status-publish","4":"has-post-thumbnail","6":"product_cat-uncategorized-fi","8":"first","9":"instock","10":"shipping-taxable","11":"purchasable","12":"product-type-simple"},"_links":{"self":[{"href":"https:\/\/nordicmart.andreevmaster.com\/fi\/wp-json\/wp\/v2\/product\/34798","targetHints":{"allow":["GET"]}}],"collection":[{"href":"https:\/\/nordicmart.andreevmaster.com\/fi\/wp-json\/wp\/v2\/product"}],"about":[{"href":"https:\/\/nordicmart.andreevmaster.com\/fi\/wp-json\/wp\/v2\/types\/product"}],"replies":[{"embeddable":true,"href":"https:\/\/nordicmart.andreevmaster.com\/fi\/wp-json\/wp\/v2\/comments?post=34798"}],"wp:featuredmedia":[{"embeddable":true,"href":"https:\/\/nordicmart.andreevmaster.com\/fi\/wp-json\/wp\/v2\/media\/43432"}],"wp:attachment":[{"href":"https:\/\/nordicmart.andreevmaster.com\/fi\/wp-json\/wp\/v2\/media?parent=34798"}],"wp:term":[{"taxonomy":"product_brand","embeddable":true,"href":"https:\/\/nordicmart.andreevmaster.com\/fi\/wp-json\/wp\/v2\/product_brand?post=34798"},{"taxonomy":"product_cat","embeddable":true,"href":"https:\/\/nordicmart.andreevmaster.com\/fi\/wp-json\/wp\/v2\/product_cat?post=34798"},{"taxonomy":"product_tag","embeddable":true,"href":"https:\/\/nordicmart.andreevmaster.com\/fi\/wp-json\/wp\/v2\/product_tag?post=34798"}],"curies":[{"name":"wp","href":"https:\/\/api.w.org\/{rel}","templated":true}]}}