{"id":34797,"date":"2026-02-27T00:27:13","date_gmt":"2026-02-27T00:27:13","guid":{"rendered":"https:\/\/nordicmart.andreevmaster.com\/product\/vasagle-teollisuustyylinen-hyllykko-lamelliovilla\/"},"modified":"2026-02-27T09:46:25","modified_gmt":"2026-02-27T09:46:25","slug":"vasagle-teollisuustyylinen-hyllykko-lamelliovilla","status":"publish","type":"product","link":"https:\/\/nordicmart.andreevmaster.com\/fi\/tuote\/vasagle-teollisuustyylinen-hyllykko-lamelliovilla\/","title":{"rendered":"VASAGLE Teollisuustyylinen hyllykk\u00f6 lamelliovilla"},"content":{"rendered":"<p>V\u00e4h\u00e4n vintagea t\u00e4\u00e4ll\u00e4, v\u00e4h\u00e4n teollista designia siell\u00e4 T\u00e4m\u00e4n olohuoneen kaapin tyyli\u00e4 voidaan kuvata yhdistelm\u00e4n\u00e4 ter\u00e4srungosta, jossa on trendik\u00e4s teollinen ilme, ja tarkasti valmistetuista vintage-levyist\u00e4 puumateriaalista. Erityisen vivahteen tuovat my\u00f6s ep\u00e4tavalliset lamelliovet, jotka her\u00e4tt\u00e4v\u00e4t uteliaisuutta siit\u00e4, mit\u00e4 niiden takana piilee. Tuloksena on yhten\u00e4inen kokonaisuus ja huonekalu, joka on sek\u00e4 kest\u00e4v\u00e4, n\u00e4ytt\u00e4v\u00e4 ett\u00e4 toimiva. Valmis suureen k\u00e4ytt\u00f6\u00f6n 70 x 30 x 121,5 cm (P x L x K) kokoinen huonekalu, jonka hyllytasot kest\u00e4v\u00e4t 20 kg:n painon, sopii seuraaviin k\u00e4ytt\u00f6tarkoituksiin: &#8211; Olohuone: T\u00e4ss\u00e4 tyylik\u00e4s kirjahylly tarjoaa n\u00e4ytt\u00e4v\u00e4 esittelytilaa kirjoille tai pienille koriste-esineille. Aseta lis\u00e4ksi ruukku, jossa kasvaa muratti, ja valokuvakehykset sile\u00e4lle vintage-pinnalle. &#8211; Keitti\u00f6\/ruokakomero: Jos keitti\u00f6ss\u00e4si ei ole tyypillisi\u00e4 sein\u00e4kaappeja, siin\u00e4 on varmasti viel\u00e4 tarpeeksi tilaa t\u00e4lle hyllylle. Sijoita hyllylle mausteet, astiat, s\u00e4ilykkeet tai keittokirjat. Monik\u00e4ytt\u00f6inen s\u00e4ilytyshylly tarjoaa my\u00f6s kellarissa tai ruokakomerossa runsaasti s\u00e4ilytystilaa keitti\u00f6tarvikkeille. &#8211; Ty\u00f6huone: Monipuolinen huonekalu auttaa my\u00f6s j\u00e4rjest\u00e4m\u00e4\u00e4n kotitoimiston tai ty\u00f6huoneen paperipinoja. Tuotetiedot: &#8211; V\u00e4ri: vintage-ruskea-musta &#8211; Materiaali: lastulevy, ter\u00e4s &#8211; Koko: 70 x 30 x 121,5 cm (P x L x K) &#8211; Paino: 19 kg &#8211; Maks. kantavuus: Ylin hylly: 20 kg Avoimet hyllytasot: kukin 20 kg Kaappi: 15 kg Toimitus sis\u00e4lt\u00e4\u00e4:- 1 x kirjahylly &#8211; 1 x s\u00e4ilytyslaatikko lis\u00e4varusteilla (sis\u00e4lt\u00e4\u00e4 asennusty\u00f6kalut) &#8211; 1 x ohjeet (DE, EN, FR, ES, IT) VASAGLE Huomautukset: &#8211; \u00c4l\u00e4 altista tuotetta suoralle auringonvalolle. Sit\u00e4 ei my\u00f6sk\u00e4\u00e4n tule sijoittaa kosteisiin tiloihin.<\/p>\n","protected":false},"excerpt":{"rendered":"<p>VASAGLE kirjahylly, kirjahylly 3 hyllyll\u00e4, 2 lamelliovella, olohuone, ty\u00f6huone, makuuhuone, 70 x 30 x 121,5 cm, teollinen muotoilu, vintage-ruskea-musta LSC75BX<\/p>\n","protected":false},"featured_media":43431,"comment_status":"open","ping_status":"closed","template":"","meta":[],"product_brand":[],"product_cat":[32],"product_tag":[],"class_list":{"0":"post-34797","1":"product","2":"type-product","3":"status-publish","4":"has-post-thumbnail","6":"product_cat-uncategorized-fi","8":"first","9":"instock","10":"shipping-taxable","11":"purchasable","12":"product-type-simple"},"_links":{"self":[{"href":"https:\/\/nordicmart.andreevmaster.com\/fi\/wp-json\/wp\/v2\/product\/34797","targetHints":{"allow":["GET"]}}],"collection":[{"href":"https:\/\/nordicmart.andreevmaster.com\/fi\/wp-json\/wp\/v2\/product"}],"about":[{"href":"https:\/\/nordicmart.andreevmaster.com\/fi\/wp-json\/wp\/v2\/types\/product"}],"replies":[{"embeddable":true,"href":"https:\/\/nordicmart.andreevmaster.com\/fi\/wp-json\/wp\/v2\/comments?post=34797"}],"wp:featuredmedia":[{"embeddable":true,"href":"https:\/\/nordicmart.andreevmaster.com\/fi\/wp-json\/wp\/v2\/media\/43431"}],"wp:attachment":[{"href":"https:\/\/nordicmart.andreevmaster.com\/fi\/wp-json\/wp\/v2\/media?parent=34797"}],"wp:term":[{"taxonomy":"product_brand","embeddable":true,"href":"https:\/\/nordicmart.andreevmaster.com\/fi\/wp-json\/wp\/v2\/product_brand?post=34797"},{"taxonomy":"product_cat","embeddable":true,"href":"https:\/\/nordicmart.andreevmaster.com\/fi\/wp-json\/wp\/v2\/product_cat?post=34797"},{"taxonomy":"product_tag","embeddable":true,"href":"https:\/\/nordicmart.andreevmaster.com\/fi\/wp-json\/wp\/v2\/product_tag?post=34797"}],"curies":[{"name":"wp","href":"https:\/\/api.w.org\/{rel}","templated":true}]}}