{"id":34795,"date":"2026-02-27T00:27:13","date_gmt":"2026-02-27T00:27:13","guid":{"rendered":"https:\/\/nordicmart.andreevmaster.com\/product\/vasagle-teollisuustyylinen-sivupoyta-lamelliluukku\/"},"modified":"2026-02-27T09:46:24","modified_gmt":"2026-02-27T09:46:24","slug":"vasagle-teollisuustyylinen-sivupoyta-lamelliluukku","status":"publish","type":"product","link":"https:\/\/nordicmart.andreevmaster.com\/fi\/tuote\/vasagle-teollisuustyylinen-sivupoyta-lamelliluukku\/","title":{"rendered":"VASAGLE Teollisuustyylinen sivup\u00f6yt\u00e4 Lamelliluukku"},"content":{"rendered":"<p>Hieman vintagea t\u00e4\u00e4ll\u00e4, hieman teollista designia siell\u00e4 T\u00e4m\u00e4n olohuoneen kaapin tyyli\u00e4 voidaan kuvata yhdistelm\u00e4n\u00e4 rautakehyksest\u00e4, jossa on trendik\u00e4s teollinen ilme, ja tarkasti valmistetuista vintage-levyist\u00e4 puumateriaalista. Erityisen vivahteen tuo my\u00f6s ep\u00e4tavallinen lamelliluukku, joka her\u00e4tt\u00e4\u00e4 uteliaisuuden sen takana piilev\u00e4\u00e4n. Tuloksena on yhten\u00e4inen kokonaisuus ja huonekalu, joka on sek\u00e4 kest\u00e4v\u00e4, n\u00e4ytt\u00e4v\u00e4 ett\u00e4 toimiva. Valmis suureen k\u00e4ytt\u00f6\u00f6n 70 x 30 x 81 cm (P x L x K) kokoinen huonekalu, jonka avoimet hyllytasot kest\u00e4v\u00e4t 20 kg:n painon, sopii seuraaviin k\u00e4ytt\u00f6tarkoituksiin: &#8211; Olohuone: T\u00e4ss\u00e4 kest\u00e4v\u00e4 kaappi tarjoaa lis\u00e4\u00e4 s\u00e4ilytystilaa television vieress\u00e4, esimerkiksi kirjoille tai pienille koriste-esineille. Aseta lis\u00e4ksi kukkavaasi luonnonkukilla ja valokuvakehykset sile\u00e4lle vintage-pinnalle. &#8211; Keitti\u00f6: T\u00e4m\u00e4 integroidulla kaapilla varustettu hylly sopii t\u00e4ydellisesti keitti\u00f6n ty\u00f6tason viereen ja tarjoaa lis\u00e4\u00e4 s\u00e4ilytystilaa mausteille, astioille tai keittokirjoille. &#8211; Eteinen: Monipuolinen huonekalu sopii my\u00f6s eteiseen avainhyllyksi tai puhelintasona.  Tuotetiedot: &#8211; V\u00e4ri: vintage-ruskea-musta &#8211; Materiaali: lastulevy, ter\u00e4s &#8211; Koko: 70 x 30 x 81 cm (P x L x K) &#8211; Paino: 17,9 kg &#8211; Maks. kantavuus: Pinta: 30 kg Avoimet hyllytasot: kukin 20 kg Hyllytasot kaapissa: kukin 15 kg Alin hyllytaso: 15 kg &#8211; Hyllytasojen lukum\u00e4\u00e4r\u00e4 kaapissa: 2 (s\u00e4\u00e4dett\u00e4viss\u00e4 3 korkeuteen) Toimitus sis\u00e4lt\u00e4\u00e4: &#8211; 1 x kaappihylly &#8211; 1 x s\u00e4ilytyslaatikko lis\u00e4varusteineen (sis\u00e4lt\u00e4\u00e4 asennusty\u00f6kalut) &#8211; 1 x ohjeet (DE, EN, FR, ES, IT) VASAGLE Huomautukset: &#8211; \u00c4l\u00e4 altista tuotetta suoralle auringonvalolle. Sit\u00e4 ei my\u00f6sk\u00e4\u00e4n tule sijoittaa kosteisiin tiloihin.<\/p>\n","protected":false},"excerpt":{"rendered":"<p>VASAGLE Senkki, keitti\u00f6n kaappi 3 hyllyll\u00e4, kylpyhuoneen kaappi, eteisen hylly, olohuone, makuuhuone, eteinen, keitti\u00f6, 70 x 30 x 81 cm, teollinen muotoilu, vintage-ruskea-musta LSC74BX<\/p>\n","protected":false},"featured_media":43429,"comment_status":"open","ping_status":"closed","template":"","meta":[],"product_brand":[],"product_cat":[32],"product_tag":[],"class_list":{"0":"post-34795","1":"product","2":"type-product","3":"status-publish","4":"has-post-thumbnail","6":"product_cat-uncategorized-fi","8":"first","9":"instock","10":"shipping-taxable","11":"purchasable","12":"product-type-simple"},"_links":{"self":[{"href":"https:\/\/nordicmart.andreevmaster.com\/fi\/wp-json\/wp\/v2\/product\/34795","targetHints":{"allow":["GET"]}}],"collection":[{"href":"https:\/\/nordicmart.andreevmaster.com\/fi\/wp-json\/wp\/v2\/product"}],"about":[{"href":"https:\/\/nordicmart.andreevmaster.com\/fi\/wp-json\/wp\/v2\/types\/product"}],"replies":[{"embeddable":true,"href":"https:\/\/nordicmart.andreevmaster.com\/fi\/wp-json\/wp\/v2\/comments?post=34795"}],"wp:featuredmedia":[{"embeddable":true,"href":"https:\/\/nordicmart.andreevmaster.com\/fi\/wp-json\/wp\/v2\/media\/43429"}],"wp:attachment":[{"href":"https:\/\/nordicmart.andreevmaster.com\/fi\/wp-json\/wp\/v2\/media?parent=34795"}],"wp:term":[{"taxonomy":"product_brand","embeddable":true,"href":"https:\/\/nordicmart.andreevmaster.com\/fi\/wp-json\/wp\/v2\/product_brand?post=34795"},{"taxonomy":"product_cat","embeddable":true,"href":"https:\/\/nordicmart.andreevmaster.com\/fi\/wp-json\/wp\/v2\/product_cat?post=34795"},{"taxonomy":"product_tag","embeddable":true,"href":"https:\/\/nordicmart.andreevmaster.com\/fi\/wp-json\/wp\/v2\/product_tag?post=34795"}],"curies":[{"name":"wp","href":"https:\/\/api.w.org\/{rel}","templated":true}]}}