{"id":34794,"date":"2026-02-27T00:27:12","date_gmt":"2026-02-27T00:27:12","guid":{"rendered":"https:\/\/nordicmart.andreevmaster.com\/product\/vasagle-sailytyskaappi-jossa-on-3-avointa-hyllya\/"},"modified":"2026-02-27T09:46:24","modified_gmt":"2026-02-27T09:46:24","slug":"vasagle-sailytyskaappi-jossa-on-3-avointa-hyllya","status":"publish","type":"product","link":"https:\/\/nordicmart.andreevmaster.com\/fi\/tuote\/vasagle-sailytyskaappi-jossa-on-3-avointa-hyllya\/","title":{"rendered":"VASAGLE s\u00e4ilytyskaappi, jossa on  3 avointa hylly\u00e4"},"content":{"rendered":"<p>VASAGLE Senkki, keitti\u00f6n kaappi 3 hyllyll\u00e4, kylpyhuoneen kaappi, eteisen hylly, olohuone, makuuhuone, eteinen, keitti\u00f6, 70 x 30 x 81 cm, teollinen muotoilu, vintage-ruskea-musta LSC74BX<\/p>\n","protected":false},"excerpt":{"rendered":"<p>VASAGLE Senkki, keitti\u00f6n kaappi 3 hyllyll\u00e4, kylpyhuoneen kaappi, eteisen hylly, olohuone, makuuhuone, eteinen, keitti\u00f6, 70 x 30 x 81 cm, teollinen muotoilu, vintage-ruskea-musta LSC74BX<\/p>\n","protected":false},"featured_media":43428,"comment_status":"open","ping_status":"closed","template":"","meta":[],"product_brand":[],"product_cat":[32],"product_tag":[],"class_list":{"0":"post-34794","1":"product","2":"type-product","3":"status-publish","4":"has-post-thumbnail","6":"product_cat-uncategorized-fi","8":"first","9":"instock","10":"shipping-taxable","11":"purchasable","12":"product-type-simple"},"_links":{"self":[{"href":"https:\/\/nordicmart.andreevmaster.com\/fi\/wp-json\/wp\/v2\/product\/34794","targetHints":{"allow":["GET"]}}],"collection":[{"href":"https:\/\/nordicmart.andreevmaster.com\/fi\/wp-json\/wp\/v2\/product"}],"about":[{"href":"https:\/\/nordicmart.andreevmaster.com\/fi\/wp-json\/wp\/v2\/types\/product"}],"replies":[{"embeddable":true,"href":"https:\/\/nordicmart.andreevmaster.com\/fi\/wp-json\/wp\/v2\/comments?post=34794"}],"wp:featuredmedia":[{"embeddable":true,"href":"https:\/\/nordicmart.andreevmaster.com\/fi\/wp-json\/wp\/v2\/media\/43428"}],"wp:attachment":[{"href":"https:\/\/nordicmart.andreevmaster.com\/fi\/wp-json\/wp\/v2\/media?parent=34794"}],"wp:term":[{"taxonomy":"product_brand","embeddable":true,"href":"https:\/\/nordicmart.andreevmaster.com\/fi\/wp-json\/wp\/v2\/product_brand?post=34794"},{"taxonomy":"product_cat","embeddable":true,"href":"https:\/\/nordicmart.andreevmaster.com\/fi\/wp-json\/wp\/v2\/product_cat?post=34794"},{"taxonomy":"product_tag","embeddable":true,"href":"https:\/\/nordicmart.andreevmaster.com\/fi\/wp-json\/wp\/v2\/product_tag?post=34794"}],"curies":[{"name":"wp","href":"https:\/\/api.w.org\/{rel}","templated":true}]}}