{"id":34786,"date":"2026-02-27T00:27:10","date_gmt":"2026-02-27T00:27:10","guid":{"rendered":"https:\/\/nordicmart.andreevmaster.com\/product\/vasagle-korkea-kaappi-4-avointa-hyllya\/"},"modified":"2026-02-27T09:46:23","modified_gmt":"2026-02-27T09:46:23","slug":"vasagle-korkea-kaappi-4-avointa-hyllya","status":"publish","type":"product","link":"https:\/\/nordicmart.andreevmaster.com\/fi\/tuote\/vasagle-korkea-kaappi-4-avointa-hyllya\/","title":{"rendered":"VASAGLE korkea kaappi, 4 avointa hylly\u00e4"},"content":{"rendered":"<p>Tuotetiedot: &#8211; V\u00e4ri: vintage-ruskea-musta &#8211; Materiaali: lastulevy, ter\u00e4s &#8211; Koko: 44 x 30 x 155 cm (P x L x K) &#8211; Paino: 16,3 kg &#8211; Pinnan suurin staattinen kantavuus: 30 kg &#8211; Hyllyjen suurin staattinen kantavuus: 20 kg &#8211; Sis\u00e4osan s\u00e4\u00e4dett\u00e4v\u00e4n hyllytason suurin staattinen kantavuus: 15 kg Toimitus sis\u00e4lt\u00e4\u00e4:- 1 x korkea kaappi &#8211; 1 x lis\u00e4varustepaketti &#8211; 1 x kaatumissuoja &#8211; 1 x ohjeet (DE, EN, ES, FR, IT) VASAGLE-ohjeet: &#8211; Turvallisuussyist\u00e4 lapset eiv\u00e4t saa kiivet\u00e4 tuotteelle tai leikki\u00e4 sill\u00e4. &#8211; Kiinnit\u00e4 t\u00e4m\u00e4 tuote sein\u00e4\u00e4n mukana toimitetulla kaatumissuojalla.<\/p>\n","protected":false},"excerpt":{"rendered":"<p>VASAGLE Korkea kaappi, keitti\u00f6kaappi 4 avoimella hyllyll\u00e4, kapea kylpyhuonekaappi, olohuone, eteinen, keitti\u00f6, makuuhuone, tilaa s\u00e4\u00e4st\u00e4v\u00e4, ter\u00e4srunko, teollinen tyyli, vintage-ruskea-musta LSC36BX<\/p>\n","protected":false},"featured_media":43420,"comment_status":"open","ping_status":"closed","template":"","meta":[],"product_brand":[],"product_cat":[32],"product_tag":[],"class_list":{"0":"post-34786","1":"product","2":"type-product","3":"status-publish","4":"has-post-thumbnail","6":"product_cat-uncategorized-fi","8":"first","9":"instock","10":"shipping-taxable","11":"purchasable","12":"product-type-simple"},"_links":{"self":[{"href":"https:\/\/nordicmart.andreevmaster.com\/fi\/wp-json\/wp\/v2\/product\/34786","targetHints":{"allow":["GET"]}}],"collection":[{"href":"https:\/\/nordicmart.andreevmaster.com\/fi\/wp-json\/wp\/v2\/product"}],"about":[{"href":"https:\/\/nordicmart.andreevmaster.com\/fi\/wp-json\/wp\/v2\/types\/product"}],"replies":[{"embeddable":true,"href":"https:\/\/nordicmart.andreevmaster.com\/fi\/wp-json\/wp\/v2\/comments?post=34786"}],"wp:featuredmedia":[{"embeddable":true,"href":"https:\/\/nordicmart.andreevmaster.com\/fi\/wp-json\/wp\/v2\/media\/43420"}],"wp:attachment":[{"href":"https:\/\/nordicmart.andreevmaster.com\/fi\/wp-json\/wp\/v2\/media?parent=34786"}],"wp:term":[{"taxonomy":"product_brand","embeddable":true,"href":"https:\/\/nordicmart.andreevmaster.com\/fi\/wp-json\/wp\/v2\/product_brand?post=34786"},{"taxonomy":"product_cat","embeddable":true,"href":"https:\/\/nordicmart.andreevmaster.com\/fi\/wp-json\/wp\/v2\/product_cat?post=34786"},{"taxonomy":"product_tag","embeddable":true,"href":"https:\/\/nordicmart.andreevmaster.com\/fi\/wp-json\/wp\/v2\/product_tag?post=34786"}],"curies":[{"name":"wp","href":"https:\/\/api.w.org\/{rel}","templated":true}]}}