{"id":34785,"date":"2026-02-27T00:27:10","date_gmt":"2026-02-27T00:27:10","guid":{"rendered":"https:\/\/nordicmart.andreevmaster.com\/product\/vasagle-keittionkaappi-saadettavilla-hyllyilla-moderni\/"},"modified":"2026-02-27T09:46:22","modified_gmt":"2026-02-27T09:46:22","slug":"vasagle-keittionkaappi-saadettavilla-hyllyilla-moderni","status":"publish","type":"product","link":"https:\/\/nordicmart.andreevmaster.com\/fi\/tuote\/vasagle-keittionkaappi-saadettavilla-hyllyilla-moderni\/","title":{"rendered":"VASAGLE keitti\u00f6nkaappi s\u00e4\u00e4dett\u00e4vill\u00e4 hyllyill\u00e4 moderni"},"content":{"rendered":"<p>VASAGLE keitti\u00f6nkaappi, monik\u00e4ytt\u00f6inen kaappi, ruokakaappi, s\u00e4\u00e4dett\u00e4vill\u00e4 hyllyill\u00e4, sopii mikroaaltouunille, laatikko, lasiovet, kaapelireik\u00e4, moderni tyyli, valkoinen LSC361W21<br \/>\nV\u00e4ri: valkoinen<br \/>\nMateriaali: MDF (keskitihe\u00e4 kuitulevy), lastulevy<br \/>\nKoko: 41,5 x 73 x 179,8 cm (S x L x K)<br \/>\nPaino: 42,5 kg<br \/>\nMikroaaltouunihyllyn maks. staattinen kantavuus: 60 kg<br \/>\nJokaisen s\u00e4\u00e4dett\u00e4v\u00e4n hyllyn maks. staattinen kantavuus: 15 kg<\/p>\n","protected":false},"excerpt":{"rendered":"<p>VASAGLE keitti\u00f6nkaappi, monik\u00e4ytt\u00f6inen kaappi, ruokakaappi, s\u00e4\u00e4dett\u00e4vill\u00e4 hyllyill\u00e4, sopii mikroaaltouunille, laatikko, lasiovet, kaapelireik\u00e4, moderni tyyli, valkoinen LSC361W21<\/p>\n","protected":false},"featured_media":0,"comment_status":"open","ping_status":"closed","template":"","meta":[],"product_brand":[],"product_cat":[32],"product_tag":[],"class_list":{"0":"post-34785","1":"product","2":"type-product","3":"status-publish","5":"product_cat-uncategorized-fi","7":"first","8":"instock","9":"shipping-taxable","10":"purchasable","11":"product-type-simple"},"_links":{"self":[{"href":"https:\/\/nordicmart.andreevmaster.com\/fi\/wp-json\/wp\/v2\/product\/34785","targetHints":{"allow":["GET"]}}],"collection":[{"href":"https:\/\/nordicmart.andreevmaster.com\/fi\/wp-json\/wp\/v2\/product"}],"about":[{"href":"https:\/\/nordicmart.andreevmaster.com\/fi\/wp-json\/wp\/v2\/types\/product"}],"replies":[{"embeddable":true,"href":"https:\/\/nordicmart.andreevmaster.com\/fi\/wp-json\/wp\/v2\/comments?post=34785"}],"wp:attachment":[{"href":"https:\/\/nordicmart.andreevmaster.com\/fi\/wp-json\/wp\/v2\/media?parent=34785"}],"wp:term":[{"taxonomy":"product_brand","embeddable":true,"href":"https:\/\/nordicmart.andreevmaster.com\/fi\/wp-json\/wp\/v2\/product_brand?post=34785"},{"taxonomy":"product_cat","embeddable":true,"href":"https:\/\/nordicmart.andreevmaster.com\/fi\/wp-json\/wp\/v2\/product_cat?post=34785"},{"taxonomy":"product_tag","embeddable":true,"href":"https:\/\/nordicmart.andreevmaster.com\/fi\/wp-json\/wp\/v2\/product_tag?post=34785"}],"curies":[{"name":"wp","href":"https:\/\/api.w.org\/{rel}","templated":true}]}}