{"id":34783,"date":"2026-02-27T00:27:09","date_gmt":"2026-02-27T00:27:09","guid":{"rendered":"https:\/\/nordicmart.andreevmaster.com\/product\/vasagle-teollisuustyylinen-yopoyta-lamelliluukku\/"},"modified":"2026-02-27T09:46:22","modified_gmt":"2026-02-27T09:46:22","slug":"vasagle-teollisuustyylinen-yopoyta-lamelliluukku","status":"publish","type":"product","link":"https:\/\/nordicmart.andreevmaster.com\/fi\/tuote\/vasagle-teollisuustyylinen-yopoyta-lamelliluukku\/","title":{"rendered":"VASAGLE Teollisuustyylinen y\u00f6p\u00f6yt\u00e4 Lamelliluukku"},"content":{"rendered":"<p>Hieman vintagea t\u00e4\u00e4ll\u00e4, hieman teollista designia siell\u00e4 T\u00e4m\u00e4n pienen olohuoneen kaapin tyyli\u00e4 voidaan kuvata yhdistelm\u00e4n\u00e4 rautakehyksest\u00e4, jossa on trendik\u00e4s teollinen ilme, ja tarkasti ty\u00f6stetyist\u00e4 vintage-levyist\u00e4 puumateriaalista. Erityisen vivahteen tuo my\u00f6s ep\u00e4tavallinen lamelliluukku, joka her\u00e4tt\u00e4\u00e4 uteliaisuuden sen takana piilev\u00e4\u00e4n.Valmiina suureen k\u00e4ytt\u00f6\u00f6n 37 x 30 x 81 cm (P x L x K) kokoinen huonekalu, jonka pinnalle voi asettaa 30 kg painon, sopii seuraaviin k\u00e4ytt\u00f6tarkoituksiin: &#8211; Olohuone: T\u00e4ss\u00e4 kapea hylly tarjoaa hieman lis\u00e4\u00e4 s\u00e4ilytystilaa sohvanurkkaukseen, esimerkiksi hedelm\u00e4kulhoa tai pieni\u00e4 koriste-esineit\u00e4 varten. Tai aseta ruukku, jossa kasvaa muratti, ja valokuvakehys sile\u00e4lle vintage-pinnalle. &#8211; Keitti\u00f6: Monissa keitti\u00f6iss\u00e4 ei ole kovin paljon tilaa. T\u00e4m\u00e4 kompakti kaappi, jossa on kaksi avointa hyllytasoa, sopii t\u00e4ydellisesti keitti\u00f6n ty\u00f6tason viereen ja tarjoaa lis\u00e4\u00e4 s\u00e4ilytystilaa mausteille, astioille tai keittokirjoille. &#8211; Eteinen: Monipuolinen huonekalu voidaan k\u00e4ytt\u00e4\u00e4 my\u00f6s eteisess\u00e4 avainhyllyn\u00e4 tai k\u00e4yt\u00e4nn\u00f6llisen\u00e4 puhelintasona. Tuotetiedot: &#8211; V\u00e4ri: Vintage &#8211; Materiaali: lastulevy, rautakehys &#8211; Koko: 37 x 30 x 81 cm (P x L x K) &#8211; Paino: 11,1 kg &#8211; Maks. Kantavuus: Yl\u00e4hylly: 30 kg Avoin hyllytaso: 20 kg Hyllytaso kaapissa: 15 kg kukin Alin hyllytaso: 15 kg &#8211; Hyllytasojen lukum\u00e4\u00e4r\u00e4 kaapissa: 1 (s\u00e4\u00e4dett\u00e4viss\u00e4 3 korkeuteen) Toimitus sis\u00e4lt\u00e4\u00e4:- 1 x hyllykk\u00f6 &#8211; 1 x s\u00e4ilytyslaatikko tarvikkeineen (sis\u00e4lt\u00e4\u00e4 asennusty\u00f6kalut) &#8211; 1 x ohjeet (DE, EN, FR, ES, IT) VASAGLE-ohjeet: &#8211; \u00c4l\u00e4 altista tuotetta suoralle auringonvalolle. Sit\u00e4 ei my\u00f6sk\u00e4\u00e4n tule sijoittaa kosteisiin tiloihin.<\/p>\n","protected":false},"excerpt":{"rendered":"<p>VASAGLE sivukaappi, y\u00f6p\u00f6yt\u00e4, sivukaappi, vakaa, y\u00f6p\u00f6yt\u00e4 2 avoimella hyllyll\u00e4, teollisen muotoilun y\u00f6p\u00f6yt\u00e4, olohuone, makuuhuone, eteinen, vintage LSC34BX<\/p>\n","protected":false},"featured_media":43418,"comment_status":"open","ping_status":"closed","template":"","meta":[],"product_brand":[],"product_cat":[32],"product_tag":[],"class_list":{"0":"post-34783","1":"product","2":"type-product","3":"status-publish","4":"has-post-thumbnail","6":"product_cat-uncategorized-fi","8":"first","9":"instock","10":"shipping-taxable","11":"purchasable","12":"product-type-simple"},"_links":{"self":[{"href":"https:\/\/nordicmart.andreevmaster.com\/fi\/wp-json\/wp\/v2\/product\/34783","targetHints":{"allow":["GET"]}}],"collection":[{"href":"https:\/\/nordicmart.andreevmaster.com\/fi\/wp-json\/wp\/v2\/product"}],"about":[{"href":"https:\/\/nordicmart.andreevmaster.com\/fi\/wp-json\/wp\/v2\/types\/product"}],"replies":[{"embeddable":true,"href":"https:\/\/nordicmart.andreevmaster.com\/fi\/wp-json\/wp\/v2\/comments?post=34783"}],"wp:featuredmedia":[{"embeddable":true,"href":"https:\/\/nordicmart.andreevmaster.com\/fi\/wp-json\/wp\/v2\/media\/43418"}],"wp:attachment":[{"href":"https:\/\/nordicmart.andreevmaster.com\/fi\/wp-json\/wp\/v2\/media?parent=34783"}],"wp:term":[{"taxonomy":"product_brand","embeddable":true,"href":"https:\/\/nordicmart.andreevmaster.com\/fi\/wp-json\/wp\/v2\/product_brand?post=34783"},{"taxonomy":"product_cat","embeddable":true,"href":"https:\/\/nordicmart.andreevmaster.com\/fi\/wp-json\/wp\/v2\/product_cat?post=34783"},{"taxonomy":"product_tag","embeddable":true,"href":"https:\/\/nordicmart.andreevmaster.com\/fi\/wp-json\/wp\/v2\/product_tag?post=34783"}],"curies":[{"name":"wp","href":"https:\/\/api.w.org\/{rel}","templated":true}]}}