{"id":34781,"date":"2026-02-27T00:27:09","date_gmt":"2026-02-27T00:27:09","guid":{"rendered":"https:\/\/nordicmart.andreevmaster.com\/product\/vasagle-sailytyskaappi-terasrungolla\/"},"modified":"2026-02-27T09:46:22","modified_gmt":"2026-02-27T09:46:22","slug":"vasagle-sailytyskaappi-terasrungolla","status":"publish","type":"product","link":"https:\/\/nordicmart.andreevmaster.com\/fi\/tuote\/vasagle-sailytyskaappi-terasrungolla\/","title":{"rendered":"VASAGLE s\u00e4ilytyskaappi ter\u00e4srungolla"},"content":{"rendered":"<p>Tuotetiedot: &#8211; V\u00e4ri: valkoinen-kulta &#8211; Materiaali: lastulevy, ter\u00e4s, lasi &#8211; Mitat: 60 x 30 x 108 cm (P x L x K) &#8211; Paino: 23,7 kg &#8211; Ylimm\u00e4n hyllyn maks. staattinen kantavuus: 30 kg &#8211; Ovien takana olevien hyllyjen maks. staattinen kantavuus: 5 kg Toimitus sis\u00e4lt\u00e4\u00e4:- 1 x s\u00e4ilytyskaappi &#8211; 1 x kaatumissuoja &#8211; 1 x lis\u00e4varustepaketti &#8211; 1 x ohjeet VASAGLE Huomautukset: &#8211; Turvallisuussyist\u00e4 lapset eiv\u00e4t saa kiivet\u00e4 tuotteen p\u00e4\u00e4lle tai leikki\u00e4 sill\u00e4. &#8211; Kiinnit\u00e4 t\u00e4m\u00e4 tuote sein\u00e4\u00e4n mukana toimitetulla kaatumissuojalla turvallisen k\u00e4yt\u00f6n varmistamiseksi.<\/p>\n","protected":false},"excerpt":{"rendered":"<p>VASAGLE kylpyhuonekaappi, senkki, s\u00e4ilytyskaappi, s\u00e4\u00e4dett\u00e4v\u00e4 hylly, ter\u00e4srunko, olohuoneeseen, keitti\u00f6\u00f6n, teollinen tyyli, vintage-ruskea-musta LSC260B01<\/p>\n","protected":false},"featured_media":43416,"comment_status":"open","ping_status":"closed","template":"","meta":[],"product_brand":[],"product_cat":[32],"product_tag":[],"class_list":{"0":"post-34781","1":"product","2":"type-product","3":"status-publish","4":"has-post-thumbnail","6":"product_cat-uncategorized-fi","8":"first","9":"instock","10":"shipping-taxable","11":"purchasable","12":"product-type-simple"},"_links":{"self":[{"href":"https:\/\/nordicmart.andreevmaster.com\/fi\/wp-json\/wp\/v2\/product\/34781","targetHints":{"allow":["GET"]}}],"collection":[{"href":"https:\/\/nordicmart.andreevmaster.com\/fi\/wp-json\/wp\/v2\/product"}],"about":[{"href":"https:\/\/nordicmart.andreevmaster.com\/fi\/wp-json\/wp\/v2\/types\/product"}],"replies":[{"embeddable":true,"href":"https:\/\/nordicmart.andreevmaster.com\/fi\/wp-json\/wp\/v2\/comments?post=34781"}],"wp:featuredmedia":[{"embeddable":true,"href":"https:\/\/nordicmart.andreevmaster.com\/fi\/wp-json\/wp\/v2\/media\/43416"}],"wp:attachment":[{"href":"https:\/\/nordicmart.andreevmaster.com\/fi\/wp-json\/wp\/v2\/media?parent=34781"}],"wp:term":[{"taxonomy":"product_brand","embeddable":true,"href":"https:\/\/nordicmart.andreevmaster.com\/fi\/wp-json\/wp\/v2\/product_brand?post=34781"},{"taxonomy":"product_cat","embeddable":true,"href":"https:\/\/nordicmart.andreevmaster.com\/fi\/wp-json\/wp\/v2\/product_cat?post=34781"},{"taxonomy":"product_tag","embeddable":true,"href":"https:\/\/nordicmart.andreevmaster.com\/fi\/wp-json\/wp\/v2\/product_tag?post=34781"}],"curies":[{"name":"wp","href":"https:\/\/api.w.org\/{rel}","templated":true}]}}