{"id":34779,"date":"2026-02-27T00:27:08","date_gmt":"2026-02-27T00:27:08","guid":{"rendered":"https:\/\/nordicmart.andreevmaster.com\/product\/vasagle-keittionkaappi-hyllylla\/"},"modified":"2026-02-27T09:46:21","modified_gmt":"2026-02-27T09:46:21","slug":"vasagle-keittionkaappi-hyllylla","status":"publish","type":"product","link":"https:\/\/nordicmart.andreevmaster.com\/fi\/tuote\/vasagle-keittionkaappi-hyllylla\/","title":{"rendered":"VASAGLE keitti\u00f6nkaappi hyllyll\u00e4"},"content":{"rendered":"<p>Tuotetiedot: &#8211; V\u00e4ri: vintage\/tummanruskea &#8211; Materiaali: lastulevy, rauta &#8211; Koko: 37 x 30 x 80 cm (P x L x K) &#8211; Paino: 10 kg &#8211; Pinnan maks. staattinen kantavuus: 30 kg &#8211; Hyllytasojen maks. staattinen kantavuus: 10 kgToimitus sis\u00e4lt\u00e4\u00e4:- 1 x senkki &#8211; 1 x lis\u00e4varustepaketti &#8211; 1 x ohjeet (DE, EN, ES, FR, IT) VASAGLE Huomautukset: &#8211; Turvallisuussyist\u00e4 lapset eiv\u00e4t saa kiivet\u00e4 tuotteelle tai leikki\u00e4 sill\u00e4. Tuotekuvaus<\/p>\n","protected":false},"excerpt":{"rendered":"<p>VASAGLE sivukaappi, pieni keitti\u00f6kaappi, eteiskaappi, keitti\u00f6, olohuone, ruokasali, toimisto, kylpyhuone, eteinen, teollinen muotoilu, vintage, tummanruskea LSC24BX<\/p>\n","protected":false},"featured_media":43414,"comment_status":"open","ping_status":"closed","template":"","meta":[],"product_brand":[],"product_cat":[32],"product_tag":[],"class_list":{"0":"post-34779","1":"product","2":"type-product","3":"status-publish","4":"has-post-thumbnail","6":"product_cat-uncategorized-fi","8":"first","9":"instock","10":"shipping-taxable","11":"purchasable","12":"product-type-simple"},"_links":{"self":[{"href":"https:\/\/nordicmart.andreevmaster.com\/fi\/wp-json\/wp\/v2\/product\/34779","targetHints":{"allow":["GET"]}}],"collection":[{"href":"https:\/\/nordicmart.andreevmaster.com\/fi\/wp-json\/wp\/v2\/product"}],"about":[{"href":"https:\/\/nordicmart.andreevmaster.com\/fi\/wp-json\/wp\/v2\/types\/product"}],"replies":[{"embeddable":true,"href":"https:\/\/nordicmart.andreevmaster.com\/fi\/wp-json\/wp\/v2\/comments?post=34779"}],"wp:featuredmedia":[{"embeddable":true,"href":"https:\/\/nordicmart.andreevmaster.com\/fi\/wp-json\/wp\/v2\/media\/43414"}],"wp:attachment":[{"href":"https:\/\/nordicmart.andreevmaster.com\/fi\/wp-json\/wp\/v2\/media?parent=34779"}],"wp:term":[{"taxonomy":"product_brand","embeddable":true,"href":"https:\/\/nordicmart.andreevmaster.com\/fi\/wp-json\/wp\/v2\/product_brand?post=34779"},{"taxonomy":"product_cat","embeddable":true,"href":"https:\/\/nordicmart.andreevmaster.com\/fi\/wp-json\/wp\/v2\/product_cat?post=34779"},{"taxonomy":"product_tag","embeddable":true,"href":"https:\/\/nordicmart.andreevmaster.com\/fi\/wp-json\/wp\/v2\/product_tag?post=34779"}],"curies":[{"name":"wp","href":"https:\/\/api.w.org\/{rel}","templated":true}]}}