{"id":34778,"date":"2026-02-27T00:27:08","date_gmt":"2026-02-27T00:27:08","guid":{"rendered":"https:\/\/nordicmart.andreevmaster.com\/product\/songmics-sailytyskaappi-kaksipuolinen-ovi-vintage-ruskea-matta-musta\/"},"modified":"2026-02-27T09:46:21","modified_gmt":"2026-02-27T09:46:21","slug":"songmics-sailytyskaappi-kaksipuolinen-ovi-vintage-ruskea-matta-musta","status":"publish","type":"product","link":"https:\/\/nordicmart.andreevmaster.com\/fi\/tuote\/songmics-sailytyskaappi-kaksipuolinen-ovi-vintage-ruskea-matta-musta\/","title":{"rendered":"SONGMICS s\u00e4ilytyskaappi, kaksipuolinen ovi, vintage-ruskea-matta musta"},"content":{"rendered":"<p>SONGMICS s\u00e4ilytyskaappi, metallikaappi, kaappi kaksoisovilla, senkki, magneettisuljin, s\u00e4\u00e4dett\u00e4v\u00e4t hyllyk\u00f6t, ter\u00e4srunko, vintage-ruskea-matta musta LSC204B01<br \/>\nV\u00e4ri: vintage-ruskea-matta musta<br \/>\nMateriaali: lastulevy, ter\u00e4s<br \/>\nKoko (jalat mukaan lukien): 40 x 110 x 76 cm (S x L x K)<br \/>\nPaino: 25 kg<br \/>\nYl\u00e4hyllyn maks. staattinen kantavuus: 72,6 kg<br \/>\nLaatikkon enimm\u00e4iskantavuus: 4,5 kg<br \/>\nJokaisen hyllyn maks. staattinen kantavuus: 18,1 kg<\/p>\n","protected":false},"excerpt":{"rendered":"<p>SONGMICS s\u00e4ilytyskaappi, metallikaappi, kaappi kaksoisovilla, senkki, magneettisuljin, s\u00e4\u00e4dett\u00e4v\u00e4t hyllyk\u00f6t, ter\u00e4srunko, vintage-ruskea-matta musta LSC204B01<\/p>\n","protected":false},"featured_media":0,"comment_status":"open","ping_status":"closed","template":"","meta":[],"product_brand":[],"product_cat":[32],"product_tag":[],"class_list":{"0":"post-34778","1":"product","2":"type-product","3":"status-publish","5":"product_cat-uncategorized-fi","7":"first","8":"instock","9":"shipping-taxable","10":"purchasable","11":"product-type-simple"},"_links":{"self":[{"href":"https:\/\/nordicmart.andreevmaster.com\/fi\/wp-json\/wp\/v2\/product\/34778","targetHints":{"allow":["GET"]}}],"collection":[{"href":"https:\/\/nordicmart.andreevmaster.com\/fi\/wp-json\/wp\/v2\/product"}],"about":[{"href":"https:\/\/nordicmart.andreevmaster.com\/fi\/wp-json\/wp\/v2\/types\/product"}],"replies":[{"embeddable":true,"href":"https:\/\/nordicmart.andreevmaster.com\/fi\/wp-json\/wp\/v2\/comments?post=34778"}],"wp:attachment":[{"href":"https:\/\/nordicmart.andreevmaster.com\/fi\/wp-json\/wp\/v2\/media?parent=34778"}],"wp:term":[{"taxonomy":"product_brand","embeddable":true,"href":"https:\/\/nordicmart.andreevmaster.com\/fi\/wp-json\/wp\/v2\/product_brand?post=34778"},{"taxonomy":"product_cat","embeddable":true,"href":"https:\/\/nordicmart.andreevmaster.com\/fi\/wp-json\/wp\/v2\/product_cat?post=34778"},{"taxonomy":"product_tag","embeddable":true,"href":"https:\/\/nordicmart.andreevmaster.com\/fi\/wp-json\/wp\/v2\/product_tag?post=34778"}],"curies":[{"name":"wp","href":"https:\/\/api.w.org\/{rel}","templated":true}]}}