{"id":34769,"date":"2026-02-27T00:27:06","date_gmt":"2026-02-27T00:27:06","guid":{"rendered":"https:\/\/nordicmart.andreevmaster.com\/product\/songmics-sailytyskaappi-40-x-80-x-76-cm-laakerinvihrea-luonnonvarinen-tammi\/"},"modified":"2026-02-27T09:46:19","modified_gmt":"2026-02-27T09:46:19","slug":"songmics-sailytyskaappi-40-x-80-x-76-cm-laakerinvihrea-luonnonvarinen-tammi","status":"publish","type":"product","link":"https:\/\/nordicmart.andreevmaster.com\/fi\/tuote\/songmics-sailytyskaappi-40-x-80-x-76-cm-laakerinvihrea-luonnonvarinen-tammi\/","title":{"rendered":"SONGMICS s\u00e4ilytyskaappi 40 x 80 x 76 cm laakerinvihre\u00e4-luonnonv\u00e4rinen tammi"},"content":{"rendered":"<p>SONGMICS s\u00e4ilytyskaappi, metallikaappi, kaksoisovet, magneettilukko, s\u00e4\u00e4dett\u00e4v\u00e4 hylly, ter\u00e4srunko, teollinen tyyli, tilaa s\u00e4\u00e4st\u00e4v\u00e4, vintage-ruskea-musta LSC102B01<br \/>\nV\u00e4ri: laakerinvihre\u00e4-luonnollinen tammenv\u00e4ri<br \/>\nMateriaali: lastulevy, ter\u00e4s<br \/>\nKoko (jalat mukaan lukien): 40 x 80 x 76 cm (S x L x K)<br \/>\nPaino: 19,1 kg<br \/>\nPinnan maks. staattinen kantavuus: 50 kg<\/p>\n","protected":false},"excerpt":{"rendered":"<p>SONGMICS s\u00e4ilytyskaappi, metallikaappi, kaksoisovet, magneettilukko, s\u00e4\u00e4dett\u00e4v\u00e4 hylly, ter\u00e4srunko, teollinen tyyli, tilaa s\u00e4\u00e4st\u00e4v\u00e4, vintage-ruskea-musta LSC102B01<\/p>\n","protected":false},"featured_media":0,"comment_status":"open","ping_status":"closed","template":"","meta":[],"product_brand":[],"product_cat":[32],"product_tag":[],"class_list":{"0":"post-34769","1":"product","2":"type-product","3":"status-publish","5":"product_cat-uncategorized-fi","7":"first","8":"instock","9":"shipping-taxable","10":"purchasable","11":"product-type-simple"},"_links":{"self":[{"href":"https:\/\/nordicmart.andreevmaster.com\/fi\/wp-json\/wp\/v2\/product\/34769","targetHints":{"allow":["GET"]}}],"collection":[{"href":"https:\/\/nordicmart.andreevmaster.com\/fi\/wp-json\/wp\/v2\/product"}],"about":[{"href":"https:\/\/nordicmart.andreevmaster.com\/fi\/wp-json\/wp\/v2\/types\/product"}],"replies":[{"embeddable":true,"href":"https:\/\/nordicmart.andreevmaster.com\/fi\/wp-json\/wp\/v2\/comments?post=34769"}],"wp:attachment":[{"href":"https:\/\/nordicmart.andreevmaster.com\/fi\/wp-json\/wp\/v2\/media?parent=34769"}],"wp:term":[{"taxonomy":"product_brand","embeddable":true,"href":"https:\/\/nordicmart.andreevmaster.com\/fi\/wp-json\/wp\/v2\/product_brand?post=34769"},{"taxonomy":"product_cat","embeddable":true,"href":"https:\/\/nordicmart.andreevmaster.com\/fi\/wp-json\/wp\/v2\/product_cat?post=34769"},{"taxonomy":"product_tag","embeddable":true,"href":"https:\/\/nordicmart.andreevmaster.com\/fi\/wp-json\/wp\/v2\/product_tag?post=34769"}],"curies":[{"name":"wp","href":"https:\/\/api.w.org\/{rel}","templated":true}]}}