{"id":34766,"date":"2026-02-27T00:27:05","date_gmt":"2026-02-27T00:27:05","guid":{"rendered":"https:\/\/nordicmart.andreevmaster.com\/product\/vasagle-keittiokaappi-liukuovella-30-x-70-x-80-cm-maalaistyyli\/"},"modified":"2026-02-27T09:46:19","modified_gmt":"2026-02-27T09:46:19","slug":"vasagle-keittiokaappi-liukuovella-30-x-70-x-80-cm-maalaistyyli","status":"publish","type":"product","link":"https:\/\/nordicmart.andreevmaster.com\/fi\/tuote\/vasagle-keittiokaappi-liukuovella-30-x-70-x-80-cm-maalaistyyli\/","title":{"rendered":"VASAGLE keitti\u00f6kaappi liukuovella 30 x 70 x 80 cm maalaistyyli"},"content":{"rendered":"<p>VASAGLE sivukaappi, senkki hyllyll\u00e4 ja laatikolla, keitti\u00f6kaappi, lipasto liukuovella maalaistyyliin, teollinen muotoilu, vintage-ruskea-musta LSC100B01<br \/>\nV\u00e4ri: tammipuunruskea-musta<br \/>\nMateriaali: lastulevy, ter\u00e4s<br \/>\nKoko: 30 x 70 x 80 cm (S x L x K)<br \/>\nPaino: 20,3 kg<br \/>\nPinnan maks. staattinen kantavuus: 30 kg<br \/>\nAlimman hyllytason maks. staattinen kantavuus: 10 kg<br \/>\nLaatikkon enimm\u00e4iskantavuus: 5 kg<\/p>\n","protected":false},"excerpt":{"rendered":"<p>VASAGLE sivukaappi, senkki hyllyll\u00e4 ja laatikolla, keitti\u00f6kaappi, lipasto liukuovella maalaistyyliin, teollinen muotoilu, vintage-ruskea-musta LSC100B01<\/p>\n","protected":false},"featured_media":0,"comment_status":"open","ping_status":"closed","template":"","meta":[],"product_brand":[],"product_cat":[32],"product_tag":[],"class_list":{"0":"post-34766","1":"product","2":"type-product","3":"status-publish","5":"product_cat-uncategorized-fi","7":"first","8":"instock","9":"shipping-taxable","10":"purchasable","11":"product-type-simple"},"_links":{"self":[{"href":"https:\/\/nordicmart.andreevmaster.com\/fi\/wp-json\/wp\/v2\/product\/34766","targetHints":{"allow":["GET"]}}],"collection":[{"href":"https:\/\/nordicmart.andreevmaster.com\/fi\/wp-json\/wp\/v2\/product"}],"about":[{"href":"https:\/\/nordicmart.andreevmaster.com\/fi\/wp-json\/wp\/v2\/types\/product"}],"replies":[{"embeddable":true,"href":"https:\/\/nordicmart.andreevmaster.com\/fi\/wp-json\/wp\/v2\/comments?post=34766"}],"wp:attachment":[{"href":"https:\/\/nordicmart.andreevmaster.com\/fi\/wp-json\/wp\/v2\/media?parent=34766"}],"wp:term":[{"taxonomy":"product_brand","embeddable":true,"href":"https:\/\/nordicmart.andreevmaster.com\/fi\/wp-json\/wp\/v2\/product_brand?post=34766"},{"taxonomy":"product_cat","embeddable":true,"href":"https:\/\/nordicmart.andreevmaster.com\/fi\/wp-json\/wp\/v2\/product_cat?post=34766"},{"taxonomy":"product_tag","embeddable":true,"href":"https:\/\/nordicmart.andreevmaster.com\/fi\/wp-json\/wp\/v2\/product_tag?post=34766"}],"curies":[{"name":"wp","href":"https:\/\/api.w.org\/{rel}","templated":true}]}}