{"id":34764,"date":"2026-02-27T00:27:05","date_gmt":"2026-02-27T00:27:05","guid":{"rendered":"https:\/\/nordicmart.andreevmaster.com\/product\/vasagle-senkki-lasiovilla-kamelinruskea-mustanmusta\/"},"modified":"2026-02-27T09:46:18","modified_gmt":"2026-02-27T09:46:18","slug":"vasagle-senkki-lasiovilla-kamelinruskea-mustanmusta","status":"publish","type":"product","link":"https:\/\/nordicmart.andreevmaster.com\/fi\/tuote\/vasagle-senkki-lasiovilla-kamelinruskea-mustanmusta\/","title":{"rendered":"VASAGLE-senkki lasiovilla, kamelinruskea-mustanmusta"},"content":{"rendered":"<p>VASAGLE Senkki, keitti\u00f6n kaappi, s\u00e4ilytyskaappi, lasiovet, olohuoneeseen, keitti\u00f6\u00f6n, ruokailuhuoneeseen, ter\u00e4srunko, teollinen tyyli, vintage-ruskea-musta LSC099B01<br \/>\nV\u00e4ri: kamelinruskea-mustanmusta<br \/>\nMateriaali: lastulevy, ter\u00e4s<br \/>\nKoko: 35 x 100 x 75 cm (S x L x K)<br \/>\nPaino: 25,2 kg<br \/>\nPinnan maks. staattinen kantavuus: 45,4 kg<br \/>\nOikean hyllytason maks. staattinen kantavuus kaapissa: 6,8 kg<br \/>\nKaapin vasemman hyllytason maks. staattinen kantavuus: 18,1 kg<\/p>\n","protected":false},"excerpt":{"rendered":"<p>VASAGLE Senkki, keitti\u00f6n kaappi, s\u00e4ilytyskaappi, lasiovet, olohuoneeseen, keitti\u00f6\u00f6n, ruokailuhuoneeseen, ter\u00e4srunko, teollinen tyyli, vintage-ruskea-musta LSC099B01<\/p>\n","protected":false},"featured_media":0,"comment_status":"open","ping_status":"closed","template":"","meta":[],"product_brand":[],"product_cat":[32],"product_tag":[],"class_list":{"0":"post-34764","1":"product","2":"type-product","3":"status-publish","5":"product_cat-uncategorized-fi","7":"first","8":"instock","9":"shipping-taxable","10":"purchasable","11":"product-type-simple"},"_links":{"self":[{"href":"https:\/\/nordicmart.andreevmaster.com\/fi\/wp-json\/wp\/v2\/product\/34764","targetHints":{"allow":["GET"]}}],"collection":[{"href":"https:\/\/nordicmart.andreevmaster.com\/fi\/wp-json\/wp\/v2\/product"}],"about":[{"href":"https:\/\/nordicmart.andreevmaster.com\/fi\/wp-json\/wp\/v2\/types\/product"}],"replies":[{"embeddable":true,"href":"https:\/\/nordicmart.andreevmaster.com\/fi\/wp-json\/wp\/v2\/comments?post=34764"}],"wp:attachment":[{"href":"https:\/\/nordicmart.andreevmaster.com\/fi\/wp-json\/wp\/v2\/media?parent=34764"}],"wp:term":[{"taxonomy":"product_brand","embeddable":true,"href":"https:\/\/nordicmart.andreevmaster.com\/fi\/wp-json\/wp\/v2\/product_brand?post=34764"},{"taxonomy":"product_cat","embeddable":true,"href":"https:\/\/nordicmart.andreevmaster.com\/fi\/wp-json\/wp\/v2\/product_cat?post=34764"},{"taxonomy":"product_tag","embeddable":true,"href":"https:\/\/nordicmart.andreevmaster.com\/fi\/wp-json\/wp\/v2\/product_tag?post=34764"}],"curies":[{"name":"wp","href":"https:\/\/api.w.org\/{rel}","templated":true}]}}