{"id":34753,"date":"2026-02-27T00:27:02","date_gmt":"2026-02-27T00:27:02","guid":{"rendered":"https:\/\/nordicmart.andreevmaster.com\/product\/vasagle-senkki-liukuovilla\/"},"modified":"2026-02-27T09:46:16","modified_gmt":"2026-02-27T09:46:16","slug":"vasagle-senkki-liukuovilla","status":"publish","type":"product","link":"https:\/\/nordicmart.andreevmaster.com\/fi\/tuote\/vasagle-senkki-liukuovilla\/","title":{"rendered":"VASAGLE-senkki liukuovilla"},"content":{"rendered":"<p>Tuotetiedot: &#8211; V\u00e4ri: luonnonv\u00e4ri-musta &#8211; Materiaali: lastulevy, ter\u00e4s &#8211; Koko: 33 x 100 x 80 cm (S x L x K) &#8211; Paino: 26,7 kg &#8211; Pinnan maks. staattinen kantavuus: 90 kg &#8211; Avoimen v\u00e4litason maks. staattinen kantavuus: 45 kg &#8211; S\u00e4\u00e4dett\u00e4v\u00e4n hyllyn maks. staattinen kantavuus: 18 kg Toimitus sis\u00e4lt\u00e4\u00e4: &#8211; 1 x sivup\u00f6yt\u00e4 &#8211; 1 x lis\u00e4varustepaketti &#8211; 1 x kaatumissuoja &#8211; 1 x ohjeet VASAGLE Huomautukset: &#8211; Turvallisuussyist\u00e4 lapset eiv\u00e4t saa kiivet\u00e4 tuotteen p\u00e4\u00e4lle tai leikki\u00e4 sill\u00e4. &#8211; Kiinnit\u00e4 t\u00e4m\u00e4 tuote sein\u00e4\u00e4n mukana toimitetulla kaatumissuojalla kaatumisen est\u00e4miseksi.<\/p>\n","protected":false},"excerpt":{"rendered":"<p>VASAGLE Senkki, keitti\u00f6n kaappi, s\u00e4ilytyskaappi, 2 liukuovea, s\u00e4\u00e4dett\u00e4v\u00e4 hylly, teollinen, olohuoneeseen, vintage-ruskea-musta LSC092B01<\/p>\n","protected":false},"featured_media":0,"comment_status":"open","ping_status":"closed","template":"","meta":[],"product_brand":[],"product_cat":[32],"product_tag":[],"class_list":{"0":"post-34753","1":"product","2":"type-product","3":"status-publish","5":"product_cat-uncategorized-fi","7":"first","8":"instock","9":"shipping-taxable","10":"purchasable","11":"product-type-simple"},"_links":{"self":[{"href":"https:\/\/nordicmart.andreevmaster.com\/fi\/wp-json\/wp\/v2\/product\/34753","targetHints":{"allow":["GET"]}}],"collection":[{"href":"https:\/\/nordicmart.andreevmaster.com\/fi\/wp-json\/wp\/v2\/product"}],"about":[{"href":"https:\/\/nordicmart.andreevmaster.com\/fi\/wp-json\/wp\/v2\/types\/product"}],"replies":[{"embeddable":true,"href":"https:\/\/nordicmart.andreevmaster.com\/fi\/wp-json\/wp\/v2\/comments?post=34753"}],"wp:attachment":[{"href":"https:\/\/nordicmart.andreevmaster.com\/fi\/wp-json\/wp\/v2\/media?parent=34753"}],"wp:term":[{"taxonomy":"product_brand","embeddable":true,"href":"https:\/\/nordicmart.andreevmaster.com\/fi\/wp-json\/wp\/v2\/product_brand?post=34753"},{"taxonomy":"product_cat","embeddable":true,"href":"https:\/\/nordicmart.andreevmaster.com\/fi\/wp-json\/wp\/v2\/product_cat?post=34753"},{"taxonomy":"product_tag","embeddable":true,"href":"https:\/\/nordicmart.andreevmaster.com\/fi\/wp-json\/wp\/v2\/product_tag?post=34753"}],"curies":[{"name":"wp","href":"https:\/\/api.w.org\/{rel}","templated":true}]}}