{"id":34752,"date":"2026-02-27T00:27:02","date_gmt":"2026-02-27T00:27:02","guid":{"rendered":"https:\/\/nordicmart.andreevmaster.com\/product\/vasagle-sailytyskaappi-2-liukuovella\/"},"modified":"2026-02-27T09:46:16","modified_gmt":"2026-02-27T09:46:16","slug":"vasagle-sailytyskaappi-2-liukuovella","status":"publish","type":"product","link":"https:\/\/nordicmart.andreevmaster.com\/fi\/tuote\/vasagle-sailytyskaappi-2-liukuovella\/","title":{"rendered":"VASAGLE s\u00e4ilytyskaappi 2 liukuovella"},"content":{"rendered":"<p>VASAGLE Senkki, keitti\u00f6n kaappi, s\u00e4ilytyskaappi, 2 liukuovea, s\u00e4\u00e4dett\u00e4v\u00e4 hylly, teollinen, olohuoneeseen, vintage-ruskea-musta LSC092B01<br \/>\nV\u00e4ri: greige-musta<br \/>\nMateriaali: lastulevy, ter\u00e4s<br \/>\nKoko: 33 x 100 x 80 cm (S x L x K)<br \/>\nPaino: 26,7 kg<br \/>\nPinnan maks. staattinen kantavuus: 90 kg<br \/>\nAvoimen v\u00e4lilavan maks. staattinen kantavuus: 45 kg<br \/>\nS\u00e4\u00e4dett\u00e4v\u00e4n hyllyn maks. staattinen kantavuus: 18 kg<\/p>\n","protected":false},"excerpt":{"rendered":"<p>VASAGLE Senkki, keitti\u00f6n kaappi, s\u00e4ilytyskaappi, 2 liukuovea, s\u00e4\u00e4dett\u00e4v\u00e4 hylly, teollinen, olohuoneeseen, vintage-ruskea-musta LSC092B01<\/p>\n","protected":false},"featured_media":43401,"comment_status":"open","ping_status":"closed","template":"","meta":[],"product_brand":[],"product_cat":[32],"product_tag":[],"class_list":{"0":"post-34752","1":"product","2":"type-product","3":"status-publish","4":"has-post-thumbnail","6":"product_cat-uncategorized-fi","8":"first","9":"instock","10":"shipping-taxable","11":"purchasable","12":"product-type-simple"},"_links":{"self":[{"href":"https:\/\/nordicmart.andreevmaster.com\/fi\/wp-json\/wp\/v2\/product\/34752","targetHints":{"allow":["GET"]}}],"collection":[{"href":"https:\/\/nordicmart.andreevmaster.com\/fi\/wp-json\/wp\/v2\/product"}],"about":[{"href":"https:\/\/nordicmart.andreevmaster.com\/fi\/wp-json\/wp\/v2\/types\/product"}],"replies":[{"embeddable":true,"href":"https:\/\/nordicmart.andreevmaster.com\/fi\/wp-json\/wp\/v2\/comments?post=34752"}],"wp:featuredmedia":[{"embeddable":true,"href":"https:\/\/nordicmart.andreevmaster.com\/fi\/wp-json\/wp\/v2\/media\/43401"}],"wp:attachment":[{"href":"https:\/\/nordicmart.andreevmaster.com\/fi\/wp-json\/wp\/v2\/media?parent=34752"}],"wp:term":[{"taxonomy":"product_brand","embeddable":true,"href":"https:\/\/nordicmart.andreevmaster.com\/fi\/wp-json\/wp\/v2\/product_brand?post=34752"},{"taxonomy":"product_cat","embeddable":true,"href":"https:\/\/nordicmart.andreevmaster.com\/fi\/wp-json\/wp\/v2\/product_cat?post=34752"},{"taxonomy":"product_tag","embeddable":true,"href":"https:\/\/nordicmart.andreevmaster.com\/fi\/wp-json\/wp\/v2\/product_tag?post=34752"}],"curies":[{"name":"wp","href":"https:\/\/api.w.org\/{rel}","templated":true}]}}