{"id":34743,"date":"2026-02-27T00:26:59","date_gmt":"2026-02-27T00:26:59","guid":{"rendered":"https:\/\/nordicmart.andreevmaster.com\/product\/vasagle-senkki-2-laatikolla-ja-ovilla\/"},"modified":"2026-02-27T09:46:15","modified_gmt":"2026-02-27T09:46:15","slug":"vasagle-senkki-2-laatikolla-ja-ovilla","status":"publish","type":"product","link":"https:\/\/nordicmart.andreevmaster.com\/fi\/tuote\/vasagle-senkki-2-laatikolla-ja-ovilla\/","title":{"rendered":"VASAGLE Senkki 2 laatikolla ja ovilla"},"content":{"rendered":"<p>Tuotetiedot: &#8211; V\u00e4ri: vintage-ruskea-musta &#8211; Materiaali: lastulevy, ter\u00e4s &#8211; Koko: 100 x 35 x 84,5 cm (P x L x K) &#8211; Paino: 27,2 kg &#8211; P\u00f6yd\u00e4n pinnan maks. staattinen kantavuus: 30 kg Toimitus sis\u00e4lt\u00e4\u00e4: &#8211; 1 x sivup\u00f6yt\u00e4 &#8211; 1 x lis\u00e4varustepaketti &#8211; 1 x kaatumissuoja &#8211; 1 x ohjeet (DE, EN, ES, FR, IT) VASAGLE Huomautukset: &#8211; Turvallisuussyist\u00e4 lapset eiv\u00e4t saa kiivet\u00e4 tuotteen p\u00e4\u00e4lle tai leikki\u00e4 sill\u00e4. &#8211; Kiinnit\u00e4 t\u00e4m\u00e4 tuote sein\u00e4\u00e4n mukana toimitetulla kaatumissuojalla kaatumisen est\u00e4miseksi.<\/p>\n","protected":false},"excerpt":{"rendered":"<p>VASAGLE-senkki, kaappi, jossa 2 laatikkoa ja ovet, 1 hylly, ruokasaliin, olohuoneeseen, keitti\u00f6\u00f6n, 100 x 35 x 84,5 cm, teollinen muotoilu, vintage-ruskea-musta LSC082B01<\/p>\n","protected":false},"featured_media":43394,"comment_status":"open","ping_status":"closed","template":"","meta":[],"product_brand":[],"product_cat":[32],"product_tag":[],"class_list":{"0":"post-34743","1":"product","2":"type-product","3":"status-publish","4":"has-post-thumbnail","6":"product_cat-uncategorized-fi","8":"first","9":"instock","10":"shipping-taxable","11":"purchasable","12":"product-type-simple"},"_links":{"self":[{"href":"https:\/\/nordicmart.andreevmaster.com\/fi\/wp-json\/wp\/v2\/product\/34743","targetHints":{"allow":["GET"]}}],"collection":[{"href":"https:\/\/nordicmart.andreevmaster.com\/fi\/wp-json\/wp\/v2\/product"}],"about":[{"href":"https:\/\/nordicmart.andreevmaster.com\/fi\/wp-json\/wp\/v2\/types\/product"}],"replies":[{"embeddable":true,"href":"https:\/\/nordicmart.andreevmaster.com\/fi\/wp-json\/wp\/v2\/comments?post=34743"}],"wp:featuredmedia":[{"embeddable":true,"href":"https:\/\/nordicmart.andreevmaster.com\/fi\/wp-json\/wp\/v2\/media\/43394"}],"wp:attachment":[{"href":"https:\/\/nordicmart.andreevmaster.com\/fi\/wp-json\/wp\/v2\/media?parent=34743"}],"wp:term":[{"taxonomy":"product_brand","embeddable":true,"href":"https:\/\/nordicmart.andreevmaster.com\/fi\/wp-json\/wp\/v2\/product_brand?post=34743"},{"taxonomy":"product_cat","embeddable":true,"href":"https:\/\/nordicmart.andreevmaster.com\/fi\/wp-json\/wp\/v2\/product_cat?post=34743"},{"taxonomy":"product_tag","embeddable":true,"href":"https:\/\/nordicmart.andreevmaster.com\/fi\/wp-json\/wp\/v2\/product_tag?post=34743"}],"curies":[{"name":"wp","href":"https:\/\/api.w.org\/{rel}","templated":true}]}}