{"id":34742,"date":"2026-02-27T00:26:59","date_gmt":"2026-02-27T00:26:59","guid":{"rendered":"https:\/\/nordicmart.andreevmaster.com\/product\/vasagle-keittionkaappi-liukuovilla\/"},"modified":"2026-02-27T09:46:14","modified_gmt":"2026-02-27T09:46:14","slug":"vasagle-keittionkaappi-liukuovilla","status":"publish","type":"product","link":"https:\/\/nordicmart.andreevmaster.com\/fi\/tuote\/vasagle-keittionkaappi-liukuovilla\/","title":{"rendered":"VASAGLE keitti\u00f6nkaappi liukuovilla"},"content":{"rendered":"<p>Tuotetiedot: V\u00e4ri: vintage-ruskea-musta Materiaali: lastulevy, ter\u00e4s Koko: 100 x 35 x 70 cm (P x L x K) Paino: 25 kg Pinnan maksimaalinen staattinen kantavuus: 40 kg Hyllyjen maksimaalinen staattinen kantavuus: 15 kg kukinToimitus sis\u00e4lt\u00e4\u00e4:1 x sivup\u00f6yt\u00e4 lamelliovilla1 x lis\u00e4varustepaketti1 x kaatumissuoja1 x ohjeet (DE, EN, ES, FR, IT)VASAGLE-ohjeet:Turvallisuussyist\u00e4 lapset eiv\u00e4t saa kiivet\u00e4 tuotteen p\u00e4\u00e4lle tai leikki\u00e4 sill\u00e4.Kiinnit\u00e4 t\u00e4m\u00e4 tuote sein\u00e4\u00e4n mukana toimitetulla kaatumissuojalla kaatumisen est\u00e4miseksi.<\/p>\n","protected":false},"excerpt":{"rendered":"<p>VASAGLE senkki, lipasto, keitti\u00f6n kaappi liukuovilla, olohuone, eteinen, keitti\u00f6, kotitoimisto, ter\u00e4srunko, teollinen tyyli, vintage-ruskea-musta LSC081B01<\/p>\n","protected":false},"featured_media":43393,"comment_status":"open","ping_status":"closed","template":"","meta":[],"product_brand":[],"product_cat":[32],"product_tag":[],"class_list":{"0":"post-34742","1":"product","2":"type-product","3":"status-publish","4":"has-post-thumbnail","6":"product_cat-uncategorized-fi","8":"first","9":"instock","10":"shipping-taxable","11":"purchasable","12":"product-type-simple"},"_links":{"self":[{"href":"https:\/\/nordicmart.andreevmaster.com\/fi\/wp-json\/wp\/v2\/product\/34742","targetHints":{"allow":["GET"]}}],"collection":[{"href":"https:\/\/nordicmart.andreevmaster.com\/fi\/wp-json\/wp\/v2\/product"}],"about":[{"href":"https:\/\/nordicmart.andreevmaster.com\/fi\/wp-json\/wp\/v2\/types\/product"}],"replies":[{"embeddable":true,"href":"https:\/\/nordicmart.andreevmaster.com\/fi\/wp-json\/wp\/v2\/comments?post=34742"}],"wp:featuredmedia":[{"embeddable":true,"href":"https:\/\/nordicmart.andreevmaster.com\/fi\/wp-json\/wp\/v2\/media\/43393"}],"wp:attachment":[{"href":"https:\/\/nordicmart.andreevmaster.com\/fi\/wp-json\/wp\/v2\/media?parent=34742"}],"wp:term":[{"taxonomy":"product_brand","embeddable":true,"href":"https:\/\/nordicmart.andreevmaster.com\/fi\/wp-json\/wp\/v2\/product_brand?post=34742"},{"taxonomy":"product_cat","embeddable":true,"href":"https:\/\/nordicmart.andreevmaster.com\/fi\/wp-json\/wp\/v2\/product_cat?post=34742"},{"taxonomy":"product_tag","embeddable":true,"href":"https:\/\/nordicmart.andreevmaster.com\/fi\/wp-json\/wp\/v2\/product_tag?post=34742"}],"curies":[{"name":"wp","href":"https:\/\/api.w.org\/{rel}","templated":true}]}}