{"id":34739,"date":"2026-02-27T00:26:58","date_gmt":"2026-02-27T00:26:58","guid":{"rendered":"https:\/\/nordicmart.andreevmaster.com\/product\/vasagle-keittionkaappi-avoimilla-hyllyilla\/"},"modified":"2026-02-27T09:46:14","modified_gmt":"2026-02-27T09:46:14","slug":"vasagle-keittionkaappi-avoimilla-hyllyilla","status":"publish","type":"product","link":"https:\/\/nordicmart.andreevmaster.com\/fi\/tuote\/vasagle-keittionkaappi-avoimilla-hyllyilla\/","title":{"rendered":"VASAGLE keitti\u00f6nkaappi avoimilla hyllyill\u00e4"},"content":{"rendered":"<p>Tuotetiedot: &#8211; V\u00e4ri: p\u00e4hkin\u00e4nruskea-musta &#8211; Materiaali: lastulevy, ter\u00e4s &#8211; Koko: 100 x 35 x 80 cm (P x L x K) &#8211; Paino: 26,8 kg &#8211; Pinnan maks. staattinen kantavuus: 30 kg &#8211; Hyllytasojen maks. staattinen kantavuus: 10 kg Toimitus sis\u00e4lt\u00e4\u00e4:- 1 x sivukaappi lamelliovella &#8211; 1 x lis\u00e4varustepaketti &#8211; 1 x kaatumissuoja &#8211; 1 x ohjeet (DE, EN, ES, FR, IT) VASAGLE Huomautukset: &#8211; Turvallisuussyist\u00e4 lapset eiv\u00e4t saa kiivet\u00e4 tuotteen p\u00e4\u00e4lle tai leikki\u00e4 sill\u00e4.- Kiinnit\u00e4 t\u00e4m\u00e4 tuote sein\u00e4\u00e4n mukana toimitetulla kaatumissuojalla turvallisen k\u00e4yt\u00f6n varmistamiseksi.<\/p>\n","protected":false},"excerpt":{"rendered":"<p>VASAGLE sivup\u00f6yt\u00e4, sivukaappi, keitti\u00f6kaappi avoimilla hyllyill\u00e4, eteiskaappi, lipasto lamelliovilla, olohuone, ruokasali, toimisto, eteinen, teollinen muotoilu, greige-musta LSC079B02<\/p>\n","protected":false},"featured_media":43390,"comment_status":"open","ping_status":"closed","template":"","meta":[],"product_brand":[],"product_cat":[32],"product_tag":[],"class_list":{"0":"post-34739","1":"product","2":"type-product","3":"status-publish","4":"has-post-thumbnail","6":"product_cat-uncategorized-fi","8":"first","9":"instock","10":"shipping-taxable","11":"purchasable","12":"product-type-simple"},"_links":{"self":[{"href":"https:\/\/nordicmart.andreevmaster.com\/fi\/wp-json\/wp\/v2\/product\/34739","targetHints":{"allow":["GET"]}}],"collection":[{"href":"https:\/\/nordicmart.andreevmaster.com\/fi\/wp-json\/wp\/v2\/product"}],"about":[{"href":"https:\/\/nordicmart.andreevmaster.com\/fi\/wp-json\/wp\/v2\/types\/product"}],"replies":[{"embeddable":true,"href":"https:\/\/nordicmart.andreevmaster.com\/fi\/wp-json\/wp\/v2\/comments?post=34739"}],"wp:featuredmedia":[{"embeddable":true,"href":"https:\/\/nordicmart.andreevmaster.com\/fi\/wp-json\/wp\/v2\/media\/43390"}],"wp:attachment":[{"href":"https:\/\/nordicmart.andreevmaster.com\/fi\/wp-json\/wp\/v2\/media?parent=34739"}],"wp:term":[{"taxonomy":"product_brand","embeddable":true,"href":"https:\/\/nordicmart.andreevmaster.com\/fi\/wp-json\/wp\/v2\/product_brand?post=34739"},{"taxonomy":"product_cat","embeddable":true,"href":"https:\/\/nordicmart.andreevmaster.com\/fi\/wp-json\/wp\/v2\/product_cat?post=34739"},{"taxonomy":"product_tag","embeddable":true,"href":"https:\/\/nordicmart.andreevmaster.com\/fi\/wp-json\/wp\/v2\/product_tag?post=34739"}],"curies":[{"name":"wp","href":"https:\/\/api.w.org\/{rel}","templated":true}]}}