{"id":34737,"date":"2026-02-27T00:26:58","date_gmt":"2026-02-27T00:26:58","guid":{"rendered":"https:\/\/nordicmart.andreevmaster.com\/product\/vasagle-keittionkaappi-saadettavilla-hyllyilla-tammipuu-musta\/"},"modified":"2026-02-27T09:46:13","modified_gmt":"2026-02-27T09:46:13","slug":"vasagle-keittionkaappi-saadettavilla-hyllyilla-tammipuu-musta","status":"publish","type":"product","link":"https:\/\/nordicmart.andreevmaster.com\/fi\/tuote\/vasagle-keittionkaappi-saadettavilla-hyllyilla-tammipuu-musta\/","title":{"rendered":"VASAGLE keitti\u00f6nkaappi s\u00e4\u00e4dett\u00e4vill\u00e4 hyllyill\u00e4, tammipuu-musta"},"content":{"rendered":"<p>VASAGLE kirjahylly, kirjakabinetti, toimistohylly, keitti\u00f6n kaappi 2 avoimella lokerolla, hyllytaso kaapissa s\u00e4\u00e4dett\u00e4viss\u00e4, monik\u00e4ytt\u00f6inen, teollinen muotoilu, vintage-ruskea-musta LSC66BX<br \/>\nV\u00e4ri: tammipuunruskea-musta<br \/>\nMateriaali: lastulevy, ter\u00e4s<br \/>\nKoko: 35 x 60 x 124,5 cm (S x L x K)<br \/>\nPaino: 25,7 kg<br \/>\nYlimm\u00e4n hyllyn maks. staattinen kantavuus: 30 kg<br \/>\nJokaisen avoimen hyllyn maks. staattinen kantavuus: 20 kg<br \/>\nS\u00e4\u00e4dett\u00e4v\u00e4n hyllyn maks. staattinen kantavuus: 15 kg<\/p>\n","protected":false},"excerpt":{"rendered":"<p>VASAGLE kirjahylly, kirjakabinetti, toimistohylly, keitti\u00f6n kaappi 2 avoimella lokerolla, hyllytaso kaapissa s\u00e4\u00e4dett\u00e4viss\u00e4, monik\u00e4ytt\u00f6inen, teollinen muotoilu, vintage-ruskea-musta LSC66BX<\/p>\n","protected":false},"featured_media":43388,"comment_status":"open","ping_status":"closed","template":"","meta":[],"product_brand":[],"product_cat":[32],"product_tag":[],"class_list":{"0":"post-34737","1":"product","2":"type-product","3":"status-publish","4":"has-post-thumbnail","6":"product_cat-uncategorized-fi","8":"first","9":"instock","10":"shipping-taxable","11":"purchasable","12":"product-type-simple"},"_links":{"self":[{"href":"https:\/\/nordicmart.andreevmaster.com\/fi\/wp-json\/wp\/v2\/product\/34737","targetHints":{"allow":["GET"]}}],"collection":[{"href":"https:\/\/nordicmart.andreevmaster.com\/fi\/wp-json\/wp\/v2\/product"}],"about":[{"href":"https:\/\/nordicmart.andreevmaster.com\/fi\/wp-json\/wp\/v2\/types\/product"}],"replies":[{"embeddable":true,"href":"https:\/\/nordicmart.andreevmaster.com\/fi\/wp-json\/wp\/v2\/comments?post=34737"}],"wp:featuredmedia":[{"embeddable":true,"href":"https:\/\/nordicmart.andreevmaster.com\/fi\/wp-json\/wp\/v2\/media\/43388"}],"wp:attachment":[{"href":"https:\/\/nordicmart.andreevmaster.com\/fi\/wp-json\/wp\/v2\/media?parent=34737"}],"wp:term":[{"taxonomy":"product_brand","embeddable":true,"href":"https:\/\/nordicmart.andreevmaster.com\/fi\/wp-json\/wp\/v2\/product_brand?post=34737"},{"taxonomy":"product_cat","embeddable":true,"href":"https:\/\/nordicmart.andreevmaster.com\/fi\/wp-json\/wp\/v2\/product_cat?post=34737"},{"taxonomy":"product_tag","embeddable":true,"href":"https:\/\/nordicmart.andreevmaster.com\/fi\/wp-json\/wp\/v2\/product_tag?post=34737"}],"curies":[{"name":"wp","href":"https:\/\/api.w.org\/{rel}","templated":true}]}}