{"id":34736,"date":"2026-02-27T00:26:57","date_gmt":"2026-02-27T00:26:57","guid":{"rendered":"https:\/\/nordicmart.andreevmaster.com\/product\/korkea-sailytyskaappi-2\/"},"modified":"2026-02-27T09:46:13","modified_gmt":"2026-02-27T09:46:13","slug":"korkea-sailytyskaappi-2","status":"publish","type":"product","link":"https:\/\/nordicmart.andreevmaster.com\/fi\/tuote\/korkea-sailytyskaappi-2\/","title":{"rendered":"Korkea s\u00e4ilytyskaappi"},"content":{"rendered":"<p>Rustiikkinen puinen yl\u00e4osa, mattamusta viimeistely, tihe\u00e4 metalliverkko-ovi, tyylikk\u00e4\u00e4t kahvat ja kapenevat jalat yhdistyv\u00e4t moderniin, teolliseen tyyliin ja tuovat persoonallisuutta kaikkialle, minne asetat t\u00e4m\u00e4n lattiakaapin.Koska t\u00e4m\u00e4 korkea s\u00e4ilytyskaappi vie niin v\u00e4h\u00e4n tilaa, mutta tarjoaa ovien takana 4 tasoa, joihin voit sijoittaa kirjoja, toimistotarvikkeita ja muuta, se on el\u00e4m\u00e4ns\u00e4\u00e4st\u00e4j\u00e4 &#8211; erityisesti niille, joilla on v\u00e4h\u00e4n tilaa.Kuten aina, s\u00e4\u00e4dett\u00e4v\u00e4t mallit helpottavat el\u00e4m\u00e4\u00e4. T\u00e4ss\u00e4 kaapissa on s\u00e4\u00e4dett\u00e4v\u00e4 hylly, jossa on k\u00e4ytett\u00e4viss\u00e4 5 korkeutta, joten voit kutsua sinne lis\u00e4\u00e4 erikorkuisia esineit\u00e4. Lis\u00e4ksi 4 s\u00e4\u00e4dett\u00e4v\u00e4\u00e4 jalkaa takaavat, ett\u00e4 kaappisi on aina vakaa.T\u00e4h\u00e4n kaappiin, jossa on vankka ter\u00e4srunko ja suunniteltu puuhylly, mahtuu helposti kahvimukeja, laseja, kirjoja tai elokuvakokoelma. Jokainen ovi on varustettu magneettilukolla, joka helpottaa avaamista ja sulkeutuu tiiviisti.<\/p>\n<p>Tekniset tiedot: &#8211; V\u00e4ri: Rustic Brown, Black &#8211; Materiaali: Rustic Brown, Black &#8211; Materiaali: Rustic Brown, Black: Materiaali: Lastulevy, ter\u00e4s- Tuotteen koko: 15,7 &#8221;L x 11,8 &#8221;L x 55,1 &#8221;K (40 x 30 x 140 cm) Pakkauksen sis\u00e4lt\u00f6:- 1 x S\u00e4ilytyskaappi- 1 x Asennussarja- 1 x Ohjeet (EN, DE, FR, ES, IT)<\/p>\n","protected":false},"excerpt":{"rendered":"<p>Rustiikkinen puinen yl\u00e4osa, mattamusta viimeistely, tihe\u00e4 metalliverkko-ovi, tyylikk\u00e4\u00e4t kahvat ja kapenevat jalat yhdistyv\u00e4t moderniin, teolliseen tyyliin ja tuovat persoonallisuutta kaikkialle, minne asetat t\u00e4m\u00e4n lattiakaapin.Koska t\u00e4m\u00e4 korkea s\u00e4ilytyskaappi vie niin v\u00e4h\u00e4n tilaa, mutta tarjoaa ovien takana 4 tasoa, joihin voit sijoittaa kirjoja, toimistotarvikkeita ja muuta, se on el\u00e4m\u00e4ns\u00e4\u00e4st\u00e4j\u00e4 &#8211; erityisesti niille, joilla on v\u00e4h\u00e4n tilaa.Kuten aina, [&hellip;]<\/p>\n","protected":false},"featured_media":0,"comment_status":"open","ping_status":"closed","template":"","meta":[],"product_brand":[],"product_cat":[32],"product_tag":[],"class_list":{"0":"post-34736","1":"product","2":"type-product","3":"status-publish","5":"product_cat-uncategorized-fi","7":"first","8":"instock","9":"shipping-taxable","10":"product-type-simple"},"_links":{"self":[{"href":"https:\/\/nordicmart.andreevmaster.com\/fi\/wp-json\/wp\/v2\/product\/34736","targetHints":{"allow":["GET"]}}],"collection":[{"href":"https:\/\/nordicmart.andreevmaster.com\/fi\/wp-json\/wp\/v2\/product"}],"about":[{"href":"https:\/\/nordicmart.andreevmaster.com\/fi\/wp-json\/wp\/v2\/types\/product"}],"replies":[{"embeddable":true,"href":"https:\/\/nordicmart.andreevmaster.com\/fi\/wp-json\/wp\/v2\/comments?post=34736"}],"wp:attachment":[{"href":"https:\/\/nordicmart.andreevmaster.com\/fi\/wp-json\/wp\/v2\/media?parent=34736"}],"wp:term":[{"taxonomy":"product_brand","embeddable":true,"href":"https:\/\/nordicmart.andreevmaster.com\/fi\/wp-json\/wp\/v2\/product_brand?post=34736"},{"taxonomy":"product_cat","embeddable":true,"href":"https:\/\/nordicmart.andreevmaster.com\/fi\/wp-json\/wp\/v2\/product_cat?post=34736"},{"taxonomy":"product_tag","embeddable":true,"href":"https:\/\/nordicmart.andreevmaster.com\/fi\/wp-json\/wp\/v2\/product_tag?post=34736"}],"curies":[{"name":"wp","href":"https:\/\/api.w.org\/{rel}","templated":true}]}}