{"id":34735,"date":"2026-02-27T00:26:57","date_gmt":"2026-02-27T00:26:57","guid":{"rendered":"https:\/\/nordicmart.andreevmaster.com\/product\/sailytyksen-sivukaappi-2\/"},"modified":"2026-02-27T09:46:13","modified_gmt":"2026-02-27T09:46:13","slug":"sailytyksen-sivukaappi-2","status":"publish","type":"product","link":"https:\/\/nordicmart.andreevmaster.com\/fi\/tuote\/sailytyksen-sivukaappi-2\/","title":{"rendered":"S\u00e4ilytyksen sivukaappi"},"content":{"rendered":"<p>L\u00e4mpim\u00e4t rustiikkisen ruskeat puun s\u00e4vyt, musta ter\u00e4srunko, tihe\u00e4t verkko-ovet ja kartiomaiset jalat &#8211; n\u00e4m\u00e4 korostukset yhdistyv\u00e4t t\u00e4ss\u00e4 s\u00e4ilytyskaapissa, mik\u00e4 tekee siit\u00e4 tyylikk\u00e4\u00e4n teollisen teoksen, joka tekee vaikutuksen kotiisi.<br \/>\nAseta kauniita maljakoita ja kuvakehyksi\u00e4 p\u00f6yt\u00e4levylle ja s\u00e4ilyt\u00e4 kirjoja ja k\u00e4sit\u00f6it\u00e4 alla olevissa kahdessa s\u00e4ilytyshyllyiss\u00e4. Kaapin sis\u00e4ll\u00e4 oleva kokoelmasi on osittain piilossa ja osittain n\u00e4kyviss\u00e4 mattamustien metalliverkko-ovien takana, mik\u00e4 tekee niist\u00e4 entist\u00e4 houkuttelevamman n\u00e4k\u00f6iset.Tyylikk\u00e4\u00e4ll\u00e4 ja toimivalla s\u00e4ilytystilalla varustettu kaappi on suunniteltu mihin tahansa paikkaan \u2013 olohuoneeseen vitriinikaapiksi, makuuhuoneeseen vaatteille ja liinavaatteille, eteiseen ulkoilutarvikkeille, ty\u00f6huoneeseen toimistotarvikkeille, ruokailuhuoneeseen astiastoille tai pukuhuoneeseen kosmetiikalle&#8230;<\/p>\n<p>Etk\u00f6 halua koota? Ei h\u00e4t\u00e4\u00e4. Numeroitujen osien ja helppotajuisten ohjeiden ansiosta pystyt\u00e4t t\u00e4m\u00e4n s\u00e4ilytyskaapin hetkess\u00e4. S\u00e4\u00e4dett\u00e4v\u00e4t jalat tasoittavat lattian ep\u00e4tasaisuuksia.<\/p>\n<p>Tekniset tiedot:- V\u00e4ri: &#8211; V\u00e4rillinen: V\u00e4ri: Rustic Brown, Black- Materiaali: Rustic Brown, Black- Materiaali: Rustic Brown, Black: Materiaali: Lastulevy, ter\u00e4s- Tuotteen koko: 29,5 &#8221;L x 12,9 &#8221;L x 39,3 &#8221;K (75 x 33 x 100 cm) Pakkauksen sis\u00e4lt\u00f6:- 1 x S\u00e4ilytyskaappi- 1 x Asennussarja- 1 x Ohjeet (EN, DE, FR, ES, IT)<\/p>\n","protected":false},"excerpt":{"rendered":"<p>L\u00e4mpim\u00e4t rustiikkisen ruskeat puun s\u00e4vyt, musta ter\u00e4srunko, tihe\u00e4t verkko-ovet ja kartiomaiset jalat &#8211; n\u00e4m\u00e4 korostukset yhdistyv\u00e4t t\u00e4ss\u00e4 s\u00e4ilytyskaapissa, mik\u00e4 tekee siit\u00e4 tyylikk\u00e4\u00e4n teollisen teoksen, joka tekee vaikutuksen kotiisi. Aseta kauniita maljakoita ja kuvakehyksi\u00e4 p\u00f6yt\u00e4levylle ja s\u00e4ilyt\u00e4 kirjoja ja k\u00e4sit\u00f6it\u00e4 alla olevissa kahdessa s\u00e4ilytyshyllyiss\u00e4. Kaapin sis\u00e4ll\u00e4 oleva kokoelmasi on osittain piilossa ja osittain n\u00e4kyviss\u00e4 mattamustien metalliverkko-ovien [&hellip;]<\/p>\n","protected":false},"featured_media":0,"comment_status":"open","ping_status":"closed","template":"","meta":[],"product_brand":[],"product_cat":[32],"product_tag":[],"class_list":{"0":"post-34735","1":"product","2":"type-product","3":"status-publish","5":"product_cat-uncategorized-fi","7":"first","8":"instock","9":"shipping-taxable","10":"product-type-simple"},"_links":{"self":[{"href":"https:\/\/nordicmart.andreevmaster.com\/fi\/wp-json\/wp\/v2\/product\/34735","targetHints":{"allow":["GET"]}}],"collection":[{"href":"https:\/\/nordicmart.andreevmaster.com\/fi\/wp-json\/wp\/v2\/product"}],"about":[{"href":"https:\/\/nordicmart.andreevmaster.com\/fi\/wp-json\/wp\/v2\/types\/product"}],"replies":[{"embeddable":true,"href":"https:\/\/nordicmart.andreevmaster.com\/fi\/wp-json\/wp\/v2\/comments?post=34735"}],"wp:attachment":[{"href":"https:\/\/nordicmart.andreevmaster.com\/fi\/wp-json\/wp\/v2\/media?parent=34735"}],"wp:term":[{"taxonomy":"product_brand","embeddable":true,"href":"https:\/\/nordicmart.andreevmaster.com\/fi\/wp-json\/wp\/v2\/product_brand?post=34735"},{"taxonomy":"product_cat","embeddable":true,"href":"https:\/\/nordicmart.andreevmaster.com\/fi\/wp-json\/wp\/v2\/product_cat?post=34735"},{"taxonomy":"product_tag","embeddable":true,"href":"https:\/\/nordicmart.andreevmaster.com\/fi\/wp-json\/wp\/v2\/product_tag?post=34735"}],"curies":[{"name":"wp","href":"https:\/\/api.w.org\/{rel}","templated":true}]}}