{"id":34734,"date":"2026-02-27T00:26:57","date_gmt":"2026-02-27T00:26:57","guid":{"rendered":"https:\/\/nordicmart.andreevmaster.com\/product\/television-sailytyskaappi-2\/"},"modified":"2026-02-27T09:46:13","modified_gmt":"2026-02-27T09:46:13","slug":"television-sailytyskaappi-2","status":"publish","type":"product","link":"https:\/\/nordicmart.andreevmaster.com\/fi\/tuote\/television-sailytyskaappi-2\/","title":{"rendered":"Television s\u00e4ilytyskaappi"},"content":{"rendered":"<p>Kun kyseess\u00e4 on esine, jota jokainen perheenj\u00e4sen saattaa k\u00e4ytt\u00e4\u00e4, miksi et valitsisi sellaista, jolla on hyv\u00e4 tyyli? T\u00e4m\u00e4 s\u00e4ilytyskaappi ihastuttaa varmasti erilaisilla upeilla yksityiskohdillaan &#8211; ruskeanruskeat s\u00e4vyt, mattamusta ter\u00e4srunko, tihe\u00e4t verkko-ovet ja kartiomaiset jalat.Aseta televisio p\u00f6yt\u00e4levylle ja s\u00e4ilyt\u00e4 kirjoja ja medioita kahdessa alla olevassa s\u00e4ilytyshyllyss\u00e4. Kaapin sis\u00e4ll\u00e4 oleva kokoelmasi on osittain piilossa ja osittain n\u00e4kyviss\u00e4 mattamustien metalliverkko-ovien takana, mik\u00e4 tekee niist\u00e4 entist\u00e4 houkuttelevamman n\u00e4k\u00f6iset.T\u00e4m\u00e4 kaappi on monipuolinen esine, jota voit k\u00e4ytt\u00e4\u00e4 kodin eri huoneissa \u2013 k\u00e4yt\u00e4 sit\u00e4 olohuoneen tv-kaappina perheen viihdett\u00e4 varten, sohvan tai nojatuolin vieress\u00e4 olevana sivukaappina kirjoille tai makuuhuoneen liinavaatekaappina lakanoille ja peitoille.VASAGLE tarjoaa kokonaisen malliston samantyylisi\u00e4 huonekaluja t\u00e4ydent\u00e4m\u00e4\u00e4n kotiasi, johon kuuluu muun muassa sivutiskikaappeja ja korkeakaappeja. Voit my\u00f6s tehd\u00e4 oman viihdekeskuksesi j\u00e4rjestelem\u00e4ll\u00e4 ne yhteen. Etsi ja l\u00f6yd\u00e4 lis\u00e4\u00e4!<\/p>\n<p>Tekniset tiedot:- V\u00e4ri: V\u00e4ri: Rustic Brown, Black- Materiaali: Rustic Brown, Black- Materiaali: Rustic Brown, Black: Materiaali: Lastulevy, ter\u00e4s- Tuotteen koko: 39,3 &#8221;L x 13,7 &#8221;L x 21,8 &#8221;K (100 x 35 x 55,5 cm)- Max. P\u00f6yt\u00e4levyn staattinen kuormitettavuus: 30 kg (66 lb) &#8211; Max. Staattinen kuormituskapasiteetti sis\u00e4hylly\u00e4 kohti: Max: 44 lb (20 kg) Pakkauksen sis\u00e4lt\u00f6:- 1 x TV-s\u00e4ilytyskaappi- 1 x Asennussarja- 1 x Ohjeet (EN, DE, FR, ES, IT)<\/p>\n","protected":false},"excerpt":{"rendered":"<p>Kun kyseess\u00e4 on esine, jota jokainen perheenj\u00e4sen saattaa k\u00e4ytt\u00e4\u00e4, miksi et valitsisi sellaista, jolla on hyv\u00e4 tyyli? T\u00e4m\u00e4 s\u00e4ilytyskaappi ihastuttaa varmasti erilaisilla upeilla yksityiskohdillaan &#8211; ruskeanruskeat s\u00e4vyt, mattamusta ter\u00e4srunko, tihe\u00e4t verkko-ovet ja kartiomaiset jalat.Aseta televisio p\u00f6yt\u00e4levylle ja s\u00e4ilyt\u00e4 kirjoja ja medioita kahdessa alla olevassa s\u00e4ilytyshyllyss\u00e4. Kaapin sis\u00e4ll\u00e4 oleva kokoelmasi on osittain piilossa ja osittain n\u00e4kyviss\u00e4 [&hellip;]<\/p>\n","protected":false},"featured_media":0,"comment_status":"open","ping_status":"closed","template":"","meta":[],"product_brand":[],"product_cat":[32],"product_tag":[],"class_list":{"0":"post-34734","1":"product","2":"type-product","3":"status-publish","5":"product_cat-uncategorized-fi","7":"first","8":"instock","9":"shipping-taxable","10":"product-type-simple"},"_links":{"self":[{"href":"https:\/\/nordicmart.andreevmaster.com\/fi\/wp-json\/wp\/v2\/product\/34734","targetHints":{"allow":["GET"]}}],"collection":[{"href":"https:\/\/nordicmart.andreevmaster.com\/fi\/wp-json\/wp\/v2\/product"}],"about":[{"href":"https:\/\/nordicmart.andreevmaster.com\/fi\/wp-json\/wp\/v2\/types\/product"}],"replies":[{"embeddable":true,"href":"https:\/\/nordicmart.andreevmaster.com\/fi\/wp-json\/wp\/v2\/comments?post=34734"}],"wp:attachment":[{"href":"https:\/\/nordicmart.andreevmaster.com\/fi\/wp-json\/wp\/v2\/media?parent=34734"}],"wp:term":[{"taxonomy":"product_brand","embeddable":true,"href":"https:\/\/nordicmart.andreevmaster.com\/fi\/wp-json\/wp\/v2\/product_brand?post=34734"},{"taxonomy":"product_cat","embeddable":true,"href":"https:\/\/nordicmart.andreevmaster.com\/fi\/wp-json\/wp\/v2\/product_cat?post=34734"},{"taxonomy":"product_tag","embeddable":true,"href":"https:\/\/nordicmart.andreevmaster.com\/fi\/wp-json\/wp\/v2\/product_tag?post=34734"}],"curies":[{"name":"wp","href":"https:\/\/api.w.org\/{rel}","templated":true}]}}