{"id":34730,"date":"2026-02-27T00:26:56","date_gmt":"2026-02-27T00:26:56","guid":{"rendered":"https:\/\/nordicmart.andreevmaster.com\/product\/vasagle-kenkapenkki-seinavaatekaappi-setti-10-kaksoiskoukkua-leveys-102-cm\/"},"modified":"2026-02-27T09:46:12","modified_gmt":"2026-02-27T09:46:12","slug":"vasagle-kenkapenkki-seinavaatekaappi-setti-10-kaksoiskoukkua-leveys-102-cm","status":"publish","type":"product","link":"https:\/\/nordicmart.andreevmaster.com\/fi\/tuote\/vasagle-kenkapenkki-seinavaatekaappi-setti-10-kaksoiskoukkua-leveys-102-cm\/","title":{"rendered":"VASAGLE kenk\u00e4penkki sein\u00e4vaatekaappi-setti, 10 kaksoiskoukkua, leveys 102 cm"},"content":{"rendered":"<p>VASAGLE kenk\u00e4penkki sein\u00e4vaatekaappi-setti, vaatekaappi peilill\u00e4, 8 kaksoiskoukkua, kenk\u00e4kaappi s\u00e4\u00e4dett\u00e4vill\u00e4 hyllyill\u00e4, pariovet, penkki, irrotettava istuintyyny, leveys 82 cm, pilvinen valkoinen LSC010W01<br \/>\nV\u00e4ri: pilvinen valkoinen<br \/>\nMateriaali: lastulevy, peili, vaahtomuovi, metalli, keinokangas<br \/>\nKenk\u00e4penkin koko: 31 x 102 x 52 cm (S x L x K)<br \/>\nSein\u00e4vaatekaapin koko: 20 x 102 x 90 cm (S x L x K)<br \/>\nPeilin koko: 84,8 x 26 cm (P x L)<br \/>\nKokonaispaino: 26,9 kg<br \/>\nKenk\u00e4penkin istuimen maks. staattinen kantavuus: 136 kg<br \/>\nKenk\u00e4penkin hyllyjen maks. staattinen kantavuus: 10 kg<br \/>\nKoukun maksimaalinen staattinen kantavuus: 3 kg<br \/>\nVaatekaapin yl\u00e4levyn maks. staattinen kantavuus: 10 kg<br \/>\nVaatekaapin suurin staattinen kantavuus yhteens\u00e4: 40 kg<\/p>\n","protected":false},"excerpt":{"rendered":"<p>VASAGLE kenk\u00e4penkki sein\u00e4vaatekaappi-setti, vaatekaappi peilill\u00e4, 8 kaksoiskoukkua, kenk\u00e4kaappi s\u00e4\u00e4dett\u00e4vill\u00e4 hyllyill\u00e4, pariovet, penkki, irrotettava istuintyyny, leveys 82 cm, pilvinen valkoinen LSC010W01<\/p>\n","protected":false},"featured_media":43384,"comment_status":"open","ping_status":"closed","template":"","meta":[],"product_brand":[],"product_cat":[32],"product_tag":[],"class_list":{"0":"post-34730","1":"product","2":"type-product","3":"status-publish","4":"has-post-thumbnail","6":"product_cat-uncategorized-fi","8":"first","9":"instock","10":"shipping-taxable","11":"purchasable","12":"product-type-simple"},"_links":{"self":[{"href":"https:\/\/nordicmart.andreevmaster.com\/fi\/wp-json\/wp\/v2\/product\/34730","targetHints":{"allow":["GET"]}}],"collection":[{"href":"https:\/\/nordicmart.andreevmaster.com\/fi\/wp-json\/wp\/v2\/product"}],"about":[{"href":"https:\/\/nordicmart.andreevmaster.com\/fi\/wp-json\/wp\/v2\/types\/product"}],"replies":[{"embeddable":true,"href":"https:\/\/nordicmart.andreevmaster.com\/fi\/wp-json\/wp\/v2\/comments?post=34730"}],"wp:featuredmedia":[{"embeddable":true,"href":"https:\/\/nordicmart.andreevmaster.com\/fi\/wp-json\/wp\/v2\/media\/43384"}],"wp:attachment":[{"href":"https:\/\/nordicmart.andreevmaster.com\/fi\/wp-json\/wp\/v2\/media?parent=34730"}],"wp:term":[{"taxonomy":"product_brand","embeddable":true,"href":"https:\/\/nordicmart.andreevmaster.com\/fi\/wp-json\/wp\/v2\/product_brand?post=34730"},{"taxonomy":"product_cat","embeddable":true,"href":"https:\/\/nordicmart.andreevmaster.com\/fi\/wp-json\/wp\/v2\/product_cat?post=34730"},{"taxonomy":"product_tag","embeddable":true,"href":"https:\/\/nordicmart.andreevmaster.com\/fi\/wp-json\/wp\/v2\/product_tag?post=34730"}],"curies":[{"name":"wp","href":"https:\/\/api.w.org\/{rel}","templated":true}]}}