{"id":34724,"date":"2026-02-27T00:26:55","date_gmt":"2026-02-27T00:26:55","guid":{"rendered":"https:\/\/nordicmart.andreevmaster.com\/product\/vasagle-kenkapenkki-sailytystilalla-maalaistyyli-harmahtava\/"},"modified":"2026-02-27T09:46:11","modified_gmt":"2026-02-27T09:46:11","slug":"vasagle-kenkapenkki-sailytystilalla-maalaistyyli-harmahtava","status":"publish","type":"product","link":"https:\/\/nordicmart.andreevmaster.com\/fi\/tuote\/vasagle-kenkapenkki-sailytystilalla-maalaistyyli-harmahtava\/","title":{"rendered":"VASAGLE kenk\u00e4penkki s\u00e4ilytystilalla, maalaistyyli, harmahtava"},"content":{"rendered":"<p>Kenk\u00e4penkki, penkki s\u00e4ilytystilalla, istuinkirstu 2 turvahaarukalla, s\u00e4ilytyskaappi, 40 x 100 x 46 cm, eteinen, makuuhuone, pilvinen valkoinen<br \/>\nV\u00e4ri: harmaa-beige<br \/>\nMateriaali: lastulevy<br \/>\nKoko: 40 x 100 x 46 cm (S x L x K)<br \/>\nPaino: 19,5 kg<br \/>\nPenkkiin kohdistuva maksimaalinen staattinen kuormitus: 136 kg<br \/>\nSis\u00e4laatikon maks. staattinen kantavuus: 60 kg<\/p>\n","protected":false},"excerpt":{"rendered":"<p>Kenk\u00e4penkki, penkki s\u00e4ilytystilalla, istuinkirstu 2 turvahaarukalla, s\u00e4ilytyskaappi, 40 x 100 x 46 cm, eteinen, makuuhuone, pilvinen valkoinen<\/p>\n","protected":false},"featured_media":43379,"comment_status":"open","ping_status":"closed","template":"","meta":[],"product_brand":[],"product_cat":[32],"product_tag":[],"class_list":{"0":"post-34724","1":"product","2":"type-product","3":"status-publish","4":"has-post-thumbnail","6":"product_cat-uncategorized-fi","8":"first","9":"instock","10":"shipping-taxable","11":"purchasable","12":"product-type-simple"},"_links":{"self":[{"href":"https:\/\/nordicmart.andreevmaster.com\/fi\/wp-json\/wp\/v2\/product\/34724","targetHints":{"allow":["GET"]}}],"collection":[{"href":"https:\/\/nordicmart.andreevmaster.com\/fi\/wp-json\/wp\/v2\/product"}],"about":[{"href":"https:\/\/nordicmart.andreevmaster.com\/fi\/wp-json\/wp\/v2\/types\/product"}],"replies":[{"embeddable":true,"href":"https:\/\/nordicmart.andreevmaster.com\/fi\/wp-json\/wp\/v2\/comments?post=34724"}],"wp:featuredmedia":[{"embeddable":true,"href":"https:\/\/nordicmart.andreevmaster.com\/fi\/wp-json\/wp\/v2\/media\/43379"}],"wp:attachment":[{"href":"https:\/\/nordicmart.andreevmaster.com\/fi\/wp-json\/wp\/v2\/media?parent=34724"}],"wp:term":[{"taxonomy":"product_brand","embeddable":true,"href":"https:\/\/nordicmart.andreevmaster.com\/fi\/wp-json\/wp\/v2\/product_brand?post=34724"},{"taxonomy":"product_cat","embeddable":true,"href":"https:\/\/nordicmart.andreevmaster.com\/fi\/wp-json\/wp\/v2\/product_cat?post=34724"},{"taxonomy":"product_tag","embeddable":true,"href":"https:\/\/nordicmart.andreevmaster.com\/fi\/wp-json\/wp\/v2\/product_tag?post=34724"}],"curies":[{"name":"wp","href":"https:\/\/api.w.org\/{rel}","templated":true}]}}