{"id":34717,"date":"2026-02-27T00:26:53","date_gmt":"2026-02-27T00:26:53","guid":{"rendered":"https:\/\/nordicmart.andreevmaster.com\/product\/songmics-penkki-pehmustetulla-istuimella\/"},"modified":"2026-02-27T09:46:09","modified_gmt":"2026-02-27T09:46:09","slug":"songmics-penkki-pehmustetulla-istuimella","status":"publish","type":"product","link":"https:\/\/nordicmart.andreevmaster.com\/fi\/tuote\/songmics-penkki-pehmustetulla-istuimella\/","title":{"rendered":"SONGMICS penkki pehmustetulla istuimella"},"content":{"rendered":"<p>Tuotetiedot: V\u00e4ri: mattamusta Materiaali: lastulevy, ter\u00e4s, PVC, vaahtomuovi Koko: 80 x 40 x 50 cm (P x L x K) Paino: 12,3 kg Istuimen maks. staattinen kantavuus: 130 kg Arkun maks. staattinen kantavuus: 50 kg Toimitus sis\u00e4lt\u00e4\u00e4: 1 x istuinarkku s\u00e4ilytystilalla 1 x lis\u00e4varustepaketti 1 x ohjeet SONGMICS-ohjeet:Jos p\u00e4\u00e4t\u00e4t asentaa rullat, turvallisuussyist\u00e4 on kielletty\u00e4 siirt\u00e4\u00e4 tuotetta, kun istut penkill\u00e4. Turvallisuussyist\u00e4 lapset eiv\u00e4t saa kiivet\u00e4 tuotteelle tai leikki\u00e4 sill\u00e4. Istuimen suurin staattinen kantavuus on 130 kg. \u00c4l\u00e4 ylit\u00e4 t\u00e4t\u00e4 enimm\u00e4ispainoa.<\/p>\n","protected":false},"excerpt":{"rendered":"<p>SONGMICS penkki, arkku kannella, pehmustettu istuin, istuinarkku s\u00e4ilytystilalla, py\u00f6rill\u00e4, turvasarana, k\u00e4yt\u00e4v\u00e4\u00e4n, makuuhuoneeseen, olohuoneeseen, levyill\u00e4, joissa reiki\u00e4, mattamusta LSB901B01<\/p>\n","protected":false},"featured_media":43375,"comment_status":"open","ping_status":"closed","template":"","meta":[],"product_brand":[],"product_cat":[32],"product_tag":[],"class_list":{"0":"post-34717","1":"product","2":"type-product","3":"status-publish","4":"has-post-thumbnail","6":"product_cat-uncategorized-fi","8":"first","9":"instock","10":"shipping-taxable","11":"purchasable","12":"product-type-simple"},"_links":{"self":[{"href":"https:\/\/nordicmart.andreevmaster.com\/fi\/wp-json\/wp\/v2\/product\/34717","targetHints":{"allow":["GET"]}}],"collection":[{"href":"https:\/\/nordicmart.andreevmaster.com\/fi\/wp-json\/wp\/v2\/product"}],"about":[{"href":"https:\/\/nordicmart.andreevmaster.com\/fi\/wp-json\/wp\/v2\/types\/product"}],"replies":[{"embeddable":true,"href":"https:\/\/nordicmart.andreevmaster.com\/fi\/wp-json\/wp\/v2\/comments?post=34717"}],"wp:featuredmedia":[{"embeddable":true,"href":"https:\/\/nordicmart.andreevmaster.com\/fi\/wp-json\/wp\/v2\/media\/43375"}],"wp:attachment":[{"href":"https:\/\/nordicmart.andreevmaster.com\/fi\/wp-json\/wp\/v2\/media?parent=34717"}],"wp:term":[{"taxonomy":"product_brand","embeddable":true,"href":"https:\/\/nordicmart.andreevmaster.com\/fi\/wp-json\/wp\/v2\/product_brand?post=34717"},{"taxonomy":"product_cat","embeddable":true,"href":"https:\/\/nordicmart.andreevmaster.com\/fi\/wp-json\/wp\/v2\/product_cat?post=34717"},{"taxonomy":"product_tag","embeddable":true,"href":"https:\/\/nordicmart.andreevmaster.com\/fi\/wp-json\/wp\/v2\/product_tag?post=34717"}],"curies":[{"name":"wp","href":"https:\/\/api.w.org\/{rel}","templated":true}]}}