{"id":34715,"date":"2026-02-27T00:26:52","date_gmt":"2026-02-27T00:26:52","guid":{"rendered":"https:\/\/nordicmart.andreevmaster.com\/product\/vasagle-industrial-look-penkki-sailytystilalla\/"},"modified":"2026-02-27T09:46:09","modified_gmt":"2026-02-27T09:46:09","slug":"vasagle-industrial-look-penkki-sailytystilalla","status":"publish","type":"product","link":"https:\/\/nordicmart.andreevmaster.com\/fi\/tuote\/vasagle-industrial-look-penkki-sailytystilalla\/","title":{"rendered":"VASAGLE Industrial Look -penkki s\u00e4ilytystilalla"},"content":{"rendered":"<p>Tyylik\u00e4s istuinlaatikko teollisessa designissa Voit odottaa seuraavia etuja: &#8211; Huonekalu trendikk\u00e4\u00e4ss\u00e4 teollisessa designissa Chesterfield-kuviolla &#8211; Helppo puhdistaa, kest\u00e4v\u00e4 PU-keinonahka &#8211; 40 mm paksu pehmuste takaa korkean istumamukavuuden &#8211; Vakaa ter\u00e4srunko; maks. kantavuus: 120 kg &#8211; Lis\u00e4s\u00e4ilytystilaa istuimen alla ja ritil\u00e4hyllyll\u00e4 &#8211; Voidaan k\u00e4ytt\u00e4\u00e4 s\u00e4ngyn s\u00e4ilytysarkuna, kenk\u00e4hyllyn\u00e4 tai penkkin\u00e4 T\u00dcV-testattu laatu Sek\u00e4 PU-p\u00e4\u00e4llinen ett\u00e4 vaahtomuovi on testattu T\u00dcV Rheinlandin paloturvallisuustestiss\u00e4 eri palol\u00e4hteill\u00e4. Testiss\u00e4 ei ilmennyt savua, kytevi\u00e4 paloja eik\u00e4 tulipaloja. H\u00e4t\u00e4tilanteessa olet siis turvallisella puolella t\u00e4m\u00e4n huonekalun kanssa. &#8211; PU-keinonahka: Testiraportti nro 1160053083a 001; l\u00e4p\u00e4issyt testin mukaisesti &#8221;Brittil\u00e4inen (paloturvallisuus)asetus huonekaluille ja muille sisustustuotteille vuodelta 1988 (muutettu 1989, 1993, 2010), liite 4 osa I: Savuketesti&#8221; sek\u00e4 &#8221;Ison-Britannian (paloturvallisuus)asetus huonekaluista ja muista sisustustuotteista vuodelta 1988 (muutettu 1989, 1993, 2010), liite 5 osa I: Tikkatesti&#8221; &#8211; Vaahtomuovi: Testiraportti nro 0180100351a 001; l\u00e4p\u00e4issyt &#8221;Ison-Britannian (paloturvallisuus)asetus huonekaluista ja muista sisustustuotteista vuodelta 1988 (muutettu 1989, 1993, 2010), liite 1 osa I: Polyuretaanivaahdon palavuustesti levy- tai tyynymuodossa\u201d Tuotetiedot: &#8211; V\u00e4ri: vintage-ruskea-musta (verhoilu hieman kiilt\u00e4v\u00e4, ter\u00e4s mattamusta) &#8211; Materiaali: vaahtomuovi, PU-keinonahka, lastulevy, ter\u00e4srunko &#8211; Koko: 100 x 47 x 40 cm (L x K x S) &#8211; Paino: 20 kg &#8211; Maks. kantavuus: 120 kg Toimitus sis\u00e4lt\u00e4\u00e4: &#8211; 1 x penkki &#8211; 1 x tarvikepussi &#8211; 1 x ohjeet (DE, EN, FR, ES, IT)<\/p>\n","protected":false},"excerpt":{"rendered":"<p>VASAGLE kenk\u00e4penkki, penkki pehmustetulla istuimella ja kenk\u00e4hyllyll\u00e4, s\u00e4ilytystilalla varustettu s\u00e4ngynarkku, monik\u00e4ytt\u00f6inen arkku, eteinen, makuuhuone, keinonahka, teollinen muotoilu, vintage-ruskea-musta LSB47BX<\/p>\n","protected":false},"featured_media":43373,"comment_status":"open","ping_status":"closed","template":"","meta":[],"product_brand":[],"product_cat":[32],"product_tag":[],"class_list":{"0":"post-34715","1":"product","2":"type-product","3":"status-publish","4":"has-post-thumbnail","6":"product_cat-uncategorized-fi","8":"first","9":"instock","10":"shipping-taxable","11":"purchasable","12":"product-type-simple"},"_links":{"self":[{"href":"https:\/\/nordicmart.andreevmaster.com\/fi\/wp-json\/wp\/v2\/product\/34715","targetHints":{"allow":["GET"]}}],"collection":[{"href":"https:\/\/nordicmart.andreevmaster.com\/fi\/wp-json\/wp\/v2\/product"}],"about":[{"href":"https:\/\/nordicmart.andreevmaster.com\/fi\/wp-json\/wp\/v2\/types\/product"}],"replies":[{"embeddable":true,"href":"https:\/\/nordicmart.andreevmaster.com\/fi\/wp-json\/wp\/v2\/comments?post=34715"}],"wp:featuredmedia":[{"embeddable":true,"href":"https:\/\/nordicmart.andreevmaster.com\/fi\/wp-json\/wp\/v2\/media\/43373"}],"wp:attachment":[{"href":"https:\/\/nordicmart.andreevmaster.com\/fi\/wp-json\/wp\/v2\/media?parent=34715"}],"wp:term":[{"taxonomy":"product_brand","embeddable":true,"href":"https:\/\/nordicmart.andreevmaster.com\/fi\/wp-json\/wp\/v2\/product_brand?post=34715"},{"taxonomy":"product_cat","embeddable":true,"href":"https:\/\/nordicmart.andreevmaster.com\/fi\/wp-json\/wp\/v2\/product_cat?post=34715"},{"taxonomy":"product_tag","embeddable":true,"href":"https:\/\/nordicmart.andreevmaster.com\/fi\/wp-json\/wp\/v2\/product_tag?post=34715"}],"curies":[{"name":"wp","href":"https:\/\/api.w.org\/{rel}","templated":true}]}}