{"id":34714,"date":"2026-02-27T00:26:52","date_gmt":"2026-02-27T00:26:52","guid":{"rendered":"https:\/\/nordicmart.andreevmaster.com\/product\/vasagle-pehmustettu-penkki-sailytystilalla\/"},"modified":"2026-02-27T09:46:09","modified_gmt":"2026-02-27T09:46:09","slug":"vasagle-pehmustettu-penkki-sailytystilalla","status":"publish","type":"product","link":"https:\/\/nordicmart.andreevmaster.com\/fi\/tuote\/vasagle-pehmustettu-penkki-sailytystilalla\/","title":{"rendered":"VASAGLE Pehmustettu penkki s\u00e4ilytystilalla"},"content":{"rendered":"<p>Tuotetiedot:<br \/>\n&#8211; V\u00e4ri: vintage-ruskea-musta<br \/>\n&#8211; Materiaali: lastulevy, ter\u00e4s, PU-keinonahka, vaahtomuovi<br \/>\n&#8211; Koko: 70 x 30 x 45 cm (P x L x K)<br \/>\n&#8211; Paino: 8,8 kg<br \/>\n&#8211; Istuimen maks. staattinen kantavuus: 130 kg<br \/>\n&#8211; Arkun enimm\u00e4iskantavuus: 20 kg<br \/>\n&#8211; Hyllyosan suurin staattinen kantavuus: 5 kg<\/p>\n<p>Toimitus sis\u00e4lt\u00e4\u00e4:<br \/>\n&#8211; 1 x istuinkirstu s\u00e4ilytystilalla<br \/>\n&#8211; 1 x lis\u00e4varusteet<br \/>\n&#8211; 1 x ohjeet (DE, EN, ES, FR, IT)<\/p>\n<p>VASAGLE-ohjeet:<br \/>\n&#8211; Turvallisuussyist\u00e4 lapset eiv\u00e4t saa kiivet\u00e4 tuotteelle tai leikki\u00e4 sill\u00e4.<br \/>\n&#8211; Istuimen suurin staattinen kantavuus on 130 kg. \u00c4l\u00e4 ylit\u00e4 t\u00e4t\u00e4 enimm\u00e4ispainoa.<\/p>\n","protected":false},"excerpt":{"rendered":"<p>VASAGLE penkki, kenk\u00e4penkki, kenk\u00e4kaappi, s\u00e4ilytystilalla varustettu s\u00e4ngynarkku, pehmustettu arkku, eteinen, makuuhuone, olohuone, metalli, helppo asentaa, tekonahka, teollinen tyyli, vintage-ruskea-musta LSB46BX<\/p>\n","protected":false},"featured_media":43372,"comment_status":"open","ping_status":"closed","template":"","meta":[],"product_brand":[],"product_cat":[32],"product_tag":[],"class_list":{"0":"post-34714","1":"product","2":"type-product","3":"status-publish","4":"has-post-thumbnail","6":"product_cat-uncategorized-fi","8":"first","9":"instock","10":"shipping-taxable","11":"purchasable","12":"product-type-simple"},"_links":{"self":[{"href":"https:\/\/nordicmart.andreevmaster.com\/fi\/wp-json\/wp\/v2\/product\/34714","targetHints":{"allow":["GET"]}}],"collection":[{"href":"https:\/\/nordicmart.andreevmaster.com\/fi\/wp-json\/wp\/v2\/product"}],"about":[{"href":"https:\/\/nordicmart.andreevmaster.com\/fi\/wp-json\/wp\/v2\/types\/product"}],"replies":[{"embeddable":true,"href":"https:\/\/nordicmart.andreevmaster.com\/fi\/wp-json\/wp\/v2\/comments?post=34714"}],"wp:featuredmedia":[{"embeddable":true,"href":"https:\/\/nordicmart.andreevmaster.com\/fi\/wp-json\/wp\/v2\/media\/43372"}],"wp:attachment":[{"href":"https:\/\/nordicmart.andreevmaster.com\/fi\/wp-json\/wp\/v2\/media?parent=34714"}],"wp:term":[{"taxonomy":"product_brand","embeddable":true,"href":"https:\/\/nordicmart.andreevmaster.com\/fi\/wp-json\/wp\/v2\/product_brand?post=34714"},{"taxonomy":"product_cat","embeddable":true,"href":"https:\/\/nordicmart.andreevmaster.com\/fi\/wp-json\/wp\/v2\/product_cat?post=34714"},{"taxonomy":"product_tag","embeddable":true,"href":"https:\/\/nordicmart.andreevmaster.com\/fi\/wp-json\/wp\/v2\/product_tag?post=34714"}],"curies":[{"name":"wp","href":"https:\/\/api.w.org\/{rel}","templated":true}]}}