{"id":34708,"date":"2026-02-27T00:26:51","date_gmt":"2026-02-27T00:26:51","guid":{"rendered":"https:\/\/nordicmart.andreevmaster.com\/product\/vasagle-penkki-sailytystilalla-vintage-tyyli-vintage-ruskea\/"},"modified":"2026-02-27T09:46:08","modified_gmt":"2026-02-27T09:46:08","slug":"vasagle-penkki-sailytystilalla-vintage-tyyli-vintage-ruskea","status":"publish","type":"product","link":"https:\/\/nordicmart.andreevmaster.com\/fi\/tuote\/vasagle-penkki-sailytystilalla-vintage-tyyli-vintage-ruskea\/","title":{"rendered":"VASAGLE-penkki s\u00e4ilytystilalla, vintage-tyyli, vintage-ruskea"},"content":{"rendered":"<p>VASAGLE s\u00e4ilytyskaappi, lelulaatikko, kenk\u00e4penkki, istuinlaatikko, s\u00e4ilytyslaatikko kannella, s\u00e4ilytyslaatikko, penkki s\u00e4ilytystilalla, turvahaarakkeet, 100 x 40 x 46 cm, mattavalkoinen LSB061T10<br \/>\nV\u00e4ri: vintage-ruskea<br \/>\nMateriaali: lastulevy<br \/>\nKoko: 40 x 80 x 46 cm (S x L x K)<br \/>\nPaino: 13 kg<br \/>\nPenkkiin kohdistuva suurin staattinen kuormitus: 136 kg<br \/>\nSis\u00e4laatikon maks. staattinen kantavuus: 60 kg<\/p>\n","protected":false},"excerpt":{"rendered":"<p>VASAGLE s\u00e4ilytyskaappi, lelulaatikko, kenk\u00e4penkki, istuinlaatikko, s\u00e4ilytyslaatikko kannella, s\u00e4ilytyslaatikko, penkki s\u00e4ilytystilalla, turvahaarakkeet, 100 x 40 x 46 cm, mattavalkoinen LSB061T10<\/p>\n","protected":false},"featured_media":43368,"comment_status":"open","ping_status":"closed","template":"","meta":[],"product_brand":[],"product_cat":[32],"product_tag":[],"class_list":{"0":"post-34708","1":"product","2":"type-product","3":"status-publish","4":"has-post-thumbnail","6":"product_cat-uncategorized-fi","8":"first","9":"instock","10":"shipping-taxable","11":"purchasable","12":"product-type-simple"},"_links":{"self":[{"href":"https:\/\/nordicmart.andreevmaster.com\/fi\/wp-json\/wp\/v2\/product\/34708","targetHints":{"allow":["GET"]}}],"collection":[{"href":"https:\/\/nordicmart.andreevmaster.com\/fi\/wp-json\/wp\/v2\/product"}],"about":[{"href":"https:\/\/nordicmart.andreevmaster.com\/fi\/wp-json\/wp\/v2\/types\/product"}],"replies":[{"embeddable":true,"href":"https:\/\/nordicmart.andreevmaster.com\/fi\/wp-json\/wp\/v2\/comments?post=34708"}],"wp:featuredmedia":[{"embeddable":true,"href":"https:\/\/nordicmart.andreevmaster.com\/fi\/wp-json\/wp\/v2\/media\/43368"}],"wp:attachment":[{"href":"https:\/\/nordicmart.andreevmaster.com\/fi\/wp-json\/wp\/v2\/media?parent=34708"}],"wp:term":[{"taxonomy":"product_brand","embeddable":true,"href":"https:\/\/nordicmart.andreevmaster.com\/fi\/wp-json\/wp\/v2\/product_brand?post=34708"},{"taxonomy":"product_cat","embeddable":true,"href":"https:\/\/nordicmart.andreevmaster.com\/fi\/wp-json\/wp\/v2\/product_cat?post=34708"},{"taxonomy":"product_tag","embeddable":true,"href":"https:\/\/nordicmart.andreevmaster.com\/fi\/wp-json\/wp\/v2\/product_tag?post=34708"}],"curies":[{"name":"wp","href":"https:\/\/api.w.org\/{rel}","templated":true}]}}