{"id":34707,"date":"2026-02-27T00:26:50","date_gmt":"2026-02-27T00:26:50","guid":{"rendered":"https:\/\/nordicmart.andreevmaster.com\/product\/vasagle-penkki-sailytystilalla-maalaistyyli-valkoinen\/"},"modified":"2026-02-27T09:46:07","modified_gmt":"2026-02-27T09:46:07","slug":"vasagle-penkki-sailytystilalla-maalaistyyli-valkoinen","status":"publish","type":"product","link":"https:\/\/nordicmart.andreevmaster.com\/fi\/tuote\/vasagle-penkki-sailytystilalla-maalaistyyli-valkoinen\/","title":{"rendered":"VASAGLE penkki s\u00e4ilytystilalla, maalaistyyli, valkoinen"},"content":{"rendered":"<p>VASAGLE kenk\u00e4penkki, penkki s\u00e4ilytystilalla, istuinkirstu, 2 turvahaarukkaa, s\u00e4ilytyskaappi, navettatyyli, eteiseen, makuuhuoneeseen<br \/>\nV\u00e4ri: valkoinen<br \/>\nMateriaali: puukuitulevy<br \/>\nKoko: 40 x 80 x 46 cm (S x L x K)<br \/>\nPaino: 13 kg<br \/>\nPenkkiin kohdistuva maksimaalinen staattinen kuormitus: 136 kg<br \/>\nSis\u00e4laatikon maks. staattinen kantavuus: 60 kg<\/p>\n","protected":false},"excerpt":{"rendered":"<p>VASAGLE kenk\u00e4penkki, penkki s\u00e4ilytystilalla, istuinkirstu, 2 turvahaarukkaa, s\u00e4ilytyskaappi, navettatyyli, eteiseen, makuuhuoneeseen<\/p>\n","protected":false},"featured_media":43367,"comment_status":"open","ping_status":"closed","template":"","meta":[],"product_brand":[],"product_cat":[32],"product_tag":[],"class_list":{"0":"post-34707","1":"product","2":"type-product","3":"status-publish","4":"has-post-thumbnail","6":"product_cat-uncategorized-fi","8":"first","9":"instock","10":"shipping-taxable","11":"purchasable","12":"product-type-simple"},"_links":{"self":[{"href":"https:\/\/nordicmart.andreevmaster.com\/fi\/wp-json\/wp\/v2\/product\/34707","targetHints":{"allow":["GET"]}}],"collection":[{"href":"https:\/\/nordicmart.andreevmaster.com\/fi\/wp-json\/wp\/v2\/product"}],"about":[{"href":"https:\/\/nordicmart.andreevmaster.com\/fi\/wp-json\/wp\/v2\/types\/product"}],"replies":[{"embeddable":true,"href":"https:\/\/nordicmart.andreevmaster.com\/fi\/wp-json\/wp\/v2\/comments?post=34707"}],"wp:featuredmedia":[{"embeddable":true,"href":"https:\/\/nordicmart.andreevmaster.com\/fi\/wp-json\/wp\/v2\/media\/43367"}],"wp:attachment":[{"href":"https:\/\/nordicmart.andreevmaster.com\/fi\/wp-json\/wp\/v2\/media?parent=34707"}],"wp:term":[{"taxonomy":"product_brand","embeddable":true,"href":"https:\/\/nordicmart.andreevmaster.com\/fi\/wp-json\/wp\/v2\/product_brand?post=34707"},{"taxonomy":"product_cat","embeddable":true,"href":"https:\/\/nordicmart.andreevmaster.com\/fi\/wp-json\/wp\/v2\/product_cat?post=34707"},{"taxonomy":"product_tag","embeddable":true,"href":"https:\/\/nordicmart.andreevmaster.com\/fi\/wp-json\/wp\/v2\/product_tag?post=34707"}],"curies":[{"name":"wp","href":"https:\/\/api.w.org\/{rel}","templated":true}]}}