{"id":34693,"date":"2026-02-27T00:26:46","date_gmt":"2026-02-27T00:26:46","guid":{"rendered":"https:\/\/nordicmart.andreevmaster.com\/product\/vasagle-kenkapenkki-istuimella-ja-kantokahvoilla-leveys-806-cm\/"},"modified":"2026-02-27T09:46:05","modified_gmt":"2026-02-27T09:46:05","slug":"vasagle-kenkapenkki-istuimella-ja-kantokahvoilla-leveys-806-cm","status":"publish","type":"product","link":"https:\/\/nordicmart.andreevmaster.com\/fi\/tuote\/vasagle-kenkapenkki-istuimella-ja-kantokahvoilla-leveys-806-cm\/","title":{"rendered":"VASAGLE kenk\u00e4penkki istuimella ja kantokahvoilla, leveys 80,6 cm"},"content":{"rendered":"<p>VASAGLE kenk\u00e4penkki istuimella, kenk\u00e4hylly, penkki s\u00e4ilytystilalla kannen alla, PU-j\u00e4rjestelij\u00e4, kantokahvat, eteiseen, olohuoneeseen, makuuhuoneeseen, vintage-ruskea-mustanmusta LSB052K01<br \/>\nV\u00e4ri: vintage-ruskea-mustanmusta<br \/>\nMateriaali: lastulevy, ter\u00e4s, PU, vaahtomuovi, vaneri, kuitukangas<br \/>\nKoko: 30 x 80,6 x 62,5 cm (S x L x K)<br \/>\nPaino: 14,8 kg<br \/>\nMaks. staattinen kantavuus: 91 kg<\/p>\n","protected":false},"excerpt":{"rendered":"<p>VASAGLE kenk\u00e4penkki istuimella, kenk\u00e4hylly, penkki s\u00e4ilytystilalla kannen alla, PU-j\u00e4rjestelij\u00e4, kantokahvat, eteiseen, olohuoneeseen, makuuhuoneeseen, vintage-ruskea-mustanmusta LSB052K01<\/p>\n","protected":false},"featured_media":43356,"comment_status":"open","ping_status":"closed","template":"","meta":[],"product_brand":[],"product_cat":[32],"product_tag":[],"class_list":{"0":"post-34693","1":"product","2":"type-product","3":"status-publish","4":"has-post-thumbnail","6":"product_cat-uncategorized-fi","8":"first","9":"instock","10":"shipping-taxable","11":"purchasable","12":"product-type-simple"},"_links":{"self":[{"href":"https:\/\/nordicmart.andreevmaster.com\/fi\/wp-json\/wp\/v2\/product\/34693","targetHints":{"allow":["GET"]}}],"collection":[{"href":"https:\/\/nordicmart.andreevmaster.com\/fi\/wp-json\/wp\/v2\/product"}],"about":[{"href":"https:\/\/nordicmart.andreevmaster.com\/fi\/wp-json\/wp\/v2\/types\/product"}],"replies":[{"embeddable":true,"href":"https:\/\/nordicmart.andreevmaster.com\/fi\/wp-json\/wp\/v2\/comments?post=34693"}],"wp:featuredmedia":[{"embeddable":true,"href":"https:\/\/nordicmart.andreevmaster.com\/fi\/wp-json\/wp\/v2\/media\/43356"}],"wp:attachment":[{"href":"https:\/\/nordicmart.andreevmaster.com\/fi\/wp-json\/wp\/v2\/media?parent=34693"}],"wp:term":[{"taxonomy":"product_brand","embeddable":true,"href":"https:\/\/nordicmart.andreevmaster.com\/fi\/wp-json\/wp\/v2\/product_brand?post=34693"},{"taxonomy":"product_cat","embeddable":true,"href":"https:\/\/nordicmart.andreevmaster.com\/fi\/wp-json\/wp\/v2\/product_cat?post=34693"},{"taxonomy":"product_tag","embeddable":true,"href":"https:\/\/nordicmart.andreevmaster.com\/fi\/wp-json\/wp\/v2\/product_tag?post=34693"}],"curies":[{"name":"wp","href":"https:\/\/api.w.org\/{rel}","templated":true}]}}