{"id":34692,"date":"2026-02-27T00:26:46","date_gmt":"2026-02-27T00:26:46","guid":{"rendered":"https:\/\/nordicmart.andreevmaster.com\/product\/kenkien-sailytyspenkki-kenkateline-jossa-sailytyslaatikko-sisaantulohuonekalut-teollinen-tyyli-terasrunko-olohuoneeseen-makuuhuoneeseen-eteiseen-maalaisruskea-ja-muste-musta-2\/"},"modified":"2026-02-27T09:46:05","modified_gmt":"2026-02-27T09:46:05","slug":"kenkien-sailytyspenkki-kenkateline-jossa-sailytyslaatikko-sisaantulohuonekalut-teollinen-tyyli-terasrunko-olohuoneeseen-makuuhuoneeseen-eteiseen-maalaisruskea-ja-muste-musta-2","status":"publish","type":"product","link":"https:\/\/nordicmart.andreevmaster.com\/fi\/tuote\/kenkien-sailytyspenkki-kenkateline-jossa-sailytyslaatikko-sisaantulohuonekalut-teollinen-tyyli-terasrunko-olohuoneeseen-makuuhuoneeseen-eteiseen-maalaisruskea-ja-muste-musta-2\/","title":{"rendered":"Kenkien s\u00e4ilytyspenkki, kenk\u00e4teline, jossa s\u00e4ilytyslaatikko, sis\u00e4\u00e4ntulohuonekalut, teollinen tyyli, ter\u00e4srunko, olohuoneeseen, makuuhuoneeseen, eteiseen, maalaisruskea ja muste musta"},"content":{"rendered":"","protected":false},"excerpt":{"rendered":"","protected":false},"featured_media":0,"comment_status":"open","ping_status":"closed","template":"","meta":[],"product_brand":[],"product_cat":[32],"product_tag":[],"class_list":{"0":"post-34692","1":"product","2":"type-product","3":"status-publish","5":"product_cat-uncategorized-fi","7":"first","8":"instock","9":"shipping-taxable","10":"product-type-simple"},"_links":{"self":[{"href":"https:\/\/nordicmart.andreevmaster.com\/fi\/wp-json\/wp\/v2\/product\/34692","targetHints":{"allow":["GET"]}}],"collection":[{"href":"https:\/\/nordicmart.andreevmaster.com\/fi\/wp-json\/wp\/v2\/product"}],"about":[{"href":"https:\/\/nordicmart.andreevmaster.com\/fi\/wp-json\/wp\/v2\/types\/product"}],"replies":[{"embeddable":true,"href":"https:\/\/nordicmart.andreevmaster.com\/fi\/wp-json\/wp\/v2\/comments?post=34692"}],"wp:attachment":[{"href":"https:\/\/nordicmart.andreevmaster.com\/fi\/wp-json\/wp\/v2\/media?parent=34692"}],"wp:term":[{"taxonomy":"product_brand","embeddable":true,"href":"https:\/\/nordicmart.andreevmaster.com\/fi\/wp-json\/wp\/v2\/product_brand?post=34692"},{"taxonomy":"product_cat","embeddable":true,"href":"https:\/\/nordicmart.andreevmaster.com\/fi\/wp-json\/wp\/v2\/product_cat?post=34692"},{"taxonomy":"product_tag","embeddable":true,"href":"https:\/\/nordicmart.andreevmaster.com\/fi\/wp-json\/wp\/v2\/product_tag?post=34692"}],"curies":[{"name":"wp","href":"https:\/\/api.w.org\/{rel}","templated":true}]}}