{"id":34690,"date":"2026-02-27T00:26:46","date_gmt":"2026-02-27T00:26:46","guid":{"rendered":"https:\/\/nordicmart.andreevmaster.com\/product\/vasagle-penkki-pehmustetulla-istuimella\/"},"modified":"2026-02-27T09:46:04","modified_gmt":"2026-02-27T09:46:04","slug":"vasagle-penkki-pehmustetulla-istuimella","status":"publish","type":"product","link":"https:\/\/nordicmart.andreevmaster.com\/fi\/tuote\/vasagle-penkki-pehmustetulla-istuimella\/","title":{"rendered":"VASAGLE-penkki pehmustetulla istuimella"},"content":{"rendered":"<p>Tuotetiedot: &#8211; V\u00e4ri: P\u00e4hkin\u00e4nruskea-musta &#8211; Materiaali: vaahtomuovi, PU-keinonahka, lastulevy, ter\u00e4srunko &#8211; Mitat: 100 x 40 x 47 cm (P x L x K) &#8211; Paino: 20 kg &#8211; Maks. staattinen kantavuus: 120 kg Toimitus sis\u00e4lt\u00e4\u00e4:- 1 x penkki &#8211; 1 x lis\u00e4varustepaketti &#8211; 1 x ohjeet (DE, EN, FR, ES, IT) VASAGLE-huomautukset: &#8211; Turvallisuussyist\u00e4 lapset eiv\u00e4t saa kiivet\u00e4 tuotteelle tai leikki\u00e4 sill\u00e4. &#8211; Tuotteen suurin staattinen kantavuus on 100 kg. \u00c4l\u00e4 ylit\u00e4 t\u00e4t\u00e4 enimm\u00e4ispainoa.<\/p>\n","protected":false},"excerpt":{"rendered":"<p>VASAGLE kenk\u00e4penkki, pehmustettu istuin ja kenk\u00e4hylly, s\u00e4ilytystilaa sis\u00e4lt\u00e4v\u00e4 s\u00e4ngynarkku, 100 x 40 x 47 cm\uff0c monitoiminen arkku, eteinen, makuuhuone, ter\u00e4s, p\u00e4hkin\u00e4nruskea-musta LSB047B03<\/p>\n","protected":false},"featured_media":43354,"comment_status":"open","ping_status":"closed","template":"","meta":[],"product_brand":[],"product_cat":[32],"product_tag":[],"class_list":{"0":"post-34690","1":"product","2":"type-product","3":"status-publish","4":"has-post-thumbnail","6":"product_cat-uncategorized-fi","8":"first","9":"instock","10":"shipping-taxable","11":"purchasable","12":"product-type-simple"},"_links":{"self":[{"href":"https:\/\/nordicmart.andreevmaster.com\/fi\/wp-json\/wp\/v2\/product\/34690","targetHints":{"allow":["GET"]}}],"collection":[{"href":"https:\/\/nordicmart.andreevmaster.com\/fi\/wp-json\/wp\/v2\/product"}],"about":[{"href":"https:\/\/nordicmart.andreevmaster.com\/fi\/wp-json\/wp\/v2\/types\/product"}],"replies":[{"embeddable":true,"href":"https:\/\/nordicmart.andreevmaster.com\/fi\/wp-json\/wp\/v2\/comments?post=34690"}],"wp:featuredmedia":[{"embeddable":true,"href":"https:\/\/nordicmart.andreevmaster.com\/fi\/wp-json\/wp\/v2\/media\/43354"}],"wp:attachment":[{"href":"https:\/\/nordicmart.andreevmaster.com\/fi\/wp-json\/wp\/v2\/media?parent=34690"}],"wp:term":[{"taxonomy":"product_brand","embeddable":true,"href":"https:\/\/nordicmart.andreevmaster.com\/fi\/wp-json\/wp\/v2\/product_brand?post=34690"},{"taxonomy":"product_cat","embeddable":true,"href":"https:\/\/nordicmart.andreevmaster.com\/fi\/wp-json\/wp\/v2\/product_cat?post=34690"},{"taxonomy":"product_tag","embeddable":true,"href":"https:\/\/nordicmart.andreevmaster.com\/fi\/wp-json\/wp\/v2\/product_tag?post=34690"}],"curies":[{"name":"wp","href":"https:\/\/api.w.org\/{rel}","templated":true}]}}