{"id":34687,"date":"2026-02-27T00:26:45","date_gmt":"2026-02-27T00:26:45","guid":{"rendered":"https:\/\/nordicmart.andreevmaster.com\/product\/vasagle-kenkapenkki-sailytystilalla-ja-saadettavilla-hyllyilla\/"},"modified":"2026-02-27T09:46:04","modified_gmt":"2026-02-27T09:46:04","slug":"vasagle-kenkapenkki-sailytystilalla-ja-saadettavilla-hyllyilla","status":"publish","type":"product","link":"https:\/\/nordicmart.andreevmaster.com\/fi\/tuote\/vasagle-kenkapenkki-sailytystilalla-ja-saadettavilla-hyllyilla\/","title":{"rendered":"VASAGLE kenk\u00e4penkki s\u00e4ilytystilalla ja s\u00e4\u00e4dett\u00e4vill\u00e4 hyllyill\u00e4"},"content":{"rendered":"<p>VASAGLE kenk\u00e4penkki, penkki s\u00e4ilytystilalla, kenk\u00e4hylly 6 lokeroa, s\u00e4\u00e4dett\u00e4v\u00e4t hyllyt, olohuoneeseen, eteiseen, 29,5 x 100 x 50 cm, hunajanruskea LSB036K01<br \/>\nV\u00e4ri: hunajanruskea<br \/>\nMateriaali: MDF (keskitihe\u00e4 kuitulevy), pahvi<br \/>\nKoko: 29,5 x 100 x 50 cm (S x L x K)<br \/>\nPaino: 13,5 kg<br \/>\nMaks. staattinen kantavuus: 136 kg<\/p>\n","protected":false},"excerpt":{"rendered":"<p>VASAGLE kenk\u00e4penkki, penkki s\u00e4ilytystilalla, kenk\u00e4hylly 6 lokeroa, s\u00e4\u00e4dett\u00e4v\u00e4t hyllyt, olohuoneeseen, eteiseen, 29,5 x 100 x 50 cm, hunajanruskea LSB036K01<\/p>\n","protected":false},"featured_media":43351,"comment_status":"open","ping_status":"closed","template":"","meta":[],"product_brand":[],"product_cat":[32],"product_tag":[],"class_list":{"0":"post-34687","1":"product","2":"type-product","3":"status-publish","4":"has-post-thumbnail","6":"product_cat-uncategorized-fi","8":"first","9":"instock","10":"shipping-taxable","11":"purchasable","12":"product-type-simple"},"_links":{"self":[{"href":"https:\/\/nordicmart.andreevmaster.com\/fi\/wp-json\/wp\/v2\/product\/34687","targetHints":{"allow":["GET"]}}],"collection":[{"href":"https:\/\/nordicmart.andreevmaster.com\/fi\/wp-json\/wp\/v2\/product"}],"about":[{"href":"https:\/\/nordicmart.andreevmaster.com\/fi\/wp-json\/wp\/v2\/types\/product"}],"replies":[{"embeddable":true,"href":"https:\/\/nordicmart.andreevmaster.com\/fi\/wp-json\/wp\/v2\/comments?post=34687"}],"wp:featuredmedia":[{"embeddable":true,"href":"https:\/\/nordicmart.andreevmaster.com\/fi\/wp-json\/wp\/v2\/media\/43351"}],"wp:attachment":[{"href":"https:\/\/nordicmart.andreevmaster.com\/fi\/wp-json\/wp\/v2\/media?parent=34687"}],"wp:term":[{"taxonomy":"product_brand","embeddable":true,"href":"https:\/\/nordicmart.andreevmaster.com\/fi\/wp-json\/wp\/v2\/product_brand?post=34687"},{"taxonomy":"product_cat","embeddable":true,"href":"https:\/\/nordicmart.andreevmaster.com\/fi\/wp-json\/wp\/v2\/product_cat?post=34687"},{"taxonomy":"product_tag","embeddable":true,"href":"https:\/\/nordicmart.andreevmaster.com\/fi\/wp-json\/wp\/v2\/product_tag?post=34687"}],"curies":[{"name":"wp","href":"https:\/\/api.w.org\/{rel}","templated":true}]}}