{"id":34686,"date":"2026-02-27T00:26:45","date_gmt":"2026-02-27T00:26:45","guid":{"rendered":"https:\/\/nordicmart.andreevmaster.com\/product\/songmics-8-tasoinen-kenkahylly-sailytyshylly\/"},"modified":"2026-02-27T09:46:04","modified_gmt":"2026-02-27T09:46:04","slug":"songmics-8-tasoinen-kenkahylly-sailytyshylly","status":"publish","type":"product","link":"https:\/\/nordicmart.andreevmaster.com\/fi\/tuote\/songmics-8-tasoinen-kenkahylly-sailytyshylly\/","title":{"rendered":"SONGMICS 8-tasoinen kenk\u00e4hylly, s\u00e4ilytyshylly,"},"content":{"rendered":"<p>SONGMICS s\u00e4\u00e4dett\u00e4v\u00e4 kenk\u00e4teline, kenk\u00e4teline tasoilla, s\u00e4ilytysteline, ter\u00e4sputket, kuitukangas, jopa parille kenki\u00e4, tilaa s\u00e4\u00e4st\u00e4v\u00e4, eteiseen, vaatehuoneeseen, autotalliin<\/p>\n<p>Tekniset tiedot:<\/p>\n<p>&#8211; Mitat: 29,5 x 171,1 x 157,6 cm (S x L x K)<br \/>\n&#8211; Paino: 5,5 kg<br \/>\n&#8211; Maks. staattinen kantavuus per lokero: 5 kg<br \/>\n&#8211; Maks. kokonaiskantavuus tasaisella painonjaolla: 160 kg<br \/>\n&#8211; Materiaali: ter\u00e4s, kuitukangas, PP-muovi<br \/>\n&#8211; V\u00e4ri: musta<\/p>\n","protected":false},"excerpt":{"rendered":"<p>SONGMICS s\u00e4\u00e4dett\u00e4v\u00e4 kenk\u00e4teline, kenk\u00e4teline tasoilla, s\u00e4ilytysteline, ter\u00e4sputket, kuitukangas, jopa parille kenki\u00e4, tilaa s\u00e4\u00e4st\u00e4v\u00e4, eteiseen, vaatehuoneeseen, autotalliin<\/p>\n","protected":false},"featured_media":43350,"comment_status":"open","ping_status":"closed","template":"","meta":[],"product_brand":[],"product_cat":[32],"product_tag":[],"class_list":{"0":"post-34686","1":"product","2":"type-product","3":"status-publish","4":"has-post-thumbnail","6":"product_cat-uncategorized-fi","8":"first","9":"instock","10":"shipping-taxable","11":"purchasable","12":"product-type-simple"},"_links":{"self":[{"href":"https:\/\/nordicmart.andreevmaster.com\/fi\/wp-json\/wp\/v2\/product\/34686","targetHints":{"allow":["GET"]}}],"collection":[{"href":"https:\/\/nordicmart.andreevmaster.com\/fi\/wp-json\/wp\/v2\/product"}],"about":[{"href":"https:\/\/nordicmart.andreevmaster.com\/fi\/wp-json\/wp\/v2\/types\/product"}],"replies":[{"embeddable":true,"href":"https:\/\/nordicmart.andreevmaster.com\/fi\/wp-json\/wp\/v2\/comments?post=34686"}],"wp:featuredmedia":[{"embeddable":true,"href":"https:\/\/nordicmart.andreevmaster.com\/fi\/wp-json\/wp\/v2\/media\/43350"}],"wp:attachment":[{"href":"https:\/\/nordicmart.andreevmaster.com\/fi\/wp-json\/wp\/v2\/media?parent=34686"}],"wp:term":[{"taxonomy":"product_brand","embeddable":true,"href":"https:\/\/nordicmart.andreevmaster.com\/fi\/wp-json\/wp\/v2\/product_brand?post=34686"},{"taxonomy":"product_cat","embeddable":true,"href":"https:\/\/nordicmart.andreevmaster.com\/fi\/wp-json\/wp\/v2\/product_cat?post=34686"},{"taxonomy":"product_tag","embeddable":true,"href":"https:\/\/nordicmart.andreevmaster.com\/fi\/wp-json\/wp\/v2\/product_tag?post=34686"}],"curies":[{"name":"wp","href":"https:\/\/api.w.org\/{rel}","templated":true}]}}