{"id":34683,"date":"2026-02-27T00:26:44","date_gmt":"2026-02-27T00:26:44","guid":{"rendered":"https:\/\/nordicmart.andreevmaster.com\/product\/songmics-kenkahylly-3-tasoa-metallinen-kenkateline-kenkien-sailytys\/"},"modified":"2026-02-27T09:46:03","modified_gmt":"2026-02-27T09:46:03","slug":"songmics-kenkahylly-3-tasoa-metallinen-kenkateline-kenkien-sailytys","status":"publish","type":"product","link":"https:\/\/nordicmart.andreevmaster.com\/fi\/tuote\/songmics-kenkahylly-3-tasoa-metallinen-kenkateline-kenkien-sailytys\/","title":{"rendered":"SONGMICS kenk\u00e4hylly, 3 tasoa, metallinen kenk\u00e4teline, kenkien s\u00e4ilytys"},"content":{"rendered":"<p>Tuhlaatko aikaa etsim\u00e4ll\u00e4 oikeita kenki\u00e4 suuresta, sekavasta kenk\u00e4kasasta? Hyppeletk\u00f6 yhdell\u00e4 jalalla etsim\u00e4ss\u00e4 toista kenk\u00e4\u00e4si ennen kuin l\u00e4hdet kotoa? T\u00e4m\u00e4 3-tasoinen kenk\u00e4teline on apu, jota olet etsinyt! Pelasta kenk\u00e4si sekamelskalta ja anna niille k\u00e4yt\u00e4nn\u00f6llinen s\u00e4ilytyspaikka. T\u00e4ss\u00e4 ovat t\u00e4m\u00e4n metallisen kenk\u00e4telineen edut: Korkea laatu: Metallirunko ja korkealaatuiset muoviliittimet antavat t\u00e4lle kenk\u00e4s\u00e4ilytysratkaisulle vankan ja vakaan rakenteen (jokainen hylly kest\u00e4\u00e4 jopa 5 kg:n painon). Suuri s\u00e4ilytystila: Voit maksimoida tilan s\u00e4ilytystilan sijoittamalla lenkkarit ja saappaat t\u00e4h\u00e4n kenk\u00e4telineeseen. Se mahtuu noin 12\u201315 paria kenki\u00e4 ja vie vain v\u00e4h\u00e4n tilaa lattialla. Yksinkertaisuus: Suoraviivaisella muotoilullaan t\u00e4m\u00e4 kenk\u00e4teline sopii t\u00e4ydellisesti huoneeseesi. Lis\u00e4ksi pinottava muotoilu ja helppo asennus s\u00e4\u00e4st\u00e4v\u00e4t aikaa ja vaivaa. Tuotetiedot: &#8211; V\u00e4ri: musta &#8211; Materiaali: metalliputket, muoviset liitoskappaleet &#8211; Koko: 92 x 30,5 x 55 cm (P x L x K) &#8211; Paino: 1,6 kg &#8211; Maks. staattinen kantavuus per taso: 5 kg Toimitus sis\u00e4lt\u00e4\u00e4: &#8211; 1 x kenk\u00e4hylly &#8211; 1 x ohjeet SONGMICS-ohjeet: &#8211; Turvallisuussyist\u00e4 lapset eiv\u00e4t saa kiivet\u00e4 tuotteelle tai leikki\u00e4 sill\u00e4.- \u00c4l\u00e4 s\u00e4\u00e4d\u00e4 hylly\u00e4, kun se on t\u00e4ynn\u00e4.- \u00c4l\u00e4 altista tuotetta suoralle auringonvalolle pitk\u00e4ksi aikaa.- \u00c4l\u00e4 liota tuotetta p\u00e4ivitt\u00e4isess\u00e4 puhdistuksessa. Jos tuotteessa on tahroja, pyyhi se kostealla liinalla.- Varmista, ett\u00e4 kaikki putket on kiinnitetty muoviliittimien sis\u00e4\u00e4n kokonaan asennuksen j\u00e4lkeen ja ennen k\u00e4ytt\u00f6\u00e4.<\/p>\n","protected":false},"excerpt":{"rendered":"<p>SONGMICS kenk\u00e4hylly 3 hyllyll\u00e4, metallinen kenk\u00e4teline, seisomahylly, helppo asentaa, tilaa s\u00e4\u00e4st\u00e4v\u00e4, 12\u201315 parille kenki\u00e4, pinottava, eteiseen, olohuoneeseen, musta LSA303B02<\/p>\n","protected":false},"featured_media":43347,"comment_status":"open","ping_status":"closed","template":"","meta":[],"product_brand":[],"product_cat":[32],"product_tag":[],"class_list":{"0":"post-34683","1":"product","2":"type-product","3":"status-publish","4":"has-post-thumbnail","6":"product_cat-uncategorized-fi","8":"first","9":"instock","10":"shipping-taxable","11":"purchasable","12":"product-type-simple"},"_links":{"self":[{"href":"https:\/\/nordicmart.andreevmaster.com\/fi\/wp-json\/wp\/v2\/product\/34683","targetHints":{"allow":["GET"]}}],"collection":[{"href":"https:\/\/nordicmart.andreevmaster.com\/fi\/wp-json\/wp\/v2\/product"}],"about":[{"href":"https:\/\/nordicmart.andreevmaster.com\/fi\/wp-json\/wp\/v2\/types\/product"}],"replies":[{"embeddable":true,"href":"https:\/\/nordicmart.andreevmaster.com\/fi\/wp-json\/wp\/v2\/comments?post=34683"}],"wp:featuredmedia":[{"embeddable":true,"href":"https:\/\/nordicmart.andreevmaster.com\/fi\/wp-json\/wp\/v2\/media\/43347"}],"wp:attachment":[{"href":"https:\/\/nordicmart.andreevmaster.com\/fi\/wp-json\/wp\/v2\/media?parent=34683"}],"wp:term":[{"taxonomy":"product_brand","embeddable":true,"href":"https:\/\/nordicmart.andreevmaster.com\/fi\/wp-json\/wp\/v2\/product_brand?post=34683"},{"taxonomy":"product_cat","embeddable":true,"href":"https:\/\/nordicmart.andreevmaster.com\/fi\/wp-json\/wp\/v2\/product_cat?post=34683"},{"taxonomy":"product_tag","embeddable":true,"href":"https:\/\/nordicmart.andreevmaster.com\/fi\/wp-json\/wp\/v2\/product_tag?post=34683"}],"curies":[{"name":"wp","href":"https:\/\/api.w.org\/{rel}","templated":true}]}}