{"id":34679,"date":"2026-02-27T00:26:43","date_gmt":"2026-02-27T00:26:43","guid":{"rendered":"https:\/\/nordicmart.andreevmaster.com\/product\/songmics-10-tasoinen-kenkahylly-musta\/"},"modified":"2026-02-27T09:46:02","modified_gmt":"2026-02-27T09:46:02","slug":"songmics-10-tasoinen-kenkahylly-musta","status":"publish","type":"product","link":"https:\/\/nordicmart.andreevmaster.com\/fi\/tuote\/songmics-10-tasoinen-kenkahylly-musta\/","title":{"rendered":"SONGMICS 10-tasoinen kenk\u00e4hylly, musta"},"content":{"rendered":"<p>S\u00e4\u00e4dett\u00e4v\u00e4 \u2013 \u00e4lyk\u00e4s muotoilu: T\u00e4m\u00e4 kenk\u00e4hylly on helppo koota ja s\u00e4\u00e4t\u00e4\u00e4. Asennuksen yhteydess\u00e4 voit j\u00e4tt\u00e4\u00e4 yhden tai kaksi hylly\u00e4 pois, jotta saat tilaa uusille saappaille! Haluatko jakaa t\u00e4m\u00e4n hyllyn kahdeksi pienemm\u00e4ksi huonekaluksi? Ei ongelmaa! Kuinka monta kenk\u00e4paria mahtuu hyllylle? 40\u201350 paria? Ei ongelmaa! Jokaiseen hyllyyn mahtuu 5 paria naisten kenki\u00e4 tai 4 paria miesten kenki\u00e4. Kaikkien perheenj\u00e4senten keng\u00e4t l\u00f6yt\u00e4v\u00e4t sopivan paikan t\u00e4st\u00e4 hyllyst\u00e4. Tuotetiedot: V\u00e4ri: musta Materiaali: metalliputket, muoviset liitoskappaleet Koko: 92 x 30 x 194 cm (P x L x K) Hyllyjen v\u00e4linen et\u00e4isyys: 20 cm Paino: 4,4 kg Hyllyn maks. staattinen kantavuus: 4 kg Hyllyn maks. staattinen kantavuus: 40 kg Toimitus sis\u00e4lt\u00e4\u00e4: 1 x kenk\u00e4hylly 1 x ohjeet (DE, EN, FR, ES, IT) SONGMICS-huomautukset:\u00c4l\u00e4 k\u00e4yt\u00e4 tuotetta ulkona. On suositeltavaa k\u00e4ytt\u00e4\u00e4 mukana toimitettua kaatumissuojaa, jotta v\u00e4ltyt\u00e4\u00e4n kaatumisen aiheuttamilta vammoilta. Tekstiss\u00e4 mainittu maks. kantavuus viittaa staattiseen maksimipainoon.<\/p>\n","protected":false},"excerpt":{"rendered":"<p>10-tasoinen kenk\u00e4hylly, avoin korkea kenk\u00e4kaappi, kapea kenk\u00e4teline, kenkien s\u00e4ilytys, metallia, tilaa s\u00e4\u00e4st\u00e4v\u00e4, eteiseen, musta<\/p>\n","protected":false},"featured_media":46646,"comment_status":"open","ping_status":"closed","template":"","meta":[],"product_brand":[],"product_cat":[32],"product_tag":[],"class_list":{"0":"post-34679","1":"product","2":"type-product","3":"status-publish","4":"has-post-thumbnail","6":"product_cat-uncategorized-fi","8":"first","9":"instock","10":"shipping-taxable","11":"purchasable","12":"product-type-simple"},"_links":{"self":[{"href":"https:\/\/nordicmart.andreevmaster.com\/fi\/wp-json\/wp\/v2\/product\/34679","targetHints":{"allow":["GET"]}}],"collection":[{"href":"https:\/\/nordicmart.andreevmaster.com\/fi\/wp-json\/wp\/v2\/product"}],"about":[{"href":"https:\/\/nordicmart.andreevmaster.com\/fi\/wp-json\/wp\/v2\/types\/product"}],"replies":[{"embeddable":true,"href":"https:\/\/nordicmart.andreevmaster.com\/fi\/wp-json\/wp\/v2\/comments?post=34679"}],"wp:featuredmedia":[{"embeddable":true,"href":"https:\/\/nordicmart.andreevmaster.com\/fi\/wp-json\/wp\/v2\/media\/46646"}],"wp:attachment":[{"href":"https:\/\/nordicmart.andreevmaster.com\/fi\/wp-json\/wp\/v2\/media?parent=34679"}],"wp:term":[{"taxonomy":"product_brand","embeddable":true,"href":"https:\/\/nordicmart.andreevmaster.com\/fi\/wp-json\/wp\/v2\/product_brand?post=34679"},{"taxonomy":"product_cat","embeddable":true,"href":"https:\/\/nordicmart.andreevmaster.com\/fi\/wp-json\/wp\/v2\/product_cat?post=34679"},{"taxonomy":"product_tag","embeddable":true,"href":"https:\/\/nordicmart.andreevmaster.com\/fi\/wp-json\/wp\/v2\/product_tag?post=34679"}],"curies":[{"name":"wp","href":"https:\/\/api.w.org\/{rel}","templated":true}]}}