{"id":34677,"date":"2026-02-27T00:26:42","date_gmt":"2026-02-27T00:26:42","guid":{"rendered":"https:\/\/nordicmart.andreevmaster.com\/product\/songmics-kenkahylly-2-tasoa-metallinen-kenkateline-kenkien-sailytys\/"},"modified":"2026-02-27T09:46:02","modified_gmt":"2026-02-27T09:46:02","slug":"songmics-kenkahylly-2-tasoa-metallinen-kenkateline-kenkien-sailytys","status":"publish","type":"product","link":"https:\/\/nordicmart.andreevmaster.com\/fi\/tuote\/songmics-kenkahylly-2-tasoa-metallinen-kenkateline-kenkien-sailytys\/","title":{"rendered":"SONGMICS kenk\u00e4hylly 2 tasoa, metallinen kenk\u00e4teline, kenkien s\u00e4ilytys,"},"content":{"rendered":"<p>Kenk\u00e4hylly 2 tasoa, metallinen kenk\u00e4teline, kenkien s\u00e4ilytys, pysty- tai k\u00e4\u00e4nteinen, 12\u201315 parille kenki\u00e4, pinottava, 30 x 92 x 34 cm, harmaa<br \/>\n&#8211; V\u00e4ri: harmaa<br \/>\n&#8211; Materiaali: metalliputket, muoviliittimet<br \/>\n&#8211; Koko: 30 x 92 x 34 cm (S x L x K)<br \/>\n&#8211; Paino: 0,6 kg<br \/>\n&#8211; Maks. staattinen kantavuus per taso: 10 kg<br \/>\n&#8211; Maks. staattinen kantavuus yhteens\u00e4: 20 kg<\/p>\n","protected":false},"excerpt":{"rendered":"<p>Kenk\u00e4hylly 2 tasoa, metallinen kenk\u00e4teline, kenkien s\u00e4ilytys, pysty- tai k\u00e4\u00e4nteinen, 12\u201315 parille kenki\u00e4, pinottava, 30 x 92 x 34 cm, harmaa<\/p>\n","protected":false},"featured_media":43342,"comment_status":"open","ping_status":"closed","template":"","meta":[],"product_brand":[],"product_cat":[32],"product_tag":[],"class_list":{"0":"post-34677","1":"product","2":"type-product","3":"status-publish","4":"has-post-thumbnail","6":"product_cat-uncategorized-fi","8":"first","9":"instock","10":"shipping-taxable","11":"purchasable","12":"product-type-simple"},"_links":{"self":[{"href":"https:\/\/nordicmart.andreevmaster.com\/fi\/wp-json\/wp\/v2\/product\/34677","targetHints":{"allow":["GET"]}}],"collection":[{"href":"https:\/\/nordicmart.andreevmaster.com\/fi\/wp-json\/wp\/v2\/product"}],"about":[{"href":"https:\/\/nordicmart.andreevmaster.com\/fi\/wp-json\/wp\/v2\/types\/product"}],"replies":[{"embeddable":true,"href":"https:\/\/nordicmart.andreevmaster.com\/fi\/wp-json\/wp\/v2\/comments?post=34677"}],"wp:featuredmedia":[{"embeddable":true,"href":"https:\/\/nordicmart.andreevmaster.com\/fi\/wp-json\/wp\/v2\/media\/43342"}],"wp:attachment":[{"href":"https:\/\/nordicmart.andreevmaster.com\/fi\/wp-json\/wp\/v2\/media?parent=34677"}],"wp:term":[{"taxonomy":"product_brand","embeddable":true,"href":"https:\/\/nordicmart.andreevmaster.com\/fi\/wp-json\/wp\/v2\/product_brand?post=34677"},{"taxonomy":"product_cat","embeddable":true,"href":"https:\/\/nordicmart.andreevmaster.com\/fi\/wp-json\/wp\/v2\/product_cat?post=34677"},{"taxonomy":"product_tag","embeddable":true,"href":"https:\/\/nordicmart.andreevmaster.com\/fi\/wp-json\/wp\/v2\/product_tag?post=34677"}],"curies":[{"name":"wp","href":"https:\/\/api.w.org\/{rel}","templated":true}]}}