{"id":34675,"date":"2026-02-27T00:26:42","date_gmt":"2026-02-27T00:26:42","guid":{"rendered":"https:\/\/nordicmart.andreevmaster.com\/product\/songmics-kenkahylly-8-tasoa-jopa-48-parille-kenkia\/"},"modified":"2026-02-27T09:46:01","modified_gmt":"2026-02-27T09:46:01","slug":"songmics-kenkahylly-8-tasoa-jopa-48-parille-kenkia","status":"publish","type":"product","link":"https:\/\/nordicmart.andreevmaster.com\/fi\/tuote\/songmics-kenkahylly-8-tasoa-jopa-48-parille-kenkia\/","title":{"rendered":"SONGMICS kenk\u00e4hylly, 8 tasoa, jopa 48 parille kenki\u00e4"},"content":{"rendered":"<p>SONGMICS s\u00e4\u00e4dett\u00e4v\u00e4 kenk\u00e4teline, kenk\u00e4teline tasoilla, s\u00e4ilytysteline, ter\u00e4sputket, kuitukangas, jopa parille kenki\u00e4, tilaa s\u00e4\u00e4st\u00e4v\u00e4, eteiseen, vaatehuoneeseen, autotalliin<br \/>\nV\u00e4ri: musta<br \/>\nMateriaali: ter\u00e4s, kuitukangas, PP-muovi<br \/>\nKoko: 29,5 x 129 x 157,6 cm (S x L x K)<br \/>\nPaino: 4,3 kg<br \/>\nMaks. staattinen kantavuus per lokero: 5 kg<br \/>\nMaks. kokonaiskuormitus tasaisella painonjaolla: 120 kg<\/p>\n","protected":false},"excerpt":{"rendered":"<p>SONGMICS s\u00e4\u00e4dett\u00e4v\u00e4 kenk\u00e4teline, kenk\u00e4teline tasoilla, s\u00e4ilytysteline, ter\u00e4sputket, kuitukangas, jopa parille kenki\u00e4, tilaa s\u00e4\u00e4st\u00e4v\u00e4, eteiseen, vaatehuoneeseen, autotalliin<\/p>\n","protected":false},"featured_media":43340,"comment_status":"open","ping_status":"closed","template":"","meta":[],"product_brand":[],"product_cat":[32],"product_tag":[],"class_list":{"0":"post-34675","1":"product","2":"type-product","3":"status-publish","4":"has-post-thumbnail","6":"product_cat-uncategorized-fi","8":"first","9":"instock","10":"shipping-taxable","11":"purchasable","12":"product-type-simple"},"_links":{"self":[{"href":"https:\/\/nordicmart.andreevmaster.com\/fi\/wp-json\/wp\/v2\/product\/34675","targetHints":{"allow":["GET"]}}],"collection":[{"href":"https:\/\/nordicmart.andreevmaster.com\/fi\/wp-json\/wp\/v2\/product"}],"about":[{"href":"https:\/\/nordicmart.andreevmaster.com\/fi\/wp-json\/wp\/v2\/types\/product"}],"replies":[{"embeddable":true,"href":"https:\/\/nordicmart.andreevmaster.com\/fi\/wp-json\/wp\/v2\/comments?post=34675"}],"wp:featuredmedia":[{"embeddable":true,"href":"https:\/\/nordicmart.andreevmaster.com\/fi\/wp-json\/wp\/v2\/media\/43340"}],"wp:attachment":[{"href":"https:\/\/nordicmart.andreevmaster.com\/fi\/wp-json\/wp\/v2\/media?parent=34675"}],"wp:term":[{"taxonomy":"product_brand","embeddable":true,"href":"https:\/\/nordicmart.andreevmaster.com\/fi\/wp-json\/wp\/v2\/product_brand?post=34675"},{"taxonomy":"product_cat","embeddable":true,"href":"https:\/\/nordicmart.andreevmaster.com\/fi\/wp-json\/wp\/v2\/product_cat?post=34675"},{"taxonomy":"product_tag","embeddable":true,"href":"https:\/\/nordicmart.andreevmaster.com\/fi\/wp-json\/wp\/v2\/product_tag?post=34675"}],"curies":[{"name":"wp","href":"https:\/\/api.w.org\/{rel}","templated":true}]}}