{"id":34673,"date":"2026-02-27T00:26:41","date_gmt":"2026-02-27T00:26:41","guid":{"rendered":"https:\/\/nordicmart.andreevmaster.com\/product\/songmics-3-tasoinen-kenkahylly\/"},"modified":"2026-02-27T09:46:01","modified_gmt":"2026-02-27T09:46:01","slug":"songmics-3-tasoinen-kenkahylly","status":"publish","type":"product","link":"https:\/\/nordicmart.andreevmaster.com\/fi\/tuote\/songmics-3-tasoinen-kenkahylly\/","title":{"rendered":"SONGMICS 3-tasoinen kenk\u00e4hylly"},"content":{"rendered":"<p>SONGMICS kenk\u00e4hylly, 3 tasoa, metallinen kenk\u00e4teline, seisomahylly, helppo asentaa, tilaa s\u00e4\u00e4st\u00e4v\u00e4, 12\u201315 parille kenki\u00e4, pinottava, eteiseen, olohuoneeseen, musta LSA303B02<br \/>\nV\u00e4ri: harmaa<br \/>\nMateriaali: Metalliputket, muoviliittimet<br \/>\nKoko: 30 x 92 x 55 cm (S x L x K)<br \/>\nPaino: 1,3 kg<br \/>\nMaks. staattinen kantavuus tasoa kohti: 10 kg<br \/>\nMaks. staattinen kokonaiskuormitus: 30 kg<\/p>\n","protected":false},"excerpt":{"rendered":"<p>SONGMICS kenk\u00e4hylly, 3 tasoa, metallinen kenk\u00e4teline, seisomahylly, helppo asentaa, tilaa s\u00e4\u00e4st\u00e4v\u00e4, 12\u201315 parille kenki\u00e4, pinottava, eteiseen, olohuoneeseen, musta LSA303B02<\/p>\n","protected":false},"featured_media":43338,"comment_status":"open","ping_status":"closed","template":"","meta":[],"product_brand":[],"product_cat":[32],"product_tag":[],"class_list":{"0":"post-34673","1":"product","2":"type-product","3":"status-publish","4":"has-post-thumbnail","6":"product_cat-uncategorized-fi","8":"first","9":"instock","10":"shipping-taxable","11":"purchasable","12":"product-type-simple"},"_links":{"self":[{"href":"https:\/\/nordicmart.andreevmaster.com\/fi\/wp-json\/wp\/v2\/product\/34673","targetHints":{"allow":["GET"]}}],"collection":[{"href":"https:\/\/nordicmart.andreevmaster.com\/fi\/wp-json\/wp\/v2\/product"}],"about":[{"href":"https:\/\/nordicmart.andreevmaster.com\/fi\/wp-json\/wp\/v2\/types\/product"}],"replies":[{"embeddable":true,"href":"https:\/\/nordicmart.andreevmaster.com\/fi\/wp-json\/wp\/v2\/comments?post=34673"}],"wp:featuredmedia":[{"embeddable":true,"href":"https:\/\/nordicmart.andreevmaster.com\/fi\/wp-json\/wp\/v2\/media\/43338"}],"wp:attachment":[{"href":"https:\/\/nordicmart.andreevmaster.com\/fi\/wp-json\/wp\/v2\/media?parent=34673"}],"wp:term":[{"taxonomy":"product_brand","embeddable":true,"href":"https:\/\/nordicmart.andreevmaster.com\/fi\/wp-json\/wp\/v2\/product_brand?post=34673"},{"taxonomy":"product_cat","embeddable":true,"href":"https:\/\/nordicmart.andreevmaster.com\/fi\/wp-json\/wp\/v2\/product_cat?post=34673"},{"taxonomy":"product_tag","embeddable":true,"href":"https:\/\/nordicmart.andreevmaster.com\/fi\/wp-json\/wp\/v2\/product_tag?post=34673"}],"curies":[{"name":"wp","href":"https:\/\/api.w.org\/{rel}","templated":true}]}}