{"id":34671,"date":"2026-02-27T00:26:41","date_gmt":"2026-02-27T00:26:41","guid":{"rendered":"https:\/\/nordicmart.andreevmaster.com\/product\/songmics-kenkahylly-10-hyllya\/"},"modified":"2026-02-27T09:46:01","modified_gmt":"2026-02-27T09:46:01","slug":"songmics-kenkahylly-10-hyllya","status":"publish","type":"product","link":"https:\/\/nordicmart.andreevmaster.com\/fi\/tuote\/songmics-kenkahylly-10-hyllya\/","title":{"rendered":"SONGMICS kenk\u00e4hylly, 10 hylly\u00e4"},"content":{"rendered":"<p>J\u00e4rjestys tekee onnelliseksi! Oletko joka p\u00e4iv\u00e4 kotiin tullessasi tyrmistynyt eteisen kenk\u00e4kaaoksesta? Kuka voi olla hyv\u00e4ll\u00e4 tuulella? T\u00e4m\u00e4 SONGMICS-keng\u00e4hylly 10 hyllyll\u00e4 auttaa sinua poistamaan kaaoksen ja l\u00f6yt\u00e4m\u00e4\u00e4n sis\u00e4isen rauhasi. Valmistettu vahvistetuista rautaputkista ja korkealaatuisista muoviliittimist\u00e4, t\u00e4m\u00e4 hylly antaa kengillesi tukevan pidon (jokainen hylly kest\u00e4\u00e4 5 kg:n painon). Lis\u00e4ksi se vakuuttaa \u00e4lykk\u00e4\u00e4ll\u00e4 DIY-muotoilullaan ja helpolla kokoonpanollaan.<\/p>\n<p>Kuka hallitsee kaaoksen, hallitsee el\u00e4m\u00e4ns\u00e4! Hemmottele itse\u00e4si t\u00e4ll\u00e4 tilaa s\u00e4\u00e4st\u00e4v\u00e4ll\u00e4 10 hyllyll\u00e4 varustetulla hyllyll\u00e4 ja pid\u00e4 kenk\u00e4kaos kurissa.<br \/>\nTuotetiedot:<br \/>\nV\u00e4ri: musta<br \/>\nMateriaali: rautaputket, muoviset liitoskappaleet<br \/>\nKoko: 45 x 30 x 174 cm (P x L x K)<br \/>\nPaino: 3,1 kg<br \/>\nMaks. staattinen kantavuus tasoa kohti: 5 kg<br \/>\nMaks. staattinen kokonaiskuormitus: 50 kg<\/p>\n<p>Toimitus sis\u00e4lt\u00e4\u00e4<br \/>\n1 x kenk\u00e4hylly 10 hyllyll\u00e4<br \/>\n1 x ohjeet (DE, EN, FR, ES, IT)<\/p>\n<p>SONGMICS-huomautukset:<br \/>\nTurvallisuussyist\u00e4 lapset eiv\u00e4t saa kiivet\u00e4 tuotteelle tai leikki\u00e4 sill\u00e4.<\/p>\n","protected":false},"excerpt":{"rendered":"<p>SONGMICS kenk\u00e4hylly, 10 hylly\u00e4, suuri rautainen kenk\u00e4teline, DIY, lattialla seisova hylly, tilaa s\u00e4\u00e4st\u00e4v\u00e4, monik\u00e4ytt\u00f6inen, olohuone, makuuhuone, keitti\u00f6, 45 x 30 x 174 cm, musta LSA25BK<\/p>\n","protected":false},"featured_media":0,"comment_status":"open","ping_status":"closed","template":"","meta":[],"product_brand":[],"product_cat":[32],"product_tag":[],"class_list":{"0":"post-34671","1":"product","2":"type-product","3":"status-publish","5":"product_cat-uncategorized-fi","7":"first","8":"instock","9":"shipping-taxable","10":"purchasable","11":"product-type-simple"},"_links":{"self":[{"href":"https:\/\/nordicmart.andreevmaster.com\/fi\/wp-json\/wp\/v2\/product\/34671","targetHints":{"allow":["GET"]}}],"collection":[{"href":"https:\/\/nordicmart.andreevmaster.com\/fi\/wp-json\/wp\/v2\/product"}],"about":[{"href":"https:\/\/nordicmart.andreevmaster.com\/fi\/wp-json\/wp\/v2\/types\/product"}],"replies":[{"embeddable":true,"href":"https:\/\/nordicmart.andreevmaster.com\/fi\/wp-json\/wp\/v2\/comments?post=34671"}],"wp:attachment":[{"href":"https:\/\/nordicmart.andreevmaster.com\/fi\/wp-json\/wp\/v2\/media?parent=34671"}],"wp:term":[{"taxonomy":"product_brand","embeddable":true,"href":"https:\/\/nordicmart.andreevmaster.com\/fi\/wp-json\/wp\/v2\/product_brand?post=34671"},{"taxonomy":"product_cat","embeddable":true,"href":"https:\/\/nordicmart.andreevmaster.com\/fi\/wp-json\/wp\/v2\/product_cat?post=34671"},{"taxonomy":"product_tag","embeddable":true,"href":"https:\/\/nordicmart.andreevmaster.com\/fi\/wp-json\/wp\/v2\/product_tag?post=34671"}],"curies":[{"name":"wp","href":"https:\/\/api.w.org\/{rel}","templated":true}]}}