{"id":34667,"date":"2026-02-27T00:26:40","date_gmt":"2026-02-27T00:26:40","guid":{"rendered":"https:\/\/nordicmart.andreevmaster.com\/product\/songmics-kenkahylly-6-metallista-ritilahyllya\/"},"modified":"2026-02-27T09:46:00","modified_gmt":"2026-02-27T09:46:00","slug":"songmics-kenkahylly-6-metallista-ritilahyllya","status":"publish","type":"product","link":"https:\/\/nordicmart.andreevmaster.com\/fi\/tuote\/songmics-kenkahylly-6-metallista-ritilahyllya\/","title":{"rendered":"SONGMICS kenk\u00e4hylly 6 metallista ritil\u00e4hylly\u00e4"},"content":{"rendered":"<p>Jos sinulla on vain pieni budjetti sopivan kenk\u00e4kaapin hankkimiseen, t\u00e4m\u00e4 yksinkertainen mutta toimiva kenk\u00e4hylly on sinulle kuin luotu. 6 hylly\u00e4 riitt\u00e4\u00e4 mainiosti kenkien s\u00e4ilytykseen, ja \u00e4l\u00e4 unohda, ett\u00e4 voit my\u00f6s k\u00e4\u00e4nt\u00e4\u00e4 hyllyn yl\u00f6salaisin saadaksesi lis\u00e4\u00e4 s\u00e4ilytystilaa. Haluatko s\u00e4ilytt\u00e4\u00e4 saappaita? Ei h\u00e4t\u00e4\u00e4! T\u00e4m\u00e4 kenk\u00e4organisaattori on helppo koota ja s\u00e4\u00e4t\u00e4\u00e4. Asennuksen yhteydess\u00e4 voit j\u00e4tt\u00e4\u00e4 yhden tai kaksi hylly\u00e4 pois, jotta saat tilaa uusille saappaille! Laajennettavissa? Kyll\u00e4! Olemme ottaneet my\u00f6s t\u00e4ss\u00e4 tuotteessa huomioon, ett\u00e4 kenk\u00e4kokoelmasi kasvaa jatkuvasti. Pinoa vain kaksi kenk\u00e4hylly\u00e4 p\u00e4\u00e4llekk\u00e4in, niin saat suuren 12-tasoisen kenk\u00e4hyllyn. Mihin t\u00e4m\u00e4 kenk\u00e4organisaattori kannattaa sijoittaa?Eteisess\u00e4 \u2013 lis\u00e4\u00e4 mukavuutta Olohuoneessa \u2013 lis\u00e4\u00e4 j\u00e4rjestyst\u00e4 Pukeutumishuoneessa \u2013 lis\u00e4\u00e4 s\u00e4ilytystilaa Tuotetiedot: &#8211; V\u00e4ri: harmaa &#8211; Materiaali: metalliputki, muoviliitin &#8211; Mitat: 92 x 30 x 113 cm (P x L x K) &#8211; Hyllyjen v\u00e4linen et\u00e4isyys: 20 cm &#8211; Paino: 2,4 kg &#8211; Hyllyn enimm\u00e4iskuormitus: 4 kg &#8211; Hyllyn enimm\u00e4iskuormitus: 24 kg &#8211; Toimitus sis\u00e4lt\u00e4\u00e4: &#8211; 1 x kenk\u00e4hylly &#8211; 1 x ohjeet (DE, EN, FR, ES, IT) kuormituskyky hylly\u00e4 kohti: 4 kg &#8211; Koko hyllyn maks. kuormituskyky: 24 kg Toimitus sis\u00e4lt\u00e4\u00e4: &#8211; 1 x kenk\u00e4hylly &#8211; 1 x ohjeet (DE, EN, FR, ES, IT) SONGMICS-ohjeet: &#8211; \u00c4l\u00e4 k\u00e4yt\u00e4 tuotetta ulkona. &#8211; Tekstiss\u00e4 mainittu maks. kuormituskyky viittaa staattiseen maksimipainoon.<\/p>\n","protected":false},"excerpt":{"rendered":"<p>SONGMICS 6-tasoinen kenk\u00e4teline, metallinen kenk\u00e4s\u00e4ilytys, jopa 30 parille kenki\u00e4, kenk\u00e4j\u00e4rjestelij\u00e4 olohuoneeseen, eteiseen ja pukuhuoneeseen, 92 x 30 x 113 cm, musta LSA16BK<\/p>\n","protected":false},"featured_media":43333,"comment_status":"open","ping_status":"closed","template":"","meta":[],"product_brand":[],"product_cat":[32],"product_tag":[],"class_list":{"0":"post-34667","1":"product","2":"type-product","3":"status-publish","4":"has-post-thumbnail","6":"product_cat-uncategorized-fi","8":"first","9":"instock","10":"shipping-taxable","11":"purchasable","12":"product-type-simple"},"_links":{"self":[{"href":"https:\/\/nordicmart.andreevmaster.com\/fi\/wp-json\/wp\/v2\/product\/34667","targetHints":{"allow":["GET"]}}],"collection":[{"href":"https:\/\/nordicmart.andreevmaster.com\/fi\/wp-json\/wp\/v2\/product"}],"about":[{"href":"https:\/\/nordicmart.andreevmaster.com\/fi\/wp-json\/wp\/v2\/types\/product"}],"replies":[{"embeddable":true,"href":"https:\/\/nordicmart.andreevmaster.com\/fi\/wp-json\/wp\/v2\/comments?post=34667"}],"wp:featuredmedia":[{"embeddable":true,"href":"https:\/\/nordicmart.andreevmaster.com\/fi\/wp-json\/wp\/v2\/media\/43333"}],"wp:attachment":[{"href":"https:\/\/nordicmart.andreevmaster.com\/fi\/wp-json\/wp\/v2\/media?parent=34667"}],"wp:term":[{"taxonomy":"product_brand","embeddable":true,"href":"https:\/\/nordicmart.andreevmaster.com\/fi\/wp-json\/wp\/v2\/product_brand?post=34667"},{"taxonomy":"product_cat","embeddable":true,"href":"https:\/\/nordicmart.andreevmaster.com\/fi\/wp-json\/wp\/v2\/product_cat?post=34667"},{"taxonomy":"product_tag","embeddable":true,"href":"https:\/\/nordicmart.andreevmaster.com\/fi\/wp-json\/wp\/v2\/product_tag?post=34667"}],"curies":[{"name":"wp","href":"https:\/\/api.w.org\/{rel}","templated":true}]}}