{"id":34666,"date":"2026-02-27T00:26:40","date_gmt":"2026-02-27T00:26:40","guid":{"rendered":"https:\/\/nordicmart.andreevmaster.com\/product\/songmics-metallinen-kenkahylly-6-hyllya\/"},"modified":"2026-02-27T09:46:00","modified_gmt":"2026-02-27T09:46:00","slug":"songmics-metallinen-kenkahylly-6-hyllya","status":"publish","type":"product","link":"https:\/\/nordicmart.andreevmaster.com\/fi\/tuote\/songmics-metallinen-kenkahylly-6-hyllya\/","title":{"rendered":"SONGMICS metallinen kenk\u00e4hylly, 6 hylly\u00e4"},"content":{"rendered":"<p>Tuotetiedot: V\u00e4ri: musta Materiaali: metalliputki, muoviliitin Mitat: 92 x 30 x 113 cm (P x L x K)Hyllyjen v\u00e4linen et\u00e4isyys: 20 cmPaino: 2,4 kgHyllyn enimm\u00e4iskuormitus: 4 kgHyllyn enimm\u00e4iskuormitus: 24 kgToimitus sis\u00e4lt\u00e4\u00e4:1 x kenk\u00e4hylly1 x ohjeet (DE, EN, FR, ES, IT)SONGMICS-huomautukset:\u00c4l\u00e4 k\u00e4yt\u00e4 tuotetta ulkona. Tekstiss\u00e4 mainittu maks. kantavuus viittaa staattiseen maksimipainoon.<\/p>\n","protected":false},"excerpt":{"rendered":"<p>SONGMICS 6-tasoinen kenk\u00e4teline, metallinen kenk\u00e4s\u00e4ilytys, jopa 30 parille kenki\u00e4, kenk\u00e4j\u00e4rjestelij\u00e4 olohuoneeseen, eteiseen ja pukuhuoneeseen, 92 x 30 x 113 cm, musta LSA16BK<\/p>\n","protected":false},"featured_media":43332,"comment_status":"open","ping_status":"closed","template":"","meta":[],"product_brand":[],"product_cat":[32],"product_tag":[],"class_list":{"0":"post-34666","1":"product","2":"type-product","3":"status-publish","4":"has-post-thumbnail","6":"product_cat-uncategorized-fi","8":"first","9":"instock","10":"shipping-taxable","11":"purchasable","12":"product-type-simple"},"_links":{"self":[{"href":"https:\/\/nordicmart.andreevmaster.com\/fi\/wp-json\/wp\/v2\/product\/34666","targetHints":{"allow":["GET"]}}],"collection":[{"href":"https:\/\/nordicmart.andreevmaster.com\/fi\/wp-json\/wp\/v2\/product"}],"about":[{"href":"https:\/\/nordicmart.andreevmaster.com\/fi\/wp-json\/wp\/v2\/types\/product"}],"replies":[{"embeddable":true,"href":"https:\/\/nordicmart.andreevmaster.com\/fi\/wp-json\/wp\/v2\/comments?post=34666"}],"wp:featuredmedia":[{"embeddable":true,"href":"https:\/\/nordicmart.andreevmaster.com\/fi\/wp-json\/wp\/v2\/media\/43332"}],"wp:attachment":[{"href":"https:\/\/nordicmart.andreevmaster.com\/fi\/wp-json\/wp\/v2\/media?parent=34666"}],"wp:term":[{"taxonomy":"product_brand","embeddable":true,"href":"https:\/\/nordicmart.andreevmaster.com\/fi\/wp-json\/wp\/v2\/product_brand?post=34666"},{"taxonomy":"product_cat","embeddable":true,"href":"https:\/\/nordicmart.andreevmaster.com\/fi\/wp-json\/wp\/v2\/product_cat?post=34666"},{"taxonomy":"product_tag","embeddable":true,"href":"https:\/\/nordicmart.andreevmaster.com\/fi\/wp-json\/wp\/v2\/product_tag?post=34666"}],"curies":[{"name":"wp","href":"https:\/\/api.w.org\/{rel}","templated":true}]}}