{"id":34664,"date":"2026-02-27T00:26:39","date_gmt":"2026-02-27T00:26:39","guid":{"rendered":"https:\/\/nordicmart.andreevmaster.com\/product\/songmics-metallinen-kenkahylly-5-hyllya\/"},"modified":"2026-02-27T09:45:59","modified_gmt":"2026-02-27T09:45:59","slug":"songmics-metallinen-kenkahylly-5-hyllya","status":"publish","type":"product","link":"https:\/\/nordicmart.andreevmaster.com\/fi\/tuote\/songmics-metallinen-kenkahylly-5-hyllya\/","title":{"rendered":"SONGMICS metallinen kenk\u00e4hylly, 5 hylly\u00e4"},"content":{"rendered":"<p>Jos sinulla on vain pieni budjetti sopivan kenk\u00e4kaapin hankkimiseen, t\u00e4m\u00e4 yksinkertainen mutta toimiva kenk\u00e4hylly on sinulle kuin luotu. 5 hylly\u00e4 riitt\u00e4\u00e4 mainiosti kenkien s\u00e4ilytykseen, ja \u00e4l\u00e4 unohda, ett\u00e4 voit my\u00f6s k\u00e4\u00e4nt\u00e4\u00e4 hyllyn yl\u00f6salaisin saadaksesi lis\u00e4\u00e4 s\u00e4ilytystilaa. Haluatko s\u00e4ilytt\u00e4\u00e4 saappaasi? Ei h\u00e4t\u00e4\u00e4! T\u00e4m\u00e4 kenk\u00e4hylly on helppo koota ja s\u00e4\u00e4t\u00e4\u00e4. Asennuksen yhteydess\u00e4 voit j\u00e4tt\u00e4\u00e4 yhden tai kaksi hylly\u00e4 pois, jotta saat tilaa uusille saappaille! Laajennettavissa? Ei h\u00e4t\u00e4\u00e4! Olemme ottaneet my\u00f6s t\u00e4ss\u00e4 tuotteessa huomioon, ett\u00e4 kenk\u00e4kokoelmasi kasvaa jatkuvasti. Pinoa vain kaksi kenk\u00e4hylly\u00e4 p\u00e4\u00e4llekk\u00e4in, niin saat suuren 10-tasoisen kenk\u00e4hyllyn. Tuotetiedot: V\u00e4ri: musta Materiaali: metalliputki, muovinen liitoskappale Mitat: 92 x 30 x 93 cm (P x L x K) Hyllyjen v\u00e4linen et\u00e4isyys: 20 cm Paino: 2 kg Hyllyn enimm\u00e4iskuormitus: 4 kg Hyllyn enimm\u00e4iskuormitus: 20 kg Toimitus sis\u00e4lt\u00e4\u00e4: 1 x kenk\u00e4hylly 1 x ohjeet (DE, EN, FR, ES, IT)SONGMICS Huomautukset:\u00c4l\u00e4 k\u00e4yt\u00e4 tuotetta ulkona.Tekstiss\u00e4 mainittu maks. kantavuus viittaa staattiseen maksimipainoon.<\/p>\n","protected":false},"excerpt":{"rendered":"<p>SONGMICS 5-tasoinen kenk\u00e4hylly, metallinen kenk\u00e4varasto, jopa 25 parille kenki\u00e4, kenk\u00e4organisaattori olohuoneeseen, eteiseen ja pukuhuoneeseen, 92 x 30 x 93 cm, musta LSA15BK<\/p>\n","protected":false},"featured_media":43330,"comment_status":"open","ping_status":"closed","template":"","meta":[],"product_brand":[],"product_cat":[32],"product_tag":[],"class_list":{"0":"post-34664","1":"product","2":"type-product","3":"status-publish","4":"has-post-thumbnail","6":"product_cat-uncategorized-fi","8":"first","9":"instock","10":"shipping-taxable","11":"purchasable","12":"product-type-simple"},"_links":{"self":[{"href":"https:\/\/nordicmart.andreevmaster.com\/fi\/wp-json\/wp\/v2\/product\/34664","targetHints":{"allow":["GET"]}}],"collection":[{"href":"https:\/\/nordicmart.andreevmaster.com\/fi\/wp-json\/wp\/v2\/product"}],"about":[{"href":"https:\/\/nordicmart.andreevmaster.com\/fi\/wp-json\/wp\/v2\/types\/product"}],"replies":[{"embeddable":true,"href":"https:\/\/nordicmart.andreevmaster.com\/fi\/wp-json\/wp\/v2\/comments?post=34664"}],"wp:featuredmedia":[{"embeddable":true,"href":"https:\/\/nordicmart.andreevmaster.com\/fi\/wp-json\/wp\/v2\/media\/43330"}],"wp:attachment":[{"href":"https:\/\/nordicmart.andreevmaster.com\/fi\/wp-json\/wp\/v2\/media?parent=34664"}],"wp:term":[{"taxonomy":"product_brand","embeddable":true,"href":"https:\/\/nordicmart.andreevmaster.com\/fi\/wp-json\/wp\/v2\/product_brand?post=34664"},{"taxonomy":"product_cat","embeddable":true,"href":"https:\/\/nordicmart.andreevmaster.com\/fi\/wp-json\/wp\/v2\/product_cat?post=34664"},{"taxonomy":"product_tag","embeddable":true,"href":"https:\/\/nordicmart.andreevmaster.com\/fi\/wp-json\/wp\/v2\/product_tag?post=34664"}],"curies":[{"name":"wp","href":"https:\/\/api.w.org\/{rel}","templated":true}]}}