{"id":34663,"date":"2026-02-27T00:26:39","date_gmt":"2026-02-27T00:26:39","guid":{"rendered":"https:\/\/nordicmart.andreevmaster.com\/product\/songmics-metallinen-4-tasoinen-kenkahylly\/"},"modified":"2026-02-27T09:45:59","modified_gmt":"2026-02-27T09:45:59","slug":"songmics-metallinen-4-tasoinen-kenkahylly","status":"publish","type":"product","link":"https:\/\/nordicmart.andreevmaster.com\/fi\/tuote\/songmics-metallinen-4-tasoinen-kenkahylly\/","title":{"rendered":"SONGMICS metallinen 4-tasoinen kenk\u00e4hylly"},"content":{"rendered":"<p>Onko sinulla kenk\u00e4armeija? Sitten t\u00e4m\u00e4 tilaa s\u00e4\u00e4st\u00e4v\u00e4 mutta tilava kenk\u00e4teline on ihanteellinen ratkaisu sinulle. Se on my\u00f6s laajennettavissa. Oletko skeptinen siit\u00e4, onko ter\u00e4sputken ja muoviosien yhdistelm\u00e4 tarpeeksi kest\u00e4v\u00e4? Vankka rakenne poistaa t\u00e4m\u00e4n huolen. Lis\u00e4ksi kokoaminen on lasten leikki\u00e4. Ilman ty\u00f6kaluja voit koota k\u00e4yt\u00e4nn\u00f6llisen kenk\u00e4telineen nopeasti kuvallisten ohjeiden avulla. T\u00e4m\u00e4n yksinkertaisen s\u00e4ilytysratkaisun avulla saat varmasti j\u00e4rjestyst\u00e4 kenk\u00e4armeijaasi! Miksi sinun pit\u00e4isi valita Songmics-keng\u00e4teline? Songmics on aina asiakasl\u00e4ht\u00f6inen ja sitoutunut tarjoamaan korkealaatuisia tuotteita, joilla on hyv\u00e4 hinta-laatusuhde. Meill\u00e4 on erinomainen asiakaspalvelu, ja teemme kaikkemme ratkaistaksemme ongelmasi. Tuotetiedot:  Materiaali: ter\u00e4sputki + muovi (PP) Mitat: 92 x 30 x 74 cm Pakkauksen mitat: 94 x 17 x 8 cm Paino: 2 kg Toimitus sis\u00e4lt\u00e4\u00e4:  1x kenk\u00e4teline 1x ohjeet (saksa, englanti, ranska, italia, espanja)<\/p>\n","protected":false},"excerpt":{"rendered":"<p>SONGMICS kenk\u00e4hylly kenk\u00e4teline, 4 hylly\u00e4, mahtuu jopa 20 kenk\u00e4\u00e4, harmaa 92 x 74 x 30 cm (L x K x S) LSA14G, metalli, 92 x 30 x 74 cm<\/p>\n","protected":false},"featured_media":43329,"comment_status":"open","ping_status":"closed","template":"","meta":[],"product_brand":[],"product_cat":[32],"product_tag":[],"class_list":{"0":"post-34663","1":"product","2":"type-product","3":"status-publish","4":"has-post-thumbnail","6":"product_cat-uncategorized-fi","8":"first","9":"instock","10":"shipping-taxable","11":"purchasable","12":"product-type-simple"},"_links":{"self":[{"href":"https:\/\/nordicmart.andreevmaster.com\/fi\/wp-json\/wp\/v2\/product\/34663","targetHints":{"allow":["GET"]}}],"collection":[{"href":"https:\/\/nordicmart.andreevmaster.com\/fi\/wp-json\/wp\/v2\/product"}],"about":[{"href":"https:\/\/nordicmart.andreevmaster.com\/fi\/wp-json\/wp\/v2\/types\/product"}],"replies":[{"embeddable":true,"href":"https:\/\/nordicmart.andreevmaster.com\/fi\/wp-json\/wp\/v2\/comments?post=34663"}],"wp:featuredmedia":[{"embeddable":true,"href":"https:\/\/nordicmart.andreevmaster.com\/fi\/wp-json\/wp\/v2\/media\/43329"}],"wp:attachment":[{"href":"https:\/\/nordicmart.andreevmaster.com\/fi\/wp-json\/wp\/v2\/media?parent=34663"}],"wp:term":[{"taxonomy":"product_brand","embeddable":true,"href":"https:\/\/nordicmart.andreevmaster.com\/fi\/wp-json\/wp\/v2\/product_brand?post=34663"},{"taxonomy":"product_cat","embeddable":true,"href":"https:\/\/nordicmart.andreevmaster.com\/fi\/wp-json\/wp\/v2\/product_cat?post=34663"},{"taxonomy":"product_tag","embeddable":true,"href":"https:\/\/nordicmart.andreevmaster.com\/fi\/wp-json\/wp\/v2\/product_tag?post=34663"}],"curies":[{"name":"wp","href":"https:\/\/api.w.org\/{rel}","templated":true}]}}