{"id":34662,"date":"2026-02-27T00:26:39","date_gmt":"2026-02-27T00:26:39","guid":{"rendered":"https:\/\/nordicmart.andreevmaster.com\/product\/kenkateline-4-tasoinen-kenkien-jarjestaja-metallinen-kenkien-sailytysteline-20-parille-kengille-helppo-asennus-eteinen-musta-lsa14bk-2\/"},"modified":"2026-02-27T09:45:59","modified_gmt":"2026-02-27T09:45:59","slug":"kenkateline-4-tasoinen-kenkien-jarjestaja-metallinen-kenkien-sailytysteline-20-parille-kengille-helppo-asennus-eteinen-musta-lsa14bk-2","status":"publish","type":"product","link":"https:\/\/nordicmart.andreevmaster.com\/fi\/tuote\/kenkateline-4-tasoinen-kenkien-jarjestaja-metallinen-kenkien-sailytysteline-20-parille-kengille-helppo-asennus-eteinen-musta-lsa14bk-2\/","title":{"rendered":"Kenk\u00e4teline, 4-tasoinen kenkien j\u00e4rjest\u00e4j\u00e4, metallinen kenkien s\u00e4ilytysteline 20 parille kengille, helppo asennus, eteinen, musta LSA14BK"},"content":{"rendered":"<p>[Pit\u00e4\u00e4 paljon] Pid\u00e4 keng\u00e4t j\u00e4rjestyksess\u00e4 ja helposti saatavilla t\u00e4ll\u00e4 11,8 &#8221;D x 36,2 &#8221;W x 29,1 &#8221;H kenk\u00e4telineell\u00e4. Se on riitt\u00e4v\u00e4n tilava, jotta siihen mahtuu jopa 16 paria miesten kenki\u00e4 tai 20 paria naisten kenki\u00e4.Vankka ja kest\u00e4v\u00e4: T\u00e4m\u00e4 paksuista metalliputkista valmistettu kenk\u00e4nj\u00e4rjest\u00e4j\u00e4, joka on yhdistetty laadukkailla muoviliittimill\u00e4, tukee jopa 22 kiloa tasoa kohti, mik\u00e4 antaa jalkineillesi luotettavan kodin.Helppo koota: Yksinkertainen rakenne, numeroidut osat ja kuvitetut ohjeet tekev\u00e4t t\u00e4st\u00e4 kenk\u00e4telineest\u00e4 helpon koota. Mik\u00e4 parasta, ty\u00f6kaluja ei tarvita! Helppo puhdistaa: Pehme\u00e4n pinnoitteen ansiosta t\u00e4m\u00e4 kenkien s\u00e4ilytysj\u00e4rjest\u00e4j\u00e4 on helppo puhdistaa pehme\u00e4ll\u00e4, kostealla liinalla, mik\u00e4 s\u00e4\u00e4st\u00e4\u00e4 aikaa ja energiaa.MONIPUOLINEN MIHIN TAHANSA HUONEESEEN: T\u00e4m\u00e4 metallinen kenk\u00e4teline on yksinkertaisen muotoilun ja kompaktin siluetin ansiosta t\u00e4ydellinen vaatekaappiin, eteiseen, makuuhuoneeseen tai olohuoneeseen<\/p>\n<p>Tekniset tiedot: &#8211; V\u00e4ri: Musta- Materiaali: metalliputki, muoviliitin- Tuotteen koko: 30*92*74cm\/11.8*36.2*29.1inch- Tuotteen paino: 3.5 lb (1.6 kg)- Max. Kunkin tason staattinen kuormitettavuus: 22 lb (10 kg) Pakkauksen sis\u00e4lt\u00f6: &#8211; 1 4-tasoinen kenk\u00e4teline. &#8211; 1 kallistumisenestosarja. &#8211; 1 k\u00e4ytt\u00f6ohje (englannin kieli ei taattu).<\/p>\n","protected":false},"excerpt":{"rendered":"<p>[Pit\u00e4\u00e4 paljon] Pid\u00e4 keng\u00e4t j\u00e4rjestyksess\u00e4 ja helposti saatavilla t\u00e4ll\u00e4 11,8 &#8221;D x 36,2 &#8221;W x 29,1 &#8221;H kenk\u00e4telineell\u00e4. Se on riitt\u00e4v\u00e4n tilava, jotta siihen mahtuu jopa 16 paria miesten kenki\u00e4 tai 20 paria naisten kenki\u00e4.Vankka ja kest\u00e4v\u00e4: T\u00e4m\u00e4 paksuista metalliputkista valmistettu kenk\u00e4nj\u00e4rjest\u00e4j\u00e4, joka on yhdistetty laadukkailla muoviliittimill\u00e4, tukee jopa 22 kiloa tasoa kohti, mik\u00e4 antaa [&hellip;]<\/p>\n","protected":false},"featured_media":0,"comment_status":"open","ping_status":"closed","template":"","meta":[],"product_brand":[],"product_cat":[32],"product_tag":[],"class_list":{"0":"post-34662","1":"product","2":"type-product","3":"status-publish","5":"product_cat-uncategorized-fi","7":"first","8":"instock","9":"shipping-taxable","10":"product-type-simple"},"_links":{"self":[{"href":"https:\/\/nordicmart.andreevmaster.com\/fi\/wp-json\/wp\/v2\/product\/34662","targetHints":{"allow":["GET"]}}],"collection":[{"href":"https:\/\/nordicmart.andreevmaster.com\/fi\/wp-json\/wp\/v2\/product"}],"about":[{"href":"https:\/\/nordicmart.andreevmaster.com\/fi\/wp-json\/wp\/v2\/types\/product"}],"replies":[{"embeddable":true,"href":"https:\/\/nordicmart.andreevmaster.com\/fi\/wp-json\/wp\/v2\/comments?post=34662"}],"wp:attachment":[{"href":"https:\/\/nordicmart.andreevmaster.com\/fi\/wp-json\/wp\/v2\/media?parent=34662"}],"wp:term":[{"taxonomy":"product_brand","embeddable":true,"href":"https:\/\/nordicmart.andreevmaster.com\/fi\/wp-json\/wp\/v2\/product_brand?post=34662"},{"taxonomy":"product_cat","embeddable":true,"href":"https:\/\/nordicmart.andreevmaster.com\/fi\/wp-json\/wp\/v2\/product_cat?post=34662"},{"taxonomy":"product_tag","embeddable":true,"href":"https:\/\/nordicmart.andreevmaster.com\/fi\/wp-json\/wp\/v2\/product_tag?post=34662"}],"curies":[{"name":"wp","href":"https:\/\/api.w.org\/{rel}","templated":true}]}}