{"id":34660,"date":"2026-02-27T00:26:38","date_gmt":"2026-02-27T00:26:38","guid":{"rendered":"https:\/\/nordicmart.andreevmaster.com\/product\/songmics-metallinen-kenkahylly-3-tasoa\/"},"modified":"2026-02-27T09:45:59","modified_gmt":"2026-02-27T09:45:59","slug":"songmics-metallinen-kenkahylly-3-tasoa","status":"publish","type":"product","link":"https:\/\/nordicmart.andreevmaster.com\/fi\/tuote\/songmics-metallinen-kenkahylly-3-tasoa\/","title":{"rendered":"SONGMICS metallinen kenk\u00e4hylly, 3 tasoa"},"content":{"rendered":"<p>Jos sinulla on vain pieni budjetti sopivan kenkien s\u00e4ilytyskalusteen hankkimiseen, t\u00e4m\u00e4 yksinkertainen mutta toimiva kenk\u00e4hylly on sinulle kuin luotu. Kolme hylly\u00e4 riitt\u00e4v\u00e4t mainiosti kenkien s\u00e4ilytykseen, ja \u00e4l\u00e4 unohda, ett\u00e4 voit my\u00f6s k\u00e4\u00e4nt\u00e4\u00e4 hyllyn yl\u00f6salaisin saadaksesi lis\u00e4\u00e4 s\u00e4ilytystilaa. Mihin t\u00e4m\u00e4 kenkien s\u00e4ilytysj\u00e4rjestelm\u00e4 kannattaa sijoittaa?Eteisess\u00e4 \u2013 lis\u00e4\u00e4 mukavuutta Olohuoneessa \u2013 lis\u00e4\u00e4 j\u00e4rjestyst\u00e4 Pukeutumishuoneessa \u2013 lis\u00e4\u00e4 s\u00e4ilytystilaa Tuotetiedot: &#8211; V\u00e4ri: harmaa &#8211; Materiaali: metalliputket, muoviliittimet &#8211; Mitat: 92 x 30 x 54 cm (P x L x K) &#8211; Hyllyjen v\u00e4linen et\u00e4isyys: 20 cm &#8211; Paino: 1,2 kg &#8211; Maks. kuormituskyky hylly\u00e4 kohti: 4 kg &#8211; Koko hyllyn maks. kuormituskyky: 12 kg Toimitussis\u00e4lt\u00f6: &#8211; 1 x kenk\u00e4hylly &#8211; 1 x ohjeet (DE, EN, FR, ES, IT) SONGMICS-huomautukset: &#8211; \u00c4l\u00e4 k\u00e4yt\u00e4 tuotetta ulkona.<\/p>\n","protected":false},"excerpt":{"rendered":"<p>SONGMICS 3-tasoinen kenk\u00e4teline, metallinen kenk\u00e4s\u00e4ilytys, jopa 15 parille kenki\u00e4, kenk\u00e4j\u00e4rjestelij\u00e4 olohuoneeseen, eteiseen ja pukuhuoneeseen, 92 x 30 x 54 cm, harmaa LSA13G<\/p>\n","protected":false},"featured_media":43327,"comment_status":"open","ping_status":"closed","template":"","meta":[],"product_brand":[],"product_cat":[32],"product_tag":[],"class_list":{"0":"post-34660","1":"product","2":"type-product","3":"status-publish","4":"has-post-thumbnail","6":"product_cat-uncategorized-fi","8":"first","9":"instock","10":"shipping-taxable","11":"purchasable","12":"product-type-simple"},"_links":{"self":[{"href":"https:\/\/nordicmart.andreevmaster.com\/fi\/wp-json\/wp\/v2\/product\/34660","targetHints":{"allow":["GET"]}}],"collection":[{"href":"https:\/\/nordicmart.andreevmaster.com\/fi\/wp-json\/wp\/v2\/product"}],"about":[{"href":"https:\/\/nordicmart.andreevmaster.com\/fi\/wp-json\/wp\/v2\/types\/product"}],"replies":[{"embeddable":true,"href":"https:\/\/nordicmart.andreevmaster.com\/fi\/wp-json\/wp\/v2\/comments?post=34660"}],"wp:featuredmedia":[{"embeddable":true,"href":"https:\/\/nordicmart.andreevmaster.com\/fi\/wp-json\/wp\/v2\/media\/43327"}],"wp:attachment":[{"href":"https:\/\/nordicmart.andreevmaster.com\/fi\/wp-json\/wp\/v2\/media?parent=34660"}],"wp:term":[{"taxonomy":"product_brand","embeddable":true,"href":"https:\/\/nordicmart.andreevmaster.com\/fi\/wp-json\/wp\/v2\/product_brand?post=34660"},{"taxonomy":"product_cat","embeddable":true,"href":"https:\/\/nordicmart.andreevmaster.com\/fi\/wp-json\/wp\/v2\/product_cat?post=34660"},{"taxonomy":"product_tag","embeddable":true,"href":"https:\/\/nordicmart.andreevmaster.com\/fi\/wp-json\/wp\/v2\/product_tag?post=34660"}],"curies":[{"name":"wp","href":"https:\/\/api.w.org\/{rel}","templated":true}]}}