{"id":34658,"date":"2026-02-27T00:26:38","date_gmt":"2026-02-27T00:26:38","guid":{"rendered":"https:\/\/nordicmart.andreevmaster.com\/product\/2-tasoinen-kenkateline-kenkien-sailytysjarjestaja-metallinen-sailytysteline-sopii-8-10-paria-kenkia-pinottava-kenkahylly-eteiseen-olohuoneeseen-makuuhuoneeseen-30-x-92-x-34-cm-musta-lsa12bk-2\/"},"modified":"2026-02-27T09:45:58","modified_gmt":"2026-02-27T09:45:58","slug":"2-tasoinen-kenkateline-kenkien-sailytysjarjestaja-metallinen-sailytysteline-sopii-8-10-paria-kenkia-pinottava-kenkahylly-eteiseen-olohuoneeseen-makuuhuoneeseen-30-x-92-x-34-cm-musta-lsa12bk-2","status":"publish","type":"product","link":"https:\/\/nordicmart.andreevmaster.com\/fi\/tuote\/2-tasoinen-kenkateline-kenkien-sailytysjarjestaja-metallinen-sailytysteline-sopii-8-10-paria-kenkia-pinottava-kenkahylly-eteiseen-olohuoneeseen-makuuhuoneeseen-30-x-92-x-34-cm-musta-lsa12bk-2\/","title":{"rendered":"2-tasoinen kenk\u00e4teline, kenkien s\u00e4ilytysj\u00e4rjest\u00e4j\u00e4, metallinen s\u00e4ilytysteline, sopii 8-10 paria kenki\u00e4, pinottava kenk\u00e4hylly, eteiseen, olohuoneeseen, makuuhuoneeseen, 30 x 92 x 34 cm, musta LSA12BK"},"content":{"rendered":"","protected":false},"excerpt":{"rendered":"","protected":false},"featured_media":0,"comment_status":"open","ping_status":"closed","template":"","meta":[],"product_brand":[],"product_cat":[32],"product_tag":[],"class_list":{"0":"post-34658","1":"product","2":"type-product","3":"status-publish","5":"product_cat-uncategorized-fi","7":"first","8":"instock","9":"shipping-taxable","10":"product-type-simple"},"_links":{"self":[{"href":"https:\/\/nordicmart.andreevmaster.com\/fi\/wp-json\/wp\/v2\/product\/34658","targetHints":{"allow":["GET"]}}],"collection":[{"href":"https:\/\/nordicmart.andreevmaster.com\/fi\/wp-json\/wp\/v2\/product"}],"about":[{"href":"https:\/\/nordicmart.andreevmaster.com\/fi\/wp-json\/wp\/v2\/types\/product"}],"replies":[{"embeddable":true,"href":"https:\/\/nordicmart.andreevmaster.com\/fi\/wp-json\/wp\/v2\/comments?post=34658"}],"wp:attachment":[{"href":"https:\/\/nordicmart.andreevmaster.com\/fi\/wp-json\/wp\/v2\/media?parent=34658"}],"wp:term":[{"taxonomy":"product_brand","embeddable":true,"href":"https:\/\/nordicmart.andreevmaster.com\/fi\/wp-json\/wp\/v2\/product_brand?post=34658"},{"taxonomy":"product_cat","embeddable":true,"href":"https:\/\/nordicmart.andreevmaster.com\/fi\/wp-json\/wp\/v2\/product_cat?post=34658"},{"taxonomy":"product_tag","embeddable":true,"href":"https:\/\/nordicmart.andreevmaster.com\/fi\/wp-json\/wp\/v2\/product_tag?post=34658"}],"curies":[{"name":"wp","href":"https:\/\/api.w.org\/{rel}","templated":true}]}}